{"id":1655,"date":"2021-08-23T10:12:11","date_gmt":"2021-08-23T08:12:11","guid":{"rendered":"https:\/\/www.parthages.be\/eboutique\/?post_type=product&#038;p=1655"},"modified":"2021-08-23T10:12:12","modified_gmt":"2021-08-23T08:12:12","slug":"la-presence-a-lautre","status":"publish","type":"product","link":"https:\/\/www.parthages.be\/eboutique\/produit\/la-presence-a-lautre\/","title":{"rendered":"La pr\u00e9sence \u00e0 l&rsquo;autre"},"content":{"rendered":"<p>L\u2019auteur vit depuis 56 ans dans une situation de totale d\u00e9pendance physique. Il expose ici une conception originale et profonde de l\u2019accompagnement des personnes en situation de d\u00e9pendance \u2013 fruit d\u2019ann\u00e9es d\u2019observations, de r\u00e9flexions et de concertations, au cours desquelles il fut tout \u00e0 la fois acteur, spectateur et cobaye.<br \/>\nLa technicit\u00e9 a longtemps prim\u00e9 sur l\u2019humanit\u00e9. La tendance en ce domaine s\u2019inverse nettement depuis la loi du 11 f\u00e9vrier 2005 dite loi \u00ab en faveur de l\u2019\u00e9galit\u00e9 des droits et des chances, la participation et la citoyennet\u00e9 des personnes handicap\u00e9es \u00bb.<br \/>\nCependant, dans les institutions particuli\u00e8rement, la loi du silence, la peur et le chantage perdurent. La \u00ab prise en charge \u00bb des personnes se r\u00e9alise encore souvent sur le mode d\u2019un conditionnement proche du syst\u00e8me carc\u00e9ral, et \u00abl\u2019accompagnement \u00bb n\u2019assure que le minimum vital.<br \/>\nUn tel syst\u00e8me continuera tant que les mentalit\u00e9s n\u2019auront pas \u00e9volu\u00e9.<br \/>\nVivant \u00e0 domicile et militant activement pour d\u00e9velopper ce mode de vie,\u00a0Marcel Nuss a con\u00e7u ce livre pour\u00a0ceux et celles qui exercent le m\u00e9tier d\u2019accompagnant\u00a0et pour les personnes accompagn\u00e9es. Mais c\u2019est \u00e0\u00a0chacun qu\u2019il adresse cette le\u00e7on d\u2019humanit\u00e9, ce qu\u2019il\u00a0nomme \u00ab la pr\u00e9sence \u00e0 l\u2019autre \u00bb. (Pr\u00e9sentation de l\u2019\u00e9diteur)<\/p>\n<p>NUSS M.<\/p>\n<p>Dunod<\/p>\n<p>2008-256p.-25\u20ac<\/p>\n<p>400gr<\/p>\n<p>ISBN\u00a0: 978-2-10-051701-5<\/p>\n<p>Cote doc\u00a0: 7-10-NUS-P<\/p>\n<span class=\"et_bloom_bottom_trigger\"><\/span>","protected":false},"excerpt":{"rendered":"<p>L\u2019auteur vit depuis 56 ans dans une situation de totale d\u00e9pendance physique. Il expose ici une conception originale et profonde de l\u2019accompagnement des personnes en situation de d\u00e9pendance \u2013 fruit d\u2019ann\u00e9es d\u2019observations, de r\u00e9flexions et de concertations, au cours desquelles il fut tout \u00e0 la fois acteur, spectateur et cobaye.<\/p>\n","protected":false},"featured_media":1656,"comment_status":"closed","ping_status":"closed","template":"","meta":{"_et_pb_use_builder":"","_et_pb_old_content":"","_et_gb_content_width":"","spay_email":""},"class_list":["post-1655","product","type-product","status-publish","has-post-thumbnail","hentry","product_cat-livres","product_tag-accompagnement","product_tag-autonomie","product_tag-citoyennete","product_tag-comportement","product_tag-dependance-physique","product_tag-ethique","product_tag-institution","product_tag-prise-en-charge","product_tag-sexualite","product_tag-temoignage"],"jetpack_sharing_enabled":true,"jetpack_likes_enabled":true,"_links":{"self":[{"href":"https:\/\/www.parthages.be\/eboutique\/wp-json\/wp\/v2\/product\/1655","targetHints":{"allow":["GET"]}}],"collection":[{"href":"https:\/\/www.parthages.be\/eboutique\/wp-json\/wp\/v2\/product"}],"about":[{"href":"https:\/\/www.parthages.be\/eboutique\/wp-json\/wp\/v2\/types\/product"}],"replies":[{"embeddable":true,"href":"https:\/\/www.parthages.be\/eboutique\/wp-json\/wp\/v2\/comments?post=1655"}],"wp:featuredmedia":[{"embeddable":true,"href":"https:\/\/www.parthages.be\/eboutique\/wp-json\/wp\/v2\/media\/1656"}],"wp:attachment":[{"href":"https:\/\/www.parthages.be\/eboutique\/wp-json\/wp\/v2\/media?parent=1655"}],"curies":[{"name":"wp","href":"https:\/\/api.w.org\/{rel}","templated":true}]}}