{"id":1663,"date":"2021-09-01T12:30:37","date_gmt":"2021-09-01T10:30:37","guid":{"rendered":"https:\/\/www.parthages.be\/eboutique\/?post_type=product&#038;p=1663"},"modified":"2022-03-23T17:20:08","modified_gmt":"2022-03-23T16:20:08","slug":"handicap-pour-une-revolution-du-regard","status":"publish","type":"product","link":"https:\/\/www.parthages.be\/eboutique\/produit\/handicap-pour-une-revolution-du-regard\/","title":{"rendered":"Handicap: pour une r\u00e9volution du regard"},"content":{"rendered":"<p>Beaucoup d\u2019hommes et de femmes atteints dans l\u2019int\u00e9grit\u00e9 de leurs aptitudes physiques et intellectuelles disent souffrir davantage du regard pos\u00e9 sur eux que de leurs propres limitations. En effet, regarder et voir ne sont pas seulement des perceptions, mais des actes en lesquels se joue notre appartenance \u00e0 la communaut\u00e9 humaine : \u00eatre regard\u00e9, c\u2019est \u00eatre humanis\u00e9 ou d\u00e9shumanis\u00e9, et regarder, c\u2019est \u00eatre humain ou inhumain. Or, l\u2019analyse du regard port\u00e9 sur les \u00ab personnes handicap\u00e9es \u00bb r\u00e9v\u00e8le des pr\u00e9suppos\u00e9s intellectuels et imaginaires qu\u2019elles \u00e9prouvent comme une discrimination, et qui rendent par ailleurs difficile l\u2019accueil d\u2019un enfant dont on sait, par le d\u00e9pistage pr\u00e9natal, qu\u2019il ne sera pas \u00ab normal \u00bb.<\/p>\n<p>Pourtant si cette analyse r\u00e9v\u00e8le des pr\u00e9jug\u00e9s qui ne sont gu\u00e8re \u00e0 l\u2019honneur des \u00ab valides \u00bb, elle nous indique aussi ce que pourrait \u00eatre un regard vraiment hospitalier. Elle nous invite donc \u00e0 une r\u00e9volution qui nous placerait tous \u00e0 la hauteur de notre humanit\u00e9. (Pr\u00e9sentation de l\u2019\u00e9diteur)<\/p>\n<p>MOYSE D.<\/p>\n<p>PUG<\/p>\n<p>2010-160p.-19.80\u20ac<\/p>\n<p>210gr<\/p>\n<p>ISBN\u00a0: 978-7061-1591-2<\/p>\n<p>Cote doc\u00a07-10-MOY-H<\/p>\n<span class=\"et_bloom_bottom_trigger\"><\/span>","protected":false},"excerpt":{"rendered":"<p>Beaucoup d\u2019hommes et de femmes atteints dans l\u2019int\u00e9grit\u00e9 de leurs aptitudes physiques et intellectuelles disent souffrir davantage du regard pos\u00e9 sur eux que de leurs propres limitations.<\/p>\n","protected":false},"featured_media":1664,"comment_status":"closed","ping_status":"closed","template":"","meta":{"_et_pb_use_builder":"","_et_pb_old_content":"","_et_gb_content_width":"","spay_email":""},"class_list":["post-1663","product","type-product","status-publish","has-post-thumbnail","hentry","product_cat-livres","product_tag-activite-familiale","product_tag-echographie","product_tag-enfant-handicape","product_tag-eugenisme","product_tag-image-de-soi","product_tag-image-du-corps","product_tag-personne-handicapee","product_tag-regard","product_tag-relation-famille-entourage","product_tag-relation-mere-enfant","product_tag-representation-du-handicap","product_tag-respect"],"jetpack_sharing_enabled":true,"jetpack_likes_enabled":true,"_links":{"self":[{"href":"https:\/\/www.parthages.be\/eboutique\/wp-json\/wp\/v2\/product\/1663","targetHints":{"allow":["GET"]}}],"collection":[{"href":"https:\/\/www.parthages.be\/eboutique\/wp-json\/wp\/v2\/product"}],"about":[{"href":"https:\/\/www.parthages.be\/eboutique\/wp-json\/wp\/v2\/types\/product"}],"replies":[{"embeddable":true,"href":"https:\/\/www.parthages.be\/eboutique\/wp-json\/wp\/v2\/comments?post=1663"}],"wp:featuredmedia":[{"embeddable":true,"href":"https:\/\/www.parthages.be\/eboutique\/wp-json\/wp\/v2\/media\/1664"}],"wp:attachment":[{"href":"https:\/\/www.parthages.be\/eboutique\/wp-json\/wp\/v2\/media?parent=1663"}],"curies":[{"name":"wp","href":"https:\/\/api.w.org\/{rel}","templated":true}]}}