{"id":168,"date":"2012-09-24T11:37:53","date_gmt":"2012-09-24T09:37:53","guid":{"rendered":"https:\/\/www.parthages.be\/wordpress\/produit\/la-bonne-gouvernance-dans-les-asbl\/"},"modified":"2021-08-09T10:36:58","modified_gmt":"2021-08-09T08:36:58","slug":"la-bonne-gouvernance-dans-les-asbl","status":"publish","type":"product","link":"https:\/\/www.parthages.be\/eboutique\/produit\/la-bonne-gouvernance-dans-les-asbl\/","title":{"rendered":"La bonne gouvernance dans les Asbl"},"content":{"rendered":"<p>Elle s&rsquo;adresse \u00e0 toute personne int\u00e9ress\u00e9e de pr\u00e8s ou de loin par la gestion et l&rsquo;administration des entreprises des secteurs non-marchands et de l&rsquo;\u00e9conomie sociale, que celles-ci aient adopt\u00e9 la forme d&rsquo;une ASBL, d&rsquo;une mutualit\u00e9, d&rsquo;une soci\u00e9t\u00e9 coop\u00e9rative, d&rsquo;une soci\u00e9t\u00e9 \u00e0 finalit\u00e9 sociale, d&rsquo;une association de fait\u2026<\/p>\n<p>Elle int\u00e9ressera \u00e9galement les professionnels qui, dans le cadre de leurs activit\u00e9s, sont en contact avec ces diff\u00e9rentes entreprises et sont amen\u00e9s \u00e0 les conseiller.<\/p>\n<p>Scientifique, la revue traite des probl\u00e8mes &#8211; plus sp\u00e9cifiquement juridiques &#8211; qui surgissent dans la gestion courante de ces entreprises, qu&rsquo;il s&rsquo;agisse du droit social, du droit comptable, du droit fiscal, sans n\u00e9gliger le cas \u00e9ch\u00e9ant les aspects \u00e9conomiques des questions juridiques en jeu. Les articles proposent, outre l&rsquo;analyse des situations, des outils et des techniques applicables au quotidien et susceptibles d&rsquo;offrir des solutions.<\/p>\n<p>Une synergie \u00e9troite est mise en place avec le bimensuel \u00ab\u00a0ASBL Actualit\u00e9s\u00a0\u00bb. Ce dernier offre des articles courts et d&rsquo;actualit\u00e9 imm\u00e9diate tandis que \u00ab\u00a0Les dossiers d&rsquo;ASBL Actualit\u00e9s\u00a0\u00bb proposent des \u00e9tudes plus approfondies et moins urgentes.<\/p>\n<p>DAVAGLE M.<\/p>\n<p>Edipro<\/p>\n<p>2011-352p.<\/p>\n<p>ISBN\u00a0: 978-2-87496-201-1<\/p>\n<p>Cote doc\u00a0: 8-10-DAV-B<\/p>\n<span class=\"et_bloom_bottom_trigger\"><\/span>","protected":false},"excerpt":{"rendered":"<p>Elle s&rsquo;adresse \u00e0 toute personne int\u00e9ress\u00e9e de pr\u00e8s ou de loin par la gestion et l&rsquo;administration des entreprises des secteurs non-marchands et de l&rsquo;\u00e9conomie sociale, que celles-ci aient adopt\u00e9 la forme d&rsquo;une ASBL, d&rsquo;une mutualit\u00e9, d&rsquo;une soci\u00e9t\u00e9 coop\u00e9rative, d&rsquo;une soci\u00e9t\u00e9 \u00e0 finalit\u00e9 sociale, d&rsquo;une association de fait\u2026<\/p>\n","protected":false},"featured_media":167,"comment_status":"open","ping_status":"closed","template":"","meta":{"_et_pb_use_builder":"","_et_pb_old_content":"","_et_gb_content_width":"","spay_email":""},"class_list":["post-168","product","type-product","status-publish","has-post-thumbnail","hentry","product_cat-livres","product_tag-administration","product_tag-analyse-de-situation","product_tag-aspect-juridique","product_tag-economie-sociale","product_tag-fonctionnement","product_tag-gestion","product_tag-outil","product_tag-secteur-non-marchand"],"jetpack_sharing_enabled":true,"jetpack_likes_enabled":true,"_links":{"self":[{"href":"https:\/\/www.parthages.be\/eboutique\/wp-json\/wp\/v2\/product\/168","targetHints":{"allow":["GET"]}}],"collection":[{"href":"https:\/\/www.parthages.be\/eboutique\/wp-json\/wp\/v2\/product"}],"about":[{"href":"https:\/\/www.parthages.be\/eboutique\/wp-json\/wp\/v2\/types\/product"}],"replies":[{"embeddable":true,"href":"https:\/\/www.parthages.be\/eboutique\/wp-json\/wp\/v2\/comments?post=168"}],"wp:featuredmedia":[{"embeddable":true,"href":"https:\/\/www.parthages.be\/eboutique\/wp-json\/wp\/v2\/media\/167"}],"wp:attachment":[{"href":"https:\/\/www.parthages.be\/eboutique\/wp-json\/wp\/v2\/media?parent=168"}],"curies":[{"name":"wp","href":"https:\/\/api.w.org\/{rel}","templated":true}]}}