{"id":1685,"date":"2021-09-03T09:59:36","date_gmt":"2021-09-03T07:59:36","guid":{"rendered":"https:\/\/www.parthages.be\/eboutique\/?post_type=product&#038;p=1685"},"modified":"2022-02-18T10:32:04","modified_gmt":"2022-02-18T09:32:04","slug":"le-miroir-brise-lenfant-handicape-sa-famille-et-le-psychanalyste","status":"publish","type":"product","link":"https:\/\/www.parthages.be\/eboutique\/produit\/le-miroir-brise-lenfant-handicape-sa-famille-et-le-psychanalyste\/","title":{"rendered":"Le miroir bris\u00e9 : l&rsquo;enfant handicap\u00e9 sa famille et le psychanalyste"},"content":{"rendered":"<p>Lorsqu&rsquo;un enfant atteint d&rsquo;une anomalie arrive au monde, les parents plongent dans un univers dont ils ignoraient tout.<\/p>\n<p>Tel un miroir bris\u00e9, l&rsquo;enfant marqu\u00e9 par un handicap renvoie \u00e0 ses parents, mais aussi \u00e0 tous, une image d\u00e9form\u00e9e qui fait peur et dont nous nous d\u00e9tournons.<\/p>\n<p>Psychanalyste, l&rsquo;auteur aux travers de son travail aide les familles accueillant un enfant handicap\u00e9. Ce livre aborde les questions qui font parfois peur mais qui permettent \u00e0 chaque membre de la famille de trouver, retrouver sa place et de s&rsquo;y \u00e9panouir.<\/p>\n<p>On tente de r\u00e9pondre aux questions souvent pos\u00e9es : comment aider les parents \u00e0 traverser cette \u00e9preuve, comment redonner la parole aux enfants qui ont peu ou pas de langage ?<\/p>\n<p>Ce livre cherche et invite le lecteur \u00e0 s&rsquo;approcher d&rsquo;un sujet qui fait fuir tous ceux qui s&rsquo;en approchent. Au travers de cette entrave qui unit tous les enfants atteints d&rsquo;un handicap que ce soit dans leur corps dans leur esprit, leur intelligence, leur\u00a0 devenir, leur langage, cet ouvrage essaie d&rsquo;imaginer ce qui se passe derri\u00e8re les peurs que suscite en chacun de nous cette atteinte \u00e0 l&rsquo;int\u00e9grit\u00e9 humaine. (Pr\u00e9sentation de l\u2019\u00e9diteur)<\/p>\n<p>KORFF-SAUSSE S.<\/p>\n<p>Editions Hachette Litt\u00e9ratures<\/p>\n<p>2011-204p.-8.50\u20ac<\/p>\n<p>170gr<\/p>\n<p>ISBN\u00a0: 978-2-01-279405-4<\/p>\n<p>Cote doc\u00a0: 7-10-KOR-M<\/p>\n<span class=\"et_bloom_bottom_trigger\"><\/span>","protected":false},"excerpt":{"rendered":"<p>Lorsqu&rsquo;un enfant atteint d&rsquo;une anomalie arrive au monde, les parents plongent dans un univers dont ils ignoraient tout.<\/p>\n","protected":false},"featured_media":1686,"comment_status":"closed","ping_status":"closed","template":"","meta":{"_et_pb_use_builder":"","_et_pb_old_content":"","_et_gb_content_width":"","spay_email":""},"class_list":["post-1685","product","type-product","status-publish","has-post-thumbnail","hentry","product_cat-livres","product_cat-livres-jeunesse","product_tag-aide-psychologique","product_tag-famille","product_tag-handicap","product_tag-psychanalyse","product_tag-relation-adulte-enfant","product_tag-temoignage"],"jetpack_sharing_enabled":true,"jetpack_likes_enabled":true,"_links":{"self":[{"href":"https:\/\/www.parthages.be\/eboutique\/wp-json\/wp\/v2\/product\/1685","targetHints":{"allow":["GET"]}}],"collection":[{"href":"https:\/\/www.parthages.be\/eboutique\/wp-json\/wp\/v2\/product"}],"about":[{"href":"https:\/\/www.parthages.be\/eboutique\/wp-json\/wp\/v2\/types\/product"}],"replies":[{"embeddable":true,"href":"https:\/\/www.parthages.be\/eboutique\/wp-json\/wp\/v2\/comments?post=1685"}],"wp:featuredmedia":[{"embeddable":true,"href":"https:\/\/www.parthages.be\/eboutique\/wp-json\/wp\/v2\/media\/1686"}],"wp:attachment":[{"href":"https:\/\/www.parthages.be\/eboutique\/wp-json\/wp\/v2\/media?parent=1685"}],"curies":[{"name":"wp","href":"https:\/\/api.w.org\/{rel}","templated":true}]}}