{"id":1693,"date":"2021-09-03T10:08:44","date_gmt":"2021-09-03T08:08:44","guid":{"rendered":"https:\/\/www.parthages.be\/eboutique\/?post_type=product&#038;p=1693"},"modified":"2021-09-03T10:08:44","modified_gmt":"2021-09-03T08:08:44","slug":"participation-et-responsabilites-sociales-un-nouveau-paradigme-pour-linclusion-des-personnes-avec-une-deficience-intellectuelle","status":"publish","type":"product","link":"https:\/\/www.parthages.be\/eboutique\/produit\/participation-et-responsabilites-sociales-un-nouveau-paradigme-pour-linclusion-des-personnes-avec-une-deficience-intellectuelle\/","title":{"rendered":"Participation et responsabilit\u00e9s sociales : un nouveau paradigme pour l&rsquo;inclusion des personnes avec une d\u00e9ficience intellectuelle"},"content":{"rendered":"<p>L\u2019objet de cet ouvrage, fruit du 10 \u00e8me congr\u00e8s de l\u2019Association internationale de recherche scientifique en faveur des personnes handicap\u00e9es mentales (AIRHM), est centr\u00e9 sur un paradigme occupant actuellement une position centrale au sein de la communaut\u00e9 internationale : la Participation. Erig\u00e9 en mod\u00e8le de soci\u00e9t\u00e9, devenant un objectif prioritaire des politiques publiques de certains pays, ce paradigme prend une ampleur grandissante.<\/p>\n<p>Dans un contexte o\u00f9 se dessinent l\u2019inclusion et la \u00ab pleine participation \u00bb de tous, il est imp\u00e9ratif de s\u2019interroger aujourd\u2019hui sur les retomb\u00e9es d\u2019une telle \u00e9volution pour les personnes avec une d\u00e9ficience intellectuelle qui vivent des situations de handicap. Bon nombre de questions appellent \u00e0 la r\u00e9flexion. Des r\u00e9ponses pour demain sont \u00e0 construire, fond\u00e9es sur l\u2019interdisciplinarit\u00e9, l\u2019analyse des pratiques existantes et l\u2019exploitation des r\u00e9sultats de recherches. L\u2019avenir est \u00e0 d\u00e9finir, en partenariat, gr\u00e2ce \u00e0 la participation de tous. Des voies nouvelles sont \u00e0 investiguer, prenant appui sur ce qui, depuis quelques ann\u00e9es, donne lieu en certains pays \u00e0 des d\u00e9marches riches d\u2019enseignement. Des chercheurs, des praticiens, des personnes en situation de handicap, des familles, des d\u00e9cideurs politiques et \u00e9conomiques s\u2019expriment \u00e0 ce sujet. (Pr\u00e9sentation de l\u2019\u00e9diteur)<\/p>\n<p>GUERDAN V.- PETITPIERRE G.- MOULIN J.P.- HAELEWYCK M.C.<\/p>\n<p>Peter Lang<\/p>\n<p>2009-513p<\/p>\n<p>ISBN\u00a0: 978-3-03911-748-2<\/p>\n<p>Cote doc\u00a0: 7-10-GUE-P<\/p>\n<p><strong><em>Uniquement \u00e0 la location<\/em><\/strong><\/p>\n<span class=\"et_bloom_bottom_trigger\"><\/span>","protected":false},"excerpt":{"rendered":"<p>L\u2019objet de cet ouvrage, fruit du 10 \u00e8me congr\u00e8s de l\u2019Association internationale de recherche scientifique en faveur des personnes handicap\u00e9es mentales (AIRHM), est centr\u00e9 sur un paradigme occupant actuellement une position centrale au sein de la communaut\u00e9 internationale : la Participation. Erig\u00e9 en mod\u00e8le de soci\u00e9t\u00e9, devenant un objectif prioritaire des politiques publiques de certains pays, ce paradigme prend une ampleur grandissante.<\/p>\n","protected":false},"featured_media":1694,"comment_status":"closed","ping_status":"closed","template":"","meta":{"_et_pb_use_builder":"","_et_pb_old_content":"","_et_gb_content_width":"","spay_email":""},"class_list":["post-1693","product","type-product","status-publish","has-post-thumbnail","hentry","product_cat-livres","product_tag-decideur-politique","product_tag-deficience-intellectuelle","product_tag-evolution","product_tag-famille","product_tag-handicap","product_tag-inclusion","product_tag-integration-sociale","product_tag-methode","product_tag-participation","product_tag-participation-sociale","product_tag-personne-handicapee","product_tag-qualite-de-vie"],"jetpack_sharing_enabled":true,"jetpack_likes_enabled":true,"_links":{"self":[{"href":"https:\/\/www.parthages.be\/eboutique\/wp-json\/wp\/v2\/product\/1693","targetHints":{"allow":["GET"]}}],"collection":[{"href":"https:\/\/www.parthages.be\/eboutique\/wp-json\/wp\/v2\/product"}],"about":[{"href":"https:\/\/www.parthages.be\/eboutique\/wp-json\/wp\/v2\/types\/product"}],"replies":[{"embeddable":true,"href":"https:\/\/www.parthages.be\/eboutique\/wp-json\/wp\/v2\/comments?post=1693"}],"wp:featuredmedia":[{"embeddable":true,"href":"https:\/\/www.parthages.be\/eboutique\/wp-json\/wp\/v2\/media\/1694"}],"wp:attachment":[{"href":"https:\/\/www.parthages.be\/eboutique\/wp-json\/wp\/v2\/media?parent=1693"}],"curies":[{"name":"wp","href":"https:\/\/api.w.org\/{rel}","templated":true}]}}