{"id":1699,"date":"2021-09-03T10:54:00","date_gmt":"2021-09-03T08:54:00","guid":{"rendered":"https:\/\/www.parthages.be\/eboutique\/?post_type=product&#038;p=1699"},"modified":"2021-09-03T10:54:01","modified_gmt":"2021-09-03T08:54:01","slug":"stigmate-les-usages-sociaux-des-handicaps","status":"publish","type":"product","link":"https:\/\/www.parthages.be\/eboutique\/produit\/stigmate-les-usages-sociaux-des-handicaps\/","title":{"rendered":"Stigmate : les usages sociaux des handicaps"},"content":{"rendered":"<p>Il y a le stigmate d&rsquo;infamie, tel la fleur de lys grav\u00e9e au fer rouge sur l&rsquo;\u00e9paule des gal\u00e9riens. Il y a les stigmates sacr\u00e9s qui frappent les mystiques. Il y a les stigmates que laissent la maladie ou l&rsquo;accident. Il y a les stigmates de l&rsquo;alcoolisme et ceux qu&rsquo;inflige l&#8217;emploi des drogues. Il y a la peau du Noir, l&rsquo;\u00e9toile du Juif, les fa\u00e7ons de l&rsquo;homosexuel. Il y a enfin le dossier de police du militant et, plus g\u00e9n\u00e9ralement, ce que l&rsquo;on sait de quelqu&rsquo;un qui a fait ou \u00e9t\u00e9 quelque chose, et \u00ab\u00a0ces gens-l\u00e0 vous savez&#8230;\u00a0\u00bb. Le point commun de tout cela , Marquer une diff\u00e9rence et assigner une place : une diff\u00e9rence entre ceux qui se disent \u00ab\u00a0normaux\u00a0\u00bb et les hommes qui ne le sont pas tout \u00e0 fait (ou, plus exactement, les anormaux qui ne sont pas tout \u00e0 fait des hommes); une place dans un jeu men\u00e9 selon les r\u00e8gles, permet aux uns de se sentir \u00e0 bon compte sup\u00e9rieurs devant le Noir, virils devant l&rsquo;homosexuel,etc. et donne aux autres l&rsquo;assurance, fragile, qu&rsquo;\u00e0 tout le moins on ne les lynchera pas, et aussi l&rsquo;espoir tranquillisant que, peut-\u00eatre, un jour, ils passeront de l&rsquo;autre c\u00f4t\u00e9 de la barri\u00e8re. (Pr\u00e9sentation de l\u2019\u00e9diteur)<\/p>\n<p>&nbsp;<\/p>\n<p>GOFFMAN E.<\/p>\n<p>Editions de Minuit<\/p>\n<p>1975- 176p.<\/p>\n<p>ISBN\u00a0: 2-7073-0079-9<\/p>\n<p>Cote doc\u00a0: 7-10-GOF-S<\/p>\n<p><strong><em>Uniquement \u00e0 la location<\/em><\/strong><\/p>\n<span class=\"et_bloom_bottom_trigger\"><\/span>","protected":false},"excerpt":{"rendered":"<p>Il y a le stigmate d&rsquo;infamie, tel la fleur de lys grav\u00e9e au fer rouge sur l&rsquo;\u00e9paule des gal\u00e9riens. Il y a les stigmates sacr\u00e9s qui frappent les mystiques. Il y a les stigmates que laissent la maladie ou l&rsquo;accident. Il y a les stigmates de l&rsquo;alcoolisme et ceux qu&rsquo;inflige l&#8217;emploi des drogues.<\/p>\n","protected":false},"featured_media":1700,"comment_status":"closed","ping_status":"closed","template":"","meta":{"_et_pb_use_builder":"","_et_pb_old_content":"","_et_gb_content_width":"","spay_email":""},"class_list":["post-1699","product","type-product","status-publish","has-post-thumbnail","hentry","product_cat-livres","product_tag-deviance","product_tag-groupe-socio-economique","product_tag-identite-personnelle","product_tag-identite-sociale","product_tag-information-sociale","product_tag-personne-handicapee","product_tag-psychologie-sociale","product_tag-representation","product_tag-sociologie","product_tag-stigmate"],"jetpack_sharing_enabled":true,"jetpack_likes_enabled":true,"_links":{"self":[{"href":"https:\/\/www.parthages.be\/eboutique\/wp-json\/wp\/v2\/product\/1699","targetHints":{"allow":["GET"]}}],"collection":[{"href":"https:\/\/www.parthages.be\/eboutique\/wp-json\/wp\/v2\/product"}],"about":[{"href":"https:\/\/www.parthages.be\/eboutique\/wp-json\/wp\/v2\/types\/product"}],"replies":[{"embeddable":true,"href":"https:\/\/www.parthages.be\/eboutique\/wp-json\/wp\/v2\/comments?post=1699"}],"wp:featuredmedia":[{"embeddable":true,"href":"https:\/\/www.parthages.be\/eboutique\/wp-json\/wp\/v2\/media\/1700"}],"wp:attachment":[{"href":"https:\/\/www.parthages.be\/eboutique\/wp-json\/wp\/v2\/media?parent=1699"}],"curies":[{"name":"wp","href":"https:\/\/api.w.org\/{rel}","templated":true}]}}