{"id":170,"date":"2012-09-24T11:37:53","date_gmt":"2012-09-24T09:37:53","guid":{"rendered":"https:\/\/www.parthages.be\/wordpress\/produit\/mieux-gerer-votre-entreprise-grace-a-la-mise-en-place-d-outils-e-management\/"},"modified":"2021-08-09T10:05:05","modified_gmt":"2021-08-09T08:05:05","slug":"mieux-gerer-votre-entreprise-grace-a-la-mise-en-place-d-outils-e-management","status":"publish","type":"product","link":"https:\/\/www.parthages.be\/eboutique\/produit\/mieux-gerer-votre-entreprise-grace-a-la-mise-en-place-d-outils-e-management\/","title":{"rendered":"Mieux g\u00e9rer votre entreprise gr\u00e2ce \u00e0 la mise en place d&rsquo;outils e-management"},"content":{"rendered":"<p>M\u00e9thodologies, impl\u00e9mentation et b\u00e9n\u00e9fices pour les ind\u00e9pendants, TPE et PME \u00ab Tout fonctionne \u00e0 la vitesse de l&rsquo;e-mail. \u00bbQue vous le vouliez ou non, le quotidien de votre entreprise est d\u00e9sormais rythm\u00e9 et envahi par les nouvelles technologies. Partout, l&rsquo;e-management s&rsquo;impose\u2026 Mais comment assurer son efficacit\u00e9 ?<\/p>\n<p>Dans cet ouvrage, Brice Cornet propose un panel des solutions disponibles sur le march\u00e9 informatique et vous pr\u00e9sente les plus int\u00e9ressantes. Tous les grands domaines de la gestion d&rsquo;entreprise sont ainsi pass\u00e9s au crible de l&rsquo;exp\u00e9rience professionnelle et pragmatique de l&rsquo;auteur, v\u00e9ritable expert en la mati\u00e8re. 15 chapitres, des annexes \u00e9lectroniques et de multiples r\u00e9f\u00e9rences concr\u00e8tes pour mettre en place un management efficace, construit sur des proc\u00e9dures simples, souvent gratuites, mais peu ou mal connues de la plupart des dirigeants.<\/p>\n<p>Mettez fin aux bricolages informatiques et aux solutions lourdes ou on\u00e9reuses\u2026 Faites des outils de l&rsquo;information les alli\u00e9s de la performance de votre entreprise ! (Pr\u00e9sentation de l\u2019\u00e9diteur)<\/p>\n<p>CORNET B.<\/p>\n<p>2012-336p.<\/p>\n<p>ISBN\u00a0: 978-2-87496-204-2<\/p>\n<p>Cote doc\u00a0: 8-20-COR-M<\/p>\n<span class=\"et_bloom_bottom_trigger\"><\/span>","protected":false},"excerpt":{"rendered":"<p>M\u00e9thodologies, impl\u00e9mentation et b\u00e9n\u00e9fices pour les ind\u00e9pendants, TPE et PME \u00ab Tout fonctionne \u00e0 la vitesse de l&rsquo;e-mail. \u00bbQue vous le vouliez ou non, le quotidien de votre entreprise est d\u00e9sormais rythm\u00e9 et envahi par les nouvelles technologies. Partout, l&rsquo;e-management s&rsquo;impose\u2026 Mais comment assurer son efficacit\u00e9 ?<\/p>\n","protected":false},"featured_media":169,"comment_status":"open","ping_status":"closed","template":"","meta":{"_et_pb_use_builder":"","_et_pb_old_content":"","_et_gb_content_width":"","spay_email":""},"class_list":["post-170","product","type-product","status-publish","has-post-thumbnail","hentry","product_cat-livres","product_tag-entreprise","product_tag-gestion","product_tag-informatique","product_tag-management","product_tag-outil","product_tag-performance","product_tag-technologie"],"jetpack_sharing_enabled":true,"jetpack_likes_enabled":true,"_links":{"self":[{"href":"https:\/\/www.parthages.be\/eboutique\/wp-json\/wp\/v2\/product\/170","targetHints":{"allow":["GET"]}}],"collection":[{"href":"https:\/\/www.parthages.be\/eboutique\/wp-json\/wp\/v2\/product"}],"about":[{"href":"https:\/\/www.parthages.be\/eboutique\/wp-json\/wp\/v2\/types\/product"}],"replies":[{"embeddable":true,"href":"https:\/\/www.parthages.be\/eboutique\/wp-json\/wp\/v2\/comments?post=170"}],"wp:featuredmedia":[{"embeddable":true,"href":"https:\/\/www.parthages.be\/eboutique\/wp-json\/wp\/v2\/media\/169"}],"wp:attachment":[{"href":"https:\/\/www.parthages.be\/eboutique\/wp-json\/wp\/v2\/media?parent=170"}],"curies":[{"name":"wp","href":"https:\/\/api.w.org\/{rel}","templated":true}]}}