{"id":1701,"date":"2021-09-03T10:55:58","date_gmt":"2021-09-03T08:55:58","guid":{"rendered":"https:\/\/www.parthages.be\/eboutique\/?post_type=product&#038;p=1701"},"modified":"2021-09-03T10:55:59","modified_gmt":"2021-09-03T08:55:59","slug":"les-enjeux-de-la-sterilisation","status":"publish","type":"product","link":"https:\/\/www.parthages.be\/eboutique\/produit\/les-enjeux-de-la-sterilisation\/","title":{"rendered":"Les enjeux de la st\u00e9rilisation"},"content":{"rendered":"<p>Le statut de la st\u00e9rilisation en France est ambigu. D&rsquo;un c\u00f4t\u00e9, on d\u00e9nonce p\u00e9riodiquement le fait que des op\u00e9rations sont pratiqu\u00e9es sur des personnes en situation de vuln\u00e9rabilit\u00e9, qui ne sont pas toujours en mesure de formuler un consentement \u00e9clair\u00e9 ; de l&rsquo;autre, on s&rsquo;\u00e9tonne que la st\u00e9rilisation (masculine ou f\u00e9minine) ne fasse pas partie de la panoplie des m\u00e9thodes de r\u00e9gulation des naissances offertes aux couples, comme c&rsquo;est le cas dans d&rsquo;autres pays. Cet ouvrage propose une synth\u00e8se des pratiques actuelles en France et dans le monde, \u00e0 la fois pour les st\u00e9rilisations volontaires des hommes et des femmes et pour les st\u00e9rilisations pratiqu\u00e9es sur des populations vuln\u00e9rables (en particulier les personnes handicap\u00e9es mentales). La premi\u00e8re partie aborde la st\u00e9rilisation dans une perspective historique qui \u00e9claire, notamment, la question (controvers\u00e9e) de ses liens avec l&rsquo;eug\u00e9nisme. Dans une deuxi\u00e8me partie, on pr\u00e9sente l&rsquo;\u00e9volution des diff\u00e9rentes techniques et des r\u00e9glementations en France et ailleurs dans le monde. Les situations propres \u00e0 certains pays (Br\u00e9sil et Qu\u00e9bec), exemplaires \u00e0 plus d&rsquo;un titre, sont ensuite analys\u00e9es plus en d\u00e9tail. Enfin, les aspects psycho-sociaux de la st\u00e9rilisation sont discut\u00e9s \u00e0 partir des cas fran\u00e7ais et qu\u00e9b\u00e9cois et des probl\u00e8mes pos\u00e9s par la st\u00e9rilisation des personnes handicap\u00e9es mentales. (Pr\u00e9sentation de l\u2019\u00e9diteur)<\/p>\n<p>&nbsp;<\/p>\n<p>GIAMI A.- LERIDON H.<\/p>\n<p>Inserm<\/p>\n<p>2000-334p.-43.50\u20ac<\/p>\n<p>650gr<\/p>\n<p>ISBN\u00a0: 2-85598-755-5<\/p>\n<p>Cote doc\u00a0: 7 7-10-GIA-E<\/p>\n<span class=\"et_bloom_bottom_trigger\"><\/span>","protected":false},"excerpt":{"rendered":"<p>Le statut de la st\u00e9rilisation en France est ambigu.<\/p>\n","protected":false},"featured_media":1702,"comment_status":"closed","ping_status":"closed","template":"","meta":{"_et_pb_use_builder":"","_et_pb_old_content":"","_et_gb_content_width":"","spay_email":""},"class_list":["post-1701","product","type-product","status-publish","has-post-thumbnail","hentry","product_cat-livres","product_tag-aspect-juridique","product_tag-aspect-psychosocial","product_tag-contraception","product_tag-deficience-intellectuelle","product_tag-ethique","product_tag-femme-handicapee","product_tag-historique","product_tag-personne-handicapee","product_tag-reglementation","product_tag-sexualite","product_tag-sterilisation"],"jetpack_sharing_enabled":true,"jetpack_likes_enabled":true,"_links":{"self":[{"href":"https:\/\/www.parthages.be\/eboutique\/wp-json\/wp\/v2\/product\/1701","targetHints":{"allow":["GET"]}}],"collection":[{"href":"https:\/\/www.parthages.be\/eboutique\/wp-json\/wp\/v2\/product"}],"about":[{"href":"https:\/\/www.parthages.be\/eboutique\/wp-json\/wp\/v2\/types\/product"}],"replies":[{"embeddable":true,"href":"https:\/\/www.parthages.be\/eboutique\/wp-json\/wp\/v2\/comments?post=1701"}],"wp:featuredmedia":[{"embeddable":true,"href":"https:\/\/www.parthages.be\/eboutique\/wp-json\/wp\/v2\/media\/1702"}],"wp:attachment":[{"href":"https:\/\/www.parthages.be\/eboutique\/wp-json\/wp\/v2\/media?parent=1701"}],"curies":[{"name":"wp","href":"https:\/\/api.w.org\/{rel}","templated":true}]}}