{"id":172,"date":"2012-09-24T11:37:53","date_gmt":"2012-09-24T09:37:53","guid":{"rendered":"https:\/\/www.parthages.be\/wordpress\/produit\/communiquer-avec-une-personne-agee-atteinte-de-la-maladie-d-alzheimer-a-un-stade-avance\/"},"modified":"2022-05-16T20:23:37","modified_gmt":"2022-05-16T18:23:37","slug":"communiquer-avec-une-personne-agee-atteinte-de-la-maladie-d-alzheimer-a-un-stade-avance","status":"publish","type":"product","link":"https:\/\/www.parthages.be\/eboutique\/produit\/communiquer-avec-une-personne-agee-atteinte-de-la-maladie-d-alzheimer-a-un-stade-avance\/","title":{"rendered":"Communiquer avec une personne \u00e2g\u00e9e atteinte de la maladie d&rsquo;Alzheimer \u00e0 un stade avanc\u00e9"},"content":{"rendered":"<p>Face \u00e0 l&rsquo;oubli des mots, la palilalie (r\u00e9p\u00e9tition sans arr\u00eat), la perturbation de la conception des phrases, l&rsquo;auteur, psychologue, g\u00e9rontologue, a mis au point une m\u00e9thode centr\u00e9e sur la communication non verbale (CNV) : touchers, gestuelles, distances, postures, expressions du visage, du regard.<\/p>\n<p>\u00ab\u00a0Parce que la personne malade peut communiquer jusque la fin de sa vie\u00a0\u00bb (page 63), l&rsquo;auteur propose un processus de r\u00e9flexions\/actions associ\u00e9 \u00e0 des exemples de gestuelles adapt\u00e9es (en images) pour maintenir la communication et comprendre les \u00e9ventuels moments critiques.<\/p>\n<p>Cinq temps de r\u00e9flexion\/action<\/p>\n<ol>\n<li>Percevoir la communication non verbale (observations, seuls, en \u00e9quipes)<\/li>\n<li>Avoir connaissance de la personne (son histoire, ses d\u00e9sirs)<\/li>\n<li>Diff\u00e9rencier des origines de la CNV : physiologique, psychologique, sociale<\/li>\n<li>\u00c9tablir un ou des liens entre l&rsquo;intervention professionnelle et la r\u00e9action de la personne accompagn\u00e9e<\/li>\n<li>Valider ses perceptions<\/li>\n<\/ol>\n<p>JACINTHE G.<\/p>\n<p>Chronique sociale Presses universitaires Laval<\/p>\n<p>2010-86p<\/p>\n<p>ISBN\u00a0: 978-2-7637-8804-3<\/p>\n<p>Cote doc\u00a0: 2-30-JAC-C<\/p>\n<p><strong><em>Uniquement \u00e0 la location<\/em><\/strong><\/p>\n<span class=\"et_bloom_bottom_trigger\"><\/span>","protected":false},"excerpt":{"rendered":"<p>Face \u00e0 l&rsquo;oubli des mots, la palilalie (r\u00e9p\u00e9tition sans arr\u00eat), la perturbation de la conception des phrases, l&rsquo;auteur, psychologue, g\u00e9rontologue, a mis au point une m\u00e9thode centr\u00e9e sur la communication non verbale (CNV) : touchers, gestuelles, distances, postures, expressions du visage, du regard. \u00ab\u00a0Parce que la personne malade peut communiquer jusque la fin de sa [&hellip;]<\/p>\n","protected":false},"featured_media":171,"comment_status":"open","ping_status":"closed","template":"","meta":{"_et_pb_use_builder":"","_et_pb_old_content":"","_et_gb_content_width":"","spay_email":""},"class_list":["post-172","product","type-product","status-publish","has-post-thumbnail","hentry","product_cat-livres","product_tag-aidant-naturel","product_tag-alzheimer","product_tag-anxiete","product_tag-communication","product_tag-communication-non-verbale","product_tag-difficulte","product_tag-intervenant","product_tag-outil-dinformation-2","product_tag-technique-de-communication"],"jetpack_sharing_enabled":true,"jetpack_likes_enabled":true,"_links":{"self":[{"href":"https:\/\/www.parthages.be\/eboutique\/wp-json\/wp\/v2\/product\/172","targetHints":{"allow":["GET"]}}],"collection":[{"href":"https:\/\/www.parthages.be\/eboutique\/wp-json\/wp\/v2\/product"}],"about":[{"href":"https:\/\/www.parthages.be\/eboutique\/wp-json\/wp\/v2\/types\/product"}],"replies":[{"embeddable":true,"href":"https:\/\/www.parthages.be\/eboutique\/wp-json\/wp\/v2\/comments?post=172"}],"wp:featuredmedia":[{"embeddable":true,"href":"https:\/\/www.parthages.be\/eboutique\/wp-json\/wp\/v2\/media\/171"}],"wp:attachment":[{"href":"https:\/\/www.parthages.be\/eboutique\/wp-json\/wp\/v2\/media?parent=172"}],"curies":[{"name":"wp","href":"https:\/\/api.w.org\/{rel}","templated":true}]}}