{"id":1729,"date":"2021-09-06T16:14:07","date_gmt":"2021-09-06T14:14:07","guid":{"rendered":"https:\/\/www.parthages.be\/eboutique\/?post_type=product&#038;p=1729"},"modified":"2021-09-06T16:14:08","modified_gmt":"2021-09-06T14:14:08","slug":"confidentialite-et-secret-professionnel-enjeux-pour-une-societe-democratique","status":"publish","type":"product","link":"https:\/\/www.parthages.be\/eboutique\/produit\/confidentialite-et-secret-professionnel-enjeux-pour-une-societe-democratique\/","title":{"rendered":"Confidentialit\u00e9 et secret professionnel : enjeux pour une soci\u00e9t\u00e9 d\u00e9mocratique"},"content":{"rendered":"<p><strong><em>Brochure<\/em><\/strong><\/p>\n<p>Nous pouvons \u00eatre amen\u00e9s \u00e0 accueillir des confidences. Cet instant d\u2019\u00e9coute soulever de multiples questions: Faut-il faire quelque chose? Ai-je un r\u00f4le \u00e0 jouer? Dois-je seulement \u00e9couter ou y a-t-il \u00e0 intervenir?&#8230;<\/p>\n<p>Avant de se positionner, il s\u2019av\u00e8re utile d\u2019approcher des notions telles que la confidentialit\u00e9 et le secret professionnel.<\/p>\n<p>Pourquoi se taire si je ne suis pas tenu au respect du secret professionnel ?<\/p>\n<p>Quel est le sens du secret professionnel? Pourquoi pas la transparence?<\/p>\n<p>Contr\u00f4le social ou relation d\u2019aide? Quel choix la soci\u00e9t\u00e9 d\u00e9mocratique pose-t-elle en cr\u00e9ant cette obligation de respect du secret professionnel?<\/p>\n<p>COORDINATION DE L&rsquo;AIDE AUX VICTIMES DE MALTRAITANCE<\/p>\n<p>Minist\u00e8re de la communaut\u00e9 fran\u00e7aise<\/p>\n<p>2003-32p.<\/p>\n<p>Cote doc\u00a0: 7-10-CAV-C<\/p>\n<p><strong><em>Uniquement \u00e0 la location<\/em><\/strong><\/p>\n<span class=\"et_bloom_bottom_trigger\"><\/span>","protected":false},"excerpt":{"rendered":"<p>Nous pouvons \u00eatre amen\u00e9s \u00e0 accueillir des confidences. Cet instant d\u2019\u00e9coute soulever de multiples questions: Faut-il faire quelque chose? Ai-je un r\u00f4le \u00e0 jouer? Dois-je seulement \u00e9couter ou y a-t-il \u00e0 intervenir?&#8230;<\/p>\n","protected":false},"featured_media":1730,"comment_status":"closed","ping_status":"closed","template":"","meta":{"_et_pb_use_builder":"","_et_pb_old_content":"","_et_gb_content_width":"","spay_email":""},"class_list":["post-1729","product","type-product","status-publish","has-post-thumbnail","hentry","product_cat-livres","product_tag-aspect-juridique","product_tag-relation-daide","product_tag-secret-professionnel","product_tag-travail-social"],"jetpack_sharing_enabled":true,"jetpack_likes_enabled":true,"_links":{"self":[{"href":"https:\/\/www.parthages.be\/eboutique\/wp-json\/wp\/v2\/product\/1729","targetHints":{"allow":["GET"]}}],"collection":[{"href":"https:\/\/www.parthages.be\/eboutique\/wp-json\/wp\/v2\/product"}],"about":[{"href":"https:\/\/www.parthages.be\/eboutique\/wp-json\/wp\/v2\/types\/product"}],"replies":[{"embeddable":true,"href":"https:\/\/www.parthages.be\/eboutique\/wp-json\/wp\/v2\/comments?post=1729"}],"wp:featuredmedia":[{"embeddable":true,"href":"https:\/\/www.parthages.be\/eboutique\/wp-json\/wp\/v2\/media\/1730"}],"wp:attachment":[{"href":"https:\/\/www.parthages.be\/eboutique\/wp-json\/wp\/v2\/media?parent=1729"}],"curies":[{"name":"wp","href":"https:\/\/api.w.org\/{rel}","templated":true}]}}