{"id":1731,"date":"2021-09-06T16:15:25","date_gmt":"2021-09-06T14:15:25","guid":{"rendered":"https:\/\/www.parthages.be\/eboutique\/?post_type=product&#038;p=1731"},"modified":"2021-09-06T16:15:25","modified_gmt":"2021-09-06T14:15:25","slug":"a-qui-de-droit-vers-une-relation-de-qualite-entre-le-citoyen-le-droit-et-la-societe","status":"publish","type":"product","link":"https:\/\/www.parthages.be\/eboutique\/produit\/a-qui-de-droit-vers-une-relation-de-qualite-entre-le-citoyen-le-droit-et-la-societe\/","title":{"rendered":"A qui de droit ! Vers une relation de qualit\u00e9 entre le citoyen le droit et la soci\u00e9t\u00e9"},"content":{"rendered":"<p>Ce rapport montre comment les membres de la Commission Citoyen, Droit et Soci\u00e9t\u00e9 \u00e0 la Fondation Roi Baudouin voient la relation entre le citoyen, le droit et la soci\u00e9t\u00e9 pour les 25 ann\u00e9es \u00e0 venir.<\/p>\n<p>L&rsquo;objectif principal est de situer cette relation dans le contexte belge. La commission a jug\u00e9 n\u00e9cessaire de voir au-del\u00e0 de nos fronti\u00e8res: un grand nombre d&rsquo;\u00e9volutions soci\u00e9tales majeures sont par d\u00e9finition internationales.<\/p>\n<p>FONDATION ROI BAUDOUIN<\/p>\n<p>2001-176p.<\/p>\n<p>ISBN\u00a0: 2-87212-373-3<\/p>\n<p>Cote doc\u00a0: 7-10-CCD-A<\/p>\n<p><strong><em>Uniquement \u00e0 la location<\/em><\/strong><\/p>\n<span class=\"et_bloom_bottom_trigger\"><\/span>","protected":false},"excerpt":{"rendered":"<p>Ce rapport montre comment les membres de la Commission Citoyen, Droit et Soci\u00e9t\u00e9 \u00e0 la Fondation Roi Baudouin voient la relation entre le citoyen, le droit et la soci\u00e9t\u00e9 pour les 25 ann\u00e9es \u00e0 venir.<\/p>\n","protected":false},"featured_media":1732,"comment_status":"closed","ping_status":"closed","template":"","meta":{"_et_pb_use_builder":"","_et_pb_old_content":"","_et_gb_content_width":"","spay_email":""},"class_list":["post-1731","product","type-product","status-publish","has-post-thumbnail","hentry","product_cat-livres","product_tag-accessibilite","product_tag-belgique","product_tag-citoyennete","product_tag-droit","product_tag-justice","product_tag-recommandation"],"jetpack_sharing_enabled":true,"jetpack_likes_enabled":true,"_links":{"self":[{"href":"https:\/\/www.parthages.be\/eboutique\/wp-json\/wp\/v2\/product\/1731","targetHints":{"allow":["GET"]}}],"collection":[{"href":"https:\/\/www.parthages.be\/eboutique\/wp-json\/wp\/v2\/product"}],"about":[{"href":"https:\/\/www.parthages.be\/eboutique\/wp-json\/wp\/v2\/types\/product"}],"replies":[{"embeddable":true,"href":"https:\/\/www.parthages.be\/eboutique\/wp-json\/wp\/v2\/comments?post=1731"}],"wp:featuredmedia":[{"embeddable":true,"href":"https:\/\/www.parthages.be\/eboutique\/wp-json\/wp\/v2\/media\/1732"}],"wp:attachment":[{"href":"https:\/\/www.parthages.be\/eboutique\/wp-json\/wp\/v2\/media?parent=1731"}],"curies":[{"name":"wp","href":"https:\/\/api.w.org\/{rel}","templated":true}]}}