{"id":1733,"date":"2021-09-06T16:17:03","date_gmt":"2021-09-06T14:17:03","guid":{"rendered":"https:\/\/www.parthages.be\/eboutique\/?post_type=product&#038;p=1733"},"modified":"2021-09-06T16:17:04","modified_gmt":"2021-09-06T14:17:04","slug":"cliniques-du-sujet-handicape-actualite-des-pratiques-et-des-recherches","status":"publish","type":"product","link":"https:\/\/www.parthages.be\/eboutique\/produit\/cliniques-du-sujet-handicape-actualite-des-pratiques-et-des-recherches\/","title":{"rendered":"Cliniques du sujet handicap\u00e9 : actualit\u00e9 des pratiques et des recherches"},"content":{"rendered":"<p>Pour le psychanalyste et le psychologue clinicien, la personne handicap\u00e9e est avant tout un \u00ab sujet \u00bb, et les questions relatives \u00e0 la sexualit\u00e9, \u00e0 la filiation, \u00e0 la temporalit\u00e9, ou encore \u00e0 la parentalit\u00e9 se posent pour elle, comme pour tout autre sujet. Malgr\u00e9 ses d\u00e9ficiences, cet \u00ab autre \u00bb reste un \u00eatre pensant et induit des mouvements contre-transf\u00e9rentiels r\u00e9ellement originaux sur lesquels il est n\u00e9cessaire de se pencher.<\/p>\n<p>Ce livre issu du premier s\u00e9minaire europ\u00e9en interuniversitaire sur le handicap pr\u00e9sente les travaux de chercheurs et de praticiens europ\u00e9ens concernant le sujet handicap\u00e9 et sa famille au cours des diff\u00e9rentes \u00e9tapes de la vie (p\u00e9rinatalit\u00e9, enfance, adolescence, \u00e2ge adulte), dans une approche psychanalytique et, plus largement, psychodynamique.<\/p>\n<p>Ces r\u00e9flexions th\u00e9oriques, cliniques et \u00e9pist\u00e9mologiques ouvrent sur des questionnements et des propositions de dispositifs de soin qui favoriseraient le travail de la pens\u00e9e permettant pour tous une subjectivation singuli\u00e8re mais aussi groupale de l\u2019atteinte au corps, \u00e0 toutes les \u00e9tapes de la vie des sujets. La mise en regard de ces travaux articulant \u00e9troitement th\u00e9orie et pratique montre \u00e0 quel point le handicap interroge la construction sociale, culturelle et psychique de ce qui fait l\u2019humain, et nous confronte \u00e0 la vuln\u00e9rabilit\u00e9 de l\u2019\u00eatre humain et \u00e0 sa fragilit\u00e9 ontologique. (Pr\u00e9sentation de l\u2019\u00e9diteur)<\/p>\n<p>KORFF-SAUSSE S.- CICCONE A.- MISSONIER S.- SCELLES R.<\/p>\n<p>Editions Er\u00e8s<\/p>\n<p>2007-208p.-28\u20ac<\/p>\n<p>ISBN\u00a0: 978-2-7492-0776-6<\/p>\n<p>Cote doc\u00a0: 7-10-CIC-C<\/p>\n<span class=\"et_bloom_bottom_trigger\"><\/span>","protected":false},"excerpt":{"rendered":"<p>Pour le psychanalyste et le psychologue clinicien, la personne handicap\u00e9e est avant tout un \u00ab sujet \u00bb, et les questions relatives \u00e0 la sexualit\u00e9, \u00e0 la filiation, \u00e0 la temporalit\u00e9, ou encore \u00e0 la parentalit\u00e9 se posent pour elle, comme pour tout autre sujet.<\/p>\n","protected":false},"featured_media":1734,"comment_status":"closed","ping_status":"closed","template":"","meta":{"_et_pb_use_builder":"","_et_pb_old_content":"","_et_gb_content_width":"","spay_email":""},"class_list":["post-1733","product","type-product","status-publish","has-post-thumbnail","hentry","product_cat-livres","product_tag-adolescent","product_tag-adulte","product_tag-annonce-du-handicap","product_tag-aspect-psychologique","product_tag-culpabilite","product_tag-deficience-motrice","product_tag-enfant","product_tag-ethique","product_tag-famille","product_tag-infirmite-motrice-cebrale","product_tag-parentalite","product_tag-personne-handicapee"],"jetpack_sharing_enabled":true,"jetpack_likes_enabled":true,"_links":{"self":[{"href":"https:\/\/www.parthages.be\/eboutique\/wp-json\/wp\/v2\/product\/1733","targetHints":{"allow":["GET"]}}],"collection":[{"href":"https:\/\/www.parthages.be\/eboutique\/wp-json\/wp\/v2\/product"}],"about":[{"href":"https:\/\/www.parthages.be\/eboutique\/wp-json\/wp\/v2\/types\/product"}],"replies":[{"embeddable":true,"href":"https:\/\/www.parthages.be\/eboutique\/wp-json\/wp\/v2\/comments?post=1733"}],"wp:featuredmedia":[{"embeddable":true,"href":"https:\/\/www.parthages.be\/eboutique\/wp-json\/wp\/v2\/media\/1734"}],"wp:attachment":[{"href":"https:\/\/www.parthages.be\/eboutique\/wp-json\/wp\/v2\/media?parent=1733"}],"curies":[{"name":"wp","href":"https:\/\/api.w.org\/{rel}","templated":true}]}}