{"id":176,"date":"2012-09-24T11:37:53","date_gmt":"2012-09-24T09:37:53","guid":{"rendered":"https:\/\/www.parthages.be\/wordpress\/produit\/l-homme-qui-voulait-etre-heureux\/"},"modified":"2022-03-18T18:01:13","modified_gmt":"2022-03-18T17:01:13","slug":"l-homme-qui-voulait-etre-heureux","status":"publish","type":"product","link":"https:\/\/www.parthages.be\/eboutique\/produit\/l-homme-qui-voulait-etre-heureux\/","title":{"rendered":"L&rsquo;homme qui voulait \u00eatre heureux"},"content":{"rendered":"<p>Imaginez&#8230;<br \/>\nVous \u00eates en vacances \u00e0 Bali et, peu de temps avant votre retour, vous consultez un vieux gu\u00e9risseur. Sans raison particuli\u00e8re, juste parce que sa grande r\u00e9putation vous a donn\u00e9 envie de le rencontrer, au cas o\u00f9&#8230;<br \/>\nSon diagnostic est formel : vous \u00eates en bonne sant\u00e9, mais vous n&rsquo;\u00eates pas&#8230; heureux.<br \/>\nPorteur d&rsquo;une sagesse infinie, ce vieil homme semble vous conna\u00eetre mieux que vous-m\u00eame. L&rsquo;\u00e9clairage tr\u00e8s particulier qu&rsquo;il apporte \u00e0 votre v\u00e9cu va vous entra\u00eener dans l&rsquo;aventure la plus captivante qui soit : celle de la d\u00e9couverte de soi. Les exp\u00e9riences dans lesquelles il vous conduit vont bouleverser votre vie, en vous donnant les cl\u00e9s d&rsquo;une existence \u00e0 la hauteur de vos r\u00eaves. (Pr\u00e9sentation de l\u2019\u00e9diteur)<\/p>\n<p>GOUNELLE L.<\/p>\n<p>Editions Pocket N\u00b013841<\/p>\n<p>2010-192p.- 6.50\u20ac<\/p>\n<p>105gr<\/p>\n<p>ISBN: 978-2-26-618667-4<\/p>\n<p>Cote doc: 3-10-GOU-H<\/p>\n<span class=\"et_bloom_bottom_trigger\"><\/span>","protected":false},"excerpt":{"rendered":"<p>Imaginez&#8230;<br \/>\nVous \u00eates en vacances \u00e0 Bali et, peu de temps avant votre retour, vous consultez un vieux gu\u00e9risseur.<\/p>\n","protected":false},"featured_media":175,"comment_status":"open","ping_status":"closed","template":"","meta":{"_et_pb_use_builder":"","_et_pb_old_content":"","_et_gb_content_width":"","spay_email":""},"class_list":["post-176","product","type-product","status-publish","has-post-thumbnail","hentry","product_cat-livres","product_tag-bien-etre","product_tag-epanouissement-personnel","product_tag-psychologie","product_tag-technique-de-developpement-personnel","product_tag-therapie-comportementale"],"jetpack_sharing_enabled":true,"jetpack_likes_enabled":true,"_links":{"self":[{"href":"https:\/\/www.parthages.be\/eboutique\/wp-json\/wp\/v2\/product\/176","targetHints":{"allow":["GET"]}}],"collection":[{"href":"https:\/\/www.parthages.be\/eboutique\/wp-json\/wp\/v2\/product"}],"about":[{"href":"https:\/\/www.parthages.be\/eboutique\/wp-json\/wp\/v2\/types\/product"}],"replies":[{"embeddable":true,"href":"https:\/\/www.parthages.be\/eboutique\/wp-json\/wp\/v2\/comments?post=176"}],"wp:featuredmedia":[{"embeddable":true,"href":"https:\/\/www.parthages.be\/eboutique\/wp-json\/wp\/v2\/media\/175"}],"wp:attachment":[{"href":"https:\/\/www.parthages.be\/eboutique\/wp-json\/wp\/v2\/media?parent=176"}],"curies":[{"name":"wp","href":"https:\/\/api.w.org\/{rel}","templated":true}]}}