{"id":1772,"date":"2021-09-06T17:09:44","date_gmt":"2021-09-06T15:09:44","guid":{"rendered":"https:\/\/www.parthages.be\/eboutique\/?post_type=product&#038;p=1772"},"modified":"2021-09-06T17:09:44","modified_gmt":"2021-09-06T15:09:44","slug":"le-statut-des-langues-des-signes-en-europe","status":"publish","type":"product","link":"https:\/\/www.parthages.be\/eboutique\/produit\/le-statut-des-langues-des-signes-en-europe\/","title":{"rendered":"Le statut des langues des signes en Europe"},"content":{"rendered":"<p>Nous estimons \u00e0 un million le nombre de personnes sourdes dans les \u00c9tats membres du Conseil de l&rsquo;Europe. Les langues des signes sont consid\u00e9r\u00e9es comme langues primaires ou maternelles des sourds. Par contre dans leur famille ou amis ce langage est utilis\u00e9 mais comme deuxi\u00e8me langue ou m\u00eame comme langue \u00e9trang\u00e8re. Les langages gestuels sont consid\u00e9r\u00e9s comme langues \u00e0 part enti\u00e8re, avec leur propre grammaire, lexique et syntaxe ce sont des langues syst\u00e9matiques et soumises \u00e0 des r\u00e8gles. Chaque pays \u00e0 la sienne et certains en ont m\u00eame plusieurs. Les informations provenant des \u00c9tats membres et d&rsquo;ONG ont permis de cr\u00e9er ce rapport et de donner un aper\u00e7u de la reconnaissance des langues des signes dans 26 \u00c9tats europ\u00e9ens.<\/p>\n<p>Comment les droits d&rsquo;usage de celles-ci sont-ils prot\u00e9g\u00e9s et encourag\u00e9s afin de permettre aux malentendants de jouir pleinement de leurs droits politiques, sociaux et culturels? (Pr\u00e9sentation de l\u2019\u00e9diteur)<\/p>\n<p>TIMMERMANS N.<\/p>\n<p>Editions du Conseil de L&rsquo;Europe<\/p>\n<p>2005-172p.<\/p>\n<p>ISBN\u00a0: 92-871-5723-5<\/p>\n<p>Cote doc\u00a0: 6-20-TIM-S<\/p>\n<span class=\"et_bloom_bottom_trigger\"><\/span>","protected":false},"excerpt":{"rendered":"<p>Nous estimons \u00e0 un million le nombre de personnes sourdes dans les \u00c9tats membres du Conseil de l&rsquo;Europe. Les langues des signes sont consid\u00e9r\u00e9es comme langues primaires ou maternelles des sourds.<\/p>\n","protected":false},"featured_media":1773,"comment_status":"closed","ping_status":"closed","template":"","meta":{"_et_pb_use_builder":"","_et_pb_old_content":"","_et_gb_content_width":"","spay_email":""},"class_list":["post-1772","product","type-product","status-publish","has-post-thumbnail","hentry","product_cat-livres","product_tag-communication","product_tag-conseil-de-leurope","product_tag-deficience-auditive","product_tag-droit","product_tag-historique","product_tag-integration","product_tag-langage-des-signes","product_tag-legislation","product_tag-ong","product_tag-recommandation","product_tag-statut","product_tag-union-europeenne"],"jetpack_sharing_enabled":true,"jetpack_likes_enabled":true,"_links":{"self":[{"href":"https:\/\/www.parthages.be\/eboutique\/wp-json\/wp\/v2\/product\/1772","targetHints":{"allow":["GET"]}}],"collection":[{"href":"https:\/\/www.parthages.be\/eboutique\/wp-json\/wp\/v2\/product"}],"about":[{"href":"https:\/\/www.parthages.be\/eboutique\/wp-json\/wp\/v2\/types\/product"}],"replies":[{"embeddable":true,"href":"https:\/\/www.parthages.be\/eboutique\/wp-json\/wp\/v2\/comments?post=1772"}],"wp:featuredmedia":[{"embeddable":true,"href":"https:\/\/www.parthages.be\/eboutique\/wp-json\/wp\/v2\/media\/1773"}],"wp:attachment":[{"href":"https:\/\/www.parthages.be\/eboutique\/wp-json\/wp\/v2\/media?parent=1772"}],"curies":[{"name":"wp","href":"https:\/\/api.w.org\/{rel}","templated":true}]}}