{"id":1782,"date":"2021-09-13T14:46:46","date_gmt":"2021-09-13T12:46:46","guid":{"rendered":"https:\/\/www.parthages.be\/eboutique\/?post_type=product&#038;p=1782"},"modified":"2022-02-18T10:21:34","modified_gmt":"2022-02-18T09:21:34","slug":"vos-droits-face-a-la-securite-sociale","status":"publish","type":"product","link":"https:\/\/www.parthages.be\/eboutique\/produit\/vos-droits-face-a-la-securite-sociale\/","title":{"rendered":"Vos droits face \u00e0 la s\u00e9curit\u00e9 sociale"},"content":{"rendered":"<p>Les sujets trait\u00e9s sont : la s\u00e9curit\u00e9 sociale des travailleurs salari\u00e9s (le r\u00e9gime g\u00e9n\u00e9ral, les prestations familiales, l&rsquo;assurance maladie-invalidit\u00e9, les prestations contre le ch\u00f4mage involontaire, les prestations de retraite et de survie, les prestations en cas d&rsquo;accidents du travail ou sur le chemin du travail, l&rsquo;assurance contre les maladies professionnelles-, l&rsquo;assistance au citoyen (les prestations familiales garanties, le minimum de moyens d&rsquo;existence, les allocations aux handicap\u00e9s), la s\u00e9curit\u00e9 sociale des travailleurs ind\u00e9pendants (le statut social&#8230;) et cas pratiques : les handicap\u00e9s, la maternit\u00e9, la jeunesse, les ch\u00f4meurs&#8230; (Pr\u00e9sentation de l\u2019\u00e9diteur)<\/p>\n<p>DE BEYS X.<\/p>\n<p>Vie ouvri\u00e8re<\/p>\n<p>1981- 501p.<\/p>\n<p>ISBN\u00a0: 2-87003-144-0<\/p>\n<p>Cote doc\u00a0: 6-20-DEB-V<\/p>\n<p><strong><em>Uniquement \u00e0 la location<\/em><\/strong><\/p>\n<span class=\"et_bloom_bottom_trigger\"><\/span>","protected":false},"excerpt":{"rendered":"<p>Les sujets trait\u00e9s sont : la s\u00e9curit\u00e9 sociale des travailleurs salari\u00e9s<\/p>\n","protected":false},"featured_media":1783,"comment_status":"closed","ping_status":"closed","template":"","meta":{"_et_pb_use_builder":"","_et_pb_old_content":"","_et_gb_content_width":"","spay_email":""},"class_list":["post-1782","product","type-product","status-publish","has-post-thumbnail","hentry","product_cat-livres","product_cat-livres-jeunesse","product_tag-aide","product_tag-allocation-de-handicap","product_tag-allocation-sociale","product_tag-belgique","product_tag-chomage","product_tag-invalidite","product_tag-maladie","product_tag-personne-handicapee","product_tag-revenu-minimum","product_tag-securite-sociale","product_tag-travailleur"],"jetpack_sharing_enabled":true,"jetpack_likes_enabled":true,"_links":{"self":[{"href":"https:\/\/www.parthages.be\/eboutique\/wp-json\/wp\/v2\/product\/1782","targetHints":{"allow":["GET"]}}],"collection":[{"href":"https:\/\/www.parthages.be\/eboutique\/wp-json\/wp\/v2\/product"}],"about":[{"href":"https:\/\/www.parthages.be\/eboutique\/wp-json\/wp\/v2\/types\/product"}],"replies":[{"embeddable":true,"href":"https:\/\/www.parthages.be\/eboutique\/wp-json\/wp\/v2\/comments?post=1782"}],"wp:featuredmedia":[{"embeddable":true,"href":"https:\/\/www.parthages.be\/eboutique\/wp-json\/wp\/v2\/media\/1783"}],"wp:attachment":[{"href":"https:\/\/www.parthages.be\/eboutique\/wp-json\/wp\/v2\/media?parent=1782"}],"curies":[{"name":"wp","href":"https:\/\/api.w.org\/{rel}","templated":true}]}}