{"id":1784,"date":"2021-09-13T14:47:52","date_gmt":"2021-09-13T12:47:52","guid":{"rendered":"https:\/\/www.parthages.be\/eboutique\/?post_type=product&#038;p=1784"},"modified":"2021-09-13T14:47:53","modified_gmt":"2021-09-13T12:47:53","slug":"droit-action-sociale-developpement-social","status":"publish","type":"product","link":"https:\/\/www.parthages.be\/eboutique\/produit\/droit-action-sociale-developpement-social\/","title":{"rendered":"Droit &#8211; action sociale &#8211; d\u00e9veloppement social"},"content":{"rendered":"<p><strong>Law &#8211; social welfare &#8211; social development <\/strong><\/p>\n<p><strong><em>Ouvrage en anglais<\/em><\/strong><\/p>\n<p>Conf\u00e9rence sur la l\u00e9gislation, la s\u00e9curit\u00e9 sociale et le d\u00e9veloppement social :<\/p>\n<p>-la loi comme source des probl\u00e8mes sociaux, comme un instrument du d\u00e9veloppement social;<\/p>\n<p>-la loi, la s\u00e9curit\u00e9 sociale et le contexte socioculturel;<\/p>\n<p>-la loi et les services sociaux;<\/p>\n<p>-pr\u00e9sentation du Ren\u00e9 Sand Awar;<\/p>\n<p>-les sessions de forums et recommandations des Commissions.<\/p>\n<p>INTERNATIONAL COUNCIL ON SOCIAL WELFARE (ICSW)<\/p>\n<p>Deutscher verein f\u00fcr \u00f6ffentliche und private f\u00fcrsorge<\/p>\n<p>1989-262p.<\/p>\n<p>ISBN\u00a0: 3-17-006650-1<\/p>\n<p>Cote doc\u00a0: 6-20-ICS-L<\/p>\n<p><strong><em>Uniquement \u00e0 la location<\/em><\/strong><\/p>\n<span class=\"et_bloom_bottom_trigger\"><\/span>","protected":false},"excerpt":{"rendered":"<p>Law &#8211; social welfare &#8211; social development Ouvrage en anglais Conf\u00e9rence sur la l\u00e9gislation, la s\u00e9curit\u00e9 sociale et le d\u00e9veloppement social : -la loi comme source des probl\u00e8mes sociaux, comme un instrument du d\u00e9veloppement social; -la loi, la s\u00e9curit\u00e9 sociale et le contexte socioculturel; -la loi et les services sociaux; -pr\u00e9sentation du Ren\u00e9 Sand Awar; [&hellip;]<\/p>\n","protected":false},"featured_media":1785,"comment_status":"closed","ping_status":"closed","template":"","meta":{"_et_pb_use_builder":"","_et_pb_old_content":"","_et_gb_content_width":"","spay_email":""},"class_list":["post-1784","product","type-product","status-publish","has-post-thumbnail","hentry","product_cat-livres","product_tag-acces","product_tag-action-sociale","product_tag-amerique-latine","product_tag-asie","product_tag-aspect-international","product_tag-aspect-socioculturel","product_tag-benevolat","product_tag-chomage","product_tag-congres","product_tag-developpement-social","product_tag-discrimination","product_tag-droit","product_tag-education","product_tag-ong","product_tag-onu","product_tag-organisation","product_tag-participation","product_tag-pauvrete","product_tag-personne-handicapee","product_tag-protection-juridique","product_tag-recommandation","product_tag-refugie","product_tag-rfa","product_tag-service-social","product_tag-statut","product_tag-travailleur","product_tag-travailleur-social"],"jetpack_sharing_enabled":true,"jetpack_likes_enabled":true,"_links":{"self":[{"href":"https:\/\/www.parthages.be\/eboutique\/wp-json\/wp\/v2\/product\/1784","targetHints":{"allow":["GET"]}}],"collection":[{"href":"https:\/\/www.parthages.be\/eboutique\/wp-json\/wp\/v2\/product"}],"about":[{"href":"https:\/\/www.parthages.be\/eboutique\/wp-json\/wp\/v2\/types\/product"}],"replies":[{"embeddable":true,"href":"https:\/\/www.parthages.be\/eboutique\/wp-json\/wp\/v2\/comments?post=1784"}],"wp:featuredmedia":[{"embeddable":true,"href":"https:\/\/www.parthages.be\/eboutique\/wp-json\/wp\/v2\/media\/1785"}],"wp:attachment":[{"href":"https:\/\/www.parthages.be\/eboutique\/wp-json\/wp\/v2\/media?parent=1784"}],"curies":[{"name":"wp","href":"https:\/\/api.w.org\/{rel}","templated":true}]}}