{"id":1787,"date":"2021-09-13T14:48:56","date_gmt":"2021-09-13T12:48:56","guid":{"rendered":"https:\/\/www.parthages.be\/eboutique\/?post_type=product&#038;p=1787"},"modified":"2021-09-13T14:48:57","modified_gmt":"2021-09-13T12:48:57","slug":"les-droits-des-victimes-de-la-medecine","status":"publish","type":"product","link":"https:\/\/www.parthages.be\/eboutique\/produit\/les-droits-des-victimes-de-la-medecine\/","title":{"rendered":"Les droits des victimes de la m\u00e9decine"},"content":{"rendered":"<p>Tous les patients qui s&rsquo;estiment victimes d&rsquo;un acte m\u00e9dical trouveront dans ce guide pratique et juridique des r\u00e9ponses concr\u00e8tes \u00e0 leurs questions l\u00e9gitimes touchant aux causes, aux cons\u00e9quences et \u00e0 la r\u00e9paration de ces erreurs ou accidents, parmi lesquelles\u00a0:<\/p>\n<ul>\n<li>Qu&rsquo;est-ce qu&rsquo;une faute m\u00e9dicale\u00a0?<\/li>\n<li>Comment la prouver\u00a0?<\/li>\n<li>Quels dommages sont indemnisables\u00a0?<\/li>\n<li>Quelles informations doit recevoir le patient\u00a0?<\/li>\n<li>Quelle est la port\u00e9e de son consentement\u00a0?<\/li>\n<li>Quels sont les diff\u00e9rents recours (amiable ou en justice)\u00a0?&#8230;<\/li>\n<\/ul>\n<p><strong>Les r\u00e9ponses sont claires et accessibles, assorties de nombreuses r\u00e9f\u00e9rences.<\/strong><\/p>\n<p>Trop de victimes pensent qu&rsquo;elles ne pourront pas \u00eatre indemnis\u00e9es et se taisent. Elles se trompent\u00a0! Il existe en effet des proc\u00e9dures non judiciaires et gratuites d&rsquo;indemnisation. Et lorsque l&rsquo;affaire est non judiciaire et gratuites d&rsquo;indemnisation. Et lorsque l&rsquo;affaire est port\u00e9e en justice, leur t\u00e2che est facilit\u00e9e par des pr\u00e9somptions l\u00e9gales ou judiciaires de responsabilit\u00e9, et par la mansu\u00e9tude dont font preuve les juges lorsque le dommage semble digne d&rsquo;\u00eatre indemnis\u00e9 (en particulier lorsqu&rsquo;il est important) et par la reconnaissance large de nouveaux pr\u00e9judices telle que la simple perte chance. Les voici expliqu\u00e9es&#8230; (Pr\u00e9sentation de l\u2019\u00e9diteur)<\/p>\n<p>DAPOGNY B.<\/p>\n<p>2009-458p.<\/p>\n<p>Editions du Puits Fleuri<\/p>\n<p>ISBN\u00a0: 978-2-86739-395-5<\/p>\n<p>Cote doc\u00a0: 6-20-DAP-D<\/p>\n<p><strong><em>Uniquement \u00e0 la location<\/em><\/strong><\/p>\n<span class=\"et_bloom_bottom_trigger\"><\/span>","protected":false},"excerpt":{"rendered":"<p>Tous les patients qui s&rsquo;estiment victimes d&rsquo;un acte m\u00e9dical trouveront dans ce guide pratique et juridique des r\u00e9ponses concr\u00e8tes \u00e0 leurs questions l\u00e9gitimes touchant aux causes, aux cons\u00e9quences et \u00e0 la r\u00e9paration de ces erreurs ou accidents<\/p>\n","protected":false},"featured_media":1788,"comment_status":"closed","ping_status":"closed","template":"","meta":{"_et_pb_use_builder":"","_et_pb_old_content":"","_et_gb_content_width":"","spay_email":""},"class_list":["post-1787","product","type-product","status-publish","has-post-thumbnail","hentry","product_cat-livres","product_tag-droit","product_tag-erreur-medicale","product_tag-france","product_tag-incapacite","product_tag-legislation","product_tag-medecine","product_tag-patient","product_tag-prejudice"],"jetpack_sharing_enabled":true,"jetpack_likes_enabled":true,"_links":{"self":[{"href":"https:\/\/www.parthages.be\/eboutique\/wp-json\/wp\/v2\/product\/1787","targetHints":{"allow":["GET"]}}],"collection":[{"href":"https:\/\/www.parthages.be\/eboutique\/wp-json\/wp\/v2\/product"}],"about":[{"href":"https:\/\/www.parthages.be\/eboutique\/wp-json\/wp\/v2\/types\/product"}],"replies":[{"embeddable":true,"href":"https:\/\/www.parthages.be\/eboutique\/wp-json\/wp\/v2\/comments?post=1787"}],"wp:featuredmedia":[{"embeddable":true,"href":"https:\/\/www.parthages.be\/eboutique\/wp-json\/wp\/v2\/media\/1788"}],"wp:attachment":[{"href":"https:\/\/www.parthages.be\/eboutique\/wp-json\/wp\/v2\/media?parent=1787"}],"curies":[{"name":"wp","href":"https:\/\/api.w.org\/{rel}","templated":true}]}}