{"id":1795,"date":"2021-09-13T14:53:53","date_gmt":"2021-09-13T12:53:53","guid":{"rendered":"https:\/\/www.parthages.be\/eboutique\/?post_type=product&#038;p=1795"},"modified":"2021-09-13T14:55:29","modified_gmt":"2021-09-13T12:55:29","slug":"larticle-13-du-traite-ce-la-clause-communautaire-de-lutte-contre-les-discriminations","status":"publish","type":"product","link":"https:\/\/www.parthages.be\/eboutique\/produit\/larticle-13-du-traite-ce-la-clause-communautaire-de-lutte-contre-les-discriminations\/","title":{"rendered":"L&rsquo;article 13 du trait\u00e9 CE: La clause communautaire de lutte contre les discriminations"},"content":{"rendered":"<p>En offrant aux institutions communautaires la possibilit\u00e9 d&rsquo;adopter des mesures destin\u00e9es \u00e0 lutter contre certaines formes de discriminations, l&rsquo;article 13 du trait\u00e9 CE \u00e0 l\u2019origine de la mise en place d\u2019un politique commune de l&rsquo;\u00e9galit\u00e9 en Europe. L&rsquo;originalit\u00e9 de la disposition est ind\u00e9niable dans la mesure o\u00f9 la protection de l&rsquo;\u00e9galit\u00e9 y est non seulement \u00e9rig\u00e9e en objectif communautaire mais aussi transform\u00e9e en objectif normatif.<\/p>\n<p>En ce sens, la clause \u00e9tudi\u00e9e est porteuse d&rsquo;\u00e9volutions tant d&rsquo;un point de vue communautaire qu&rsquo;\u00e9galitaire. D&rsquo;une part, sous l&rsquo;angle de l&rsquo;int\u00e9gration communautaire, l&rsquo;article 13 du trait\u00e9 CE conf\u00e8re une habilitation in\u00e9dite \u00e0 la communaut\u00e9 en vue de combattre un panel \u00e9tendu de discriminations fond\u00e9es sur le sexe, la race ou l&rsquo;origine ethnique, la religion ou les convictions, un handicap, l&rsquo;\u00e2ge, ou l&rsquo;orientation sexuelle. La disposition \u00e9largit de la sorte consid\u00e9rablement, quoique de mani\u00e8re parfois ambigu\u00eb, les perspectives d&rsquo;intervention de l&rsquo;organisation communautaire dans des domaines sensibles touchant au mod\u00e8le social national et \u00e0 la protection des droits fondamentaux. D&rsquo;autre part, sous l&rsquo;angle de la protection \u00e9galitaire, l&rsquo;article 13 du trait\u00e9 CE entra\u00eene une modification en profondeur et sans pr\u00e9c\u00e9dent du droit de la lutte contre les discriminations. (Pr\u00e9sentation de l\u2019\u00e9diteur)<\/p>\n<p>DUBOUT E.<\/p>\n<p>Bruylant<\/p>\n<p>2006- 700p.<\/p>\n<p>ISBN\u00a0: 2-8027-2097-X<\/p>\n<p>Cote doc\u00a0: 6-10-DUB-A<\/p>\n<p><strong><em>Uniquement \u00e0 la location<\/em><\/strong><\/p>\n<span class=\"et_bloom_bottom_trigger\"><\/span>","protected":false},"excerpt":{"rendered":"<p>En offrant aux institutions communautaires la possibilit\u00e9 d&rsquo;adopter des mesures destin\u00e9es \u00e0 lutter contre certaines formes de discriminations, l&rsquo;article 13 du trait\u00e9 CE \u00e0 l\u2019origine de la mise en place d\u2019un politique commune de l&rsquo;\u00e9galit\u00e9 en Europe.<\/p>\n","protected":false},"featured_media":1796,"comment_status":"closed","ping_status":"closed","template":"","meta":{"_et_pb_use_builder":"","_et_pb_old_content":"","_et_gb_content_width":"","spay_email":""},"class_list":["post-1795","product","type-product","status-publish","has-post-thumbnail","hentry","product_cat-livres","product_tag-discrimination","product_tag-evolution","product_tag-legislation","product_tag-lutte-contre-les-inegalites","product_tag-protection"],"jetpack_sharing_enabled":true,"jetpack_likes_enabled":true,"_links":{"self":[{"href":"https:\/\/www.parthages.be\/eboutique\/wp-json\/wp\/v2\/product\/1795","targetHints":{"allow":["GET"]}}],"collection":[{"href":"https:\/\/www.parthages.be\/eboutique\/wp-json\/wp\/v2\/product"}],"about":[{"href":"https:\/\/www.parthages.be\/eboutique\/wp-json\/wp\/v2\/types\/product"}],"replies":[{"embeddable":true,"href":"https:\/\/www.parthages.be\/eboutique\/wp-json\/wp\/v2\/comments?post=1795"}],"wp:featuredmedia":[{"embeddable":true,"href":"https:\/\/www.parthages.be\/eboutique\/wp-json\/wp\/v2\/media\/1796"}],"wp:attachment":[{"href":"https:\/\/www.parthages.be\/eboutique\/wp-json\/wp\/v2\/media?parent=1795"}],"curies":[{"name":"wp","href":"https:\/\/api.w.org\/{rel}","templated":true}]}}