{"id":18,"date":"2012-09-24T11:37:53","date_gmt":"2012-09-24T09:37:53","guid":{"rendered":"https:\/\/www.parthages.be\/wordpress\/produit\/envie-d-amour\/"},"modified":"2022-07-26T07:55:16","modified_gmt":"2022-07-26T05:55:16","slug":"envie-d-amour","status":"publish","type":"product","link":"https:\/\/www.parthages.be\/eboutique\/produit\/envie-d-amour\/","title":{"rendered":"enVie d&rsquo;amour : vie affective relationnelle et sexuelle des personnes bless\u00e9es m\u00e9dullaires"},"content":{"rendered":"<p>Le pr\u00e9sent ouvrage reprend les retranscriptions des communications scientifiques et des discussions issues des ateliers th\u00e9matiques de la journ\u00e9e d&rsquo;\u00e9tude \u00ab\u00a0Vie affective, relationnelle et sexuelle des personnes bless\u00e9es m\u00e9dullaires\u00a0\u00bb du 29 mai 2009 (Namur-Belgique). L&rsquo;organisation de cette journ\u00e9e d&rsquo;\u00e9tude a fait suite \u00e0 la parution de l&rsquo;outil de promotion de la sant\u00e9 \u00ab\u00a0enVIE d&rsquo;amour: vie affective, relationnelle et des personnes bless\u00e9es m\u00e9dullaires\u00a0\u00bb. Il a \u00e9t\u00e9 r\u00e9alis\u00e9 par le D\u00e9partement de Psychologie, le Centre Handicap et Sant\u00e9 et le Centre de Ressources et d&rsquo;\u00c9valuation des Technologies adapt\u00e9es aux personnes handicap\u00e9es (CRETH), gr\u00e2ce \u00e0 la collaboration de personnes bless\u00e9es m\u00e9dullaires et leurs proches, ainsi que gr\u00e2ce \u00e0 plusieurs professionnels de sant\u00e9. L&rsquo;outil \u00ab\u00a0enVIE d&rsquo;amour\u00a0\u00bb et l&rsquo;organisation de la journ\u00e9e d&rsquo;\u00e9tude ont re\u00e7u le soutien financier du FNRS, du Minist\u00e8re de la Sant\u00e9 de la communaut\u00e9 fran\u00e7aise, de la Direction g\u00e9n\u00e9rale op\u00e9rationnelle de l&rsquo;\u00c9conomie, de l&rsquo;Emploi et de la Recherche de Wallonie, de l&rsquo;AWIPH, de CAP 48 et de CERA Foundation.<\/p>\n<p>Cet ouvrage se scinde en deux parties. La premi\u00e8re rassemble les communications scientifiques, la seconde r\u00e9sume les id\u00e9es principales \u00e9chang\u00e9es lors des discussions qui p,t eu lieu dans cinq ateliers th\u00e9matiques (Pr\u00e9sentation de l&rsquo;\u00e9diteur)<\/p>\n<p>MERCIER M.<\/p>\n<p>Presses universitaires de Namur<\/p>\n<p>2011-128p<\/p>\n<p>ISBN\u00a0: 978-2-87037-699-7<\/p>\n<p>Cote doc\u00a0:\u00a04-20-MER-E1<\/p>\n<p><strong><em>Uniquement \u00e0 la location<\/em><\/strong><\/p>\n<span class=\"et_bloom_bottom_trigger\"><\/span>","protected":false},"excerpt":{"rendered":"<p>Le pr\u00e9sent ouvrage reprend les retranscriptions des communications scientifiques et des discussions issues des ateliers th\u00e9matiques de la journ\u00e9e d&rsquo;\u00e9tude \u00ab\u00a0Vie affective, relationnelle et sexuelle des personnes bless\u00e9es m\u00e9dullaires\u00a0\u00bb du 29 mai 2009 (Namur-Belgique).<\/p>\n","protected":false},"featured_media":2284,"comment_status":"open","ping_status":"closed","template":"","meta":{"_et_pb_use_builder":"","_et_pb_old_content":"","_et_gb_content_width":"","spay_email":""},"class_list":["post-18","product","type-product","status-publish","has-post-thumbnail","hentry","product_cat-livres","product_tag-confiance-en-soi","product_tag-deficience-motrice","product_tag-deficience-physique","product_tag-desir-denfant","product_tag-hygiene-corporelle","product_tag-lesion-medullaire","product_tag-outil","product_tag-outil-pedagogique","product_tag-parent-handicape","product_tag-parentalite","product_tag-personne-handicapee","product_tag-representation-sociale","product_tag-sexualite","product_tag-tetraplegie","product_tag-traumatisme","product_tag-vie-affective","product_tag-vie-quotidienne"],"jetpack_sharing_enabled":true,"jetpack_likes_enabled":true,"_links":{"self":[{"href":"https:\/\/www.parthages.be\/eboutique\/wp-json\/wp\/v2\/product\/18","targetHints":{"allow":["GET"]}}],"collection":[{"href":"https:\/\/www.parthages.be\/eboutique\/wp-json\/wp\/v2\/product"}],"about":[{"href":"https:\/\/www.parthages.be\/eboutique\/wp-json\/wp\/v2\/types\/product"}],"replies":[{"embeddable":true,"href":"https:\/\/www.parthages.be\/eboutique\/wp-json\/wp\/v2\/comments?post=18"}],"wp:featuredmedia":[{"embeddable":true,"href":"https:\/\/www.parthages.be\/eboutique\/wp-json\/wp\/v2\/media\/2284"}],"wp:attachment":[{"href":"https:\/\/www.parthages.be\/eboutique\/wp-json\/wp\/v2\/media?parent=18"}],"curies":[{"name":"wp","href":"https:\/\/api.w.org\/{rel}","templated":true}]}}