{"id":1801,"date":"2021-09-13T14:59:38","date_gmt":"2021-09-13T12:59:38","guid":{"rendered":"https:\/\/www.parthages.be\/eboutique\/?post_type=product&#038;p=1801"},"modified":"2021-09-13T14:59:39","modified_gmt":"2021-09-13T12:59:39","slug":"les-politiques-de-protection-des-personnes-handicapees-en-europe-et-dans-le-monde","status":"publish","type":"product","link":"https:\/\/www.parthages.be\/eboutique\/produit\/les-politiques-de-protection-des-personnes-handicapees-en-europe-et-dans-le-monde\/","title":{"rendered":"Les politiques de protection des personnes handicap\u00e9es en Europe et dans le monde"},"content":{"rendered":"<p>Autonomie, participation, \u00e9mancipation repr\u00e9sentent autant de termes qui parlent aux personnes\u00a0 en situation de handicap. Evoquer la protection\u00a0 pour une personne handicap\u00e9e peut pr\u00eater \u00e0 discussion d\u00e8s lors que ce terme s\u2019entend dans sa connotation paternaliste, voire dominatrice. Ce n\u2019est pourtant pas cette acception que le pr\u00e9sent ouvrage retient du mot protection. La protection englobe ici l\u2019ensemble des m\u00e9canismes destin\u00e9s\u00a0 \u00e0 assurer une vie digne \u00e0 la personne en situation de handicap, \u00e0 garantir \u00e0 celle-ci la pl\u00e9nitude et l\u2019effectivit\u00e9 des pr\u00e9rogatives reconnues \u00e0 tout \u00eatre humain.<\/p>\n<p>Autant dire que le contenu de cet ouvrage issu d\u2019un colloque organis\u00e9 \u00e0 Paris le 15 mars 2007 s\u2019inscrit dans la d\u00e9marche entreprise par l\u2019Association Travail et Handicap dans la Recherche publique depuis 1986. Analysant les mod\u00e8les propos\u00e9s par l\u2019ONU, l\u2019Union europ\u00e9enne, le Conseil de l\u2019Europe, le Maghreb et diff\u00e9rents Etats, confrontant ces mod\u00e8les les uns aux autres dans leurs dimensions th\u00e9orique et pratique, les interventions rassembl\u00e9es ici d\u00e9livrent des informations qui remettent parfois en cause quelques id\u00e9es re\u00e7ues et proposent des solutions concr\u00e8tes, utiles au chercheur, \u00e0 la personne handicap\u00e9e, au travailleur social.<\/p>\n<p>Si la premi\u00e8re s\u00e9rie de contributions de l\u2019ouvrage s\u2019attache \u00e0 l\u2019examen prospectif de la protection des personnes handicap\u00e9es dans une approche globalisante, la seconde s\u00e9rie se consacre particuli\u00e8rement \u00e0 la confrontation de l\u2019emploi au handicap, laquelle commence par une analyse \u00e9conomique. Autant dire que les employeurs et les travailleurs handicap\u00e9s se nourriront d\u2019\u00e9l\u00e9ments dont certains sont en pleine \u00e9volution et \u00e9volueront encore, notamment sous l\u2019influence de la convention des Nations Unies relative aux droits des personnes handicap\u00e9es du 13 d\u00e9cembre 2006. (Pr\u00e9sentation de l\u2019\u00e9diteur)<\/p>\n<p>BOUJEKA A.<\/p>\n<p>Bruylant<\/p>\n<p>2009-361p.-50\u20ac<\/p>\n<p>500gr<\/p>\n<p>ISBN\u00a0: 978-2-8027-2736-1<\/p>\n<p>Cote doc\u00a0: 6-10-BOU-L<\/p>\n<span class=\"et_bloom_bottom_trigger\"><\/span>","protected":false},"excerpt":{"rendered":"<p>Autonomie, participation, \u00e9mancipation repr\u00e9sentent autant de termes qui parlent aux personnes\u00a0 en situation de handicap. Evoquer la protection\u00a0 pour une personne handicap\u00e9e peut pr\u00eater \u00e0 discussion d\u00e8s lors que ce terme s\u2019entend dans sa connotation paternaliste, voire dominatrice.<\/p>\n","protected":false},"featured_media":1802,"comment_status":"closed","ping_status":"closed","template":"","meta":{"_et_pb_use_builder":"","_et_pb_old_content":"","_et_gb_content_width":"","spay_email":""},"class_list":["post-1801","product","type-product","status-publish","has-post-thumbnail","hentry","product_cat-livres","product_tag-droit","product_tag-emploi","product_tag-justice","product_tag-maghreb","product_tag-onu","product_tag-personne-handicapee","product_tag-politique","product_tag-politique-pour-les-personnes-handicapees","product_tag-protection-de-la-personne","product_tag-union-europeenne"],"jetpack_sharing_enabled":true,"jetpack_likes_enabled":true,"_links":{"self":[{"href":"https:\/\/www.parthages.be\/eboutique\/wp-json\/wp\/v2\/product\/1801","targetHints":{"allow":["GET"]}}],"collection":[{"href":"https:\/\/www.parthages.be\/eboutique\/wp-json\/wp\/v2\/product"}],"about":[{"href":"https:\/\/www.parthages.be\/eboutique\/wp-json\/wp\/v2\/types\/product"}],"replies":[{"embeddable":true,"href":"https:\/\/www.parthages.be\/eboutique\/wp-json\/wp\/v2\/comments?post=1801"}],"wp:featuredmedia":[{"embeddable":true,"href":"https:\/\/www.parthages.be\/eboutique\/wp-json\/wp\/v2\/media\/1802"}],"wp:attachment":[{"href":"https:\/\/www.parthages.be\/eboutique\/wp-json\/wp\/v2\/media?parent=1801"}],"curies":[{"name":"wp","href":"https:\/\/api.w.org\/{rel}","templated":true}]}}