{"id":1806,"date":"2021-09-13T15:03:09","date_gmt":"2021-09-13T13:03:09","guid":{"rendered":"https:\/\/www.parthages.be\/eboutique\/?post_type=product&#038;p=1806"},"modified":"2021-09-13T15:03:10","modified_gmt":"2021-09-13T13:03:10","slug":"de-la-deficience-a-la-reinsertion-recherches-sur-les-handicaps-et-les-personnes-handicapees-reinsertion","status":"publish","type":"product","link":"https:\/\/www.parthages.be\/eboutique\/produit\/de-la-deficience-a-la-reinsertion-recherches-sur-les-handicaps-et-les-personnes-handicapees-reinsertion\/","title":{"rendered":"De la d\u00e9ficience \u00e0  la r\u00e9insertion : recherches sur les handicaps et les personnes handicap\u00e9es r\u00e9insertion"},"content":{"rendered":"<p>Cet ouvrage traite en 3 parties du processus qui m\u00e8ne de la d\u00e9ficience \u00e0 la r\u00e9insertion.<\/p>\n<p>La premi\u00e8re partie traite de l&rsquo;\u00e9valuation clinique et paraclinique des d\u00e9ficiences motrices et neuropsychologiques. Elle permet de faire le point sur la d\u00e9marche m\u00e9trologique qui fournit des indicateurs n\u00e9cessaires \u00e0 l&rsquo;identification et \u00e0 la quantification de la trilogie d\u00e9ficience-incapacit\u00e9-handicap (trilogie de Wood) ainsi qu&rsquo;\u00e0 l&rsquo;optimisation des interventions th\u00e9rapeutiques sur la base de sch\u00e9mas physiopathologiques valid\u00e9s.<\/p>\n<p>La seconde partie aborde les dimensions psychosociologiques du handicap \u00e0 travers l&rsquo;\u00e9tude de l&rsquo;annonce du handicap, des attitudes, des repr\u00e9sentations, de l&rsquo;identit\u00e9 et de la qualit\u00e9 de vie.<\/p>\n<p>La troisi\u00e8me partie porte sur les conditions de vie et l&rsquo;environnement des personnes handicap\u00e9es en traitant de l&rsquo;impact du handicap sur la vie professionnelle, familiale, sur les transports, ainsi que du probl\u00e8me de l&rsquo;accessibilit\u00e9 ou des aides techniques.( Pr\u00e9sentation de l\u2019\u00e9diteur)<\/p>\n<p>RAVAUD J.F.- AUSSILLOUX C.- AYME S.- DIDIER J.<\/p>\n<p>1997- 199p.<\/p>\n<p>ISBN\u00a0: 2-85598-668-0<\/p>\n<p>Cote doc\u00a0: 5-60-RAV-D<\/p>\n<p><strong><em>Uniquement \u00e0 la location<\/em><\/strong><\/p>\n<span class=\"et_bloom_bottom_trigger\"><\/span>","protected":false},"excerpt":{"rendered":"<p>Cet ouvrage traite en 3 parties du processus qui m\u00e8ne de la d\u00e9ficience \u00e0 la r\u00e9insertion.<\/p>\n","protected":false},"featured_media":1807,"comment_status":"closed","ping_status":"closed","template":"","meta":{"_et_pb_use_builder":"","_et_pb_old_content":"","_et_gb_content_width":"","spay_email":""},"class_list":["post-1806","product","type-product","status-publish","has-post-thumbnail","hentry","product_cat-livres","product_tag-annonce-du-handicap","product_tag-condition-de-vie","product_tag-deficience","product_tag-deficience-motrice","product_tag-evaluation","product_tag-handicap","product_tag-identite","product_tag-incapacite","product_tag-personne-handicapee","product_tag-psychologie","product_tag-qualite-de-vie","product_tag-recherche","product_tag-reeducation","product_tag-reinsertion","product_tag-trouble-cognitif","product_tag-vie-en-societe"],"jetpack_sharing_enabled":true,"jetpack_likes_enabled":true,"_links":{"self":[{"href":"https:\/\/www.parthages.be\/eboutique\/wp-json\/wp\/v2\/product\/1806","targetHints":{"allow":["GET"]}}],"collection":[{"href":"https:\/\/www.parthages.be\/eboutique\/wp-json\/wp\/v2\/product"}],"about":[{"href":"https:\/\/www.parthages.be\/eboutique\/wp-json\/wp\/v2\/types\/product"}],"replies":[{"embeddable":true,"href":"https:\/\/www.parthages.be\/eboutique\/wp-json\/wp\/v2\/comments?post=1806"}],"wp:featuredmedia":[{"embeddable":true,"href":"https:\/\/www.parthages.be\/eboutique\/wp-json\/wp\/v2\/media\/1807"}],"wp:attachment":[{"href":"https:\/\/www.parthages.be\/eboutique\/wp-json\/wp\/v2\/media?parent=1806"}],"curies":[{"name":"wp","href":"https:\/\/api.w.org\/{rel}","templated":true}]}}