{"id":1810,"date":"2021-09-13T15:05:39","date_gmt":"2021-09-13T13:05:39","guid":{"rendered":"https:\/\/www.parthages.be\/eboutique\/?post_type=product&#038;p=1810"},"modified":"2021-09-13T15:05:39","modified_gmt":"2021-09-13T13:05:39","slug":"lavenir-des-services-sociaux-en-italie-le-role-de-la-cooperation-sociale-dans-les-processus-de-depublicisation","status":"publish","type":"product","link":"https:\/\/www.parthages.be\/eboutique\/produit\/lavenir-des-services-sociaux-en-italie-le-role-de-la-cooperation-sociale-dans-les-processus-de-depublicisation\/","title":{"rendered":"L&rsquo;avenir des services sociaux en Italie : le r\u00f4le de la coop\u00e9ration sociale dans les processus de d\u00e9publicisation"},"content":{"rendered":"<p><strong>Il futuro dei servizi sociali in Italia : il ruolo della cooperazione sociale nei processi di depubblicizzazione<\/strong><\/p>\n<p>Les sujets trait\u00e9s sont les suivants :<\/p>\n<ol>\n<li>l&rsquo;\u00e9volution de la s\u00e9curit\u00e9 sociale en Italie : quelques traits caract\u00e9ristiques,<\/li>\n<li>la contribution de la th\u00e9orie \u00e9conomique aux processus de privatisation dans les services sociaux,<\/li>\n<li>\u00e0 propos du contracting-out dans les services sociaux et sanitaires, 4. \u00ab\u00a0presque-march\u00e9s\u00a0\u00bbet information,<\/li>\n<li>r\u00e9duction de l&rsquo;intervention publique, d\u00e9veloppement de l&rsquo;offre non lucrative et forme de n\u00e9gociation dans les services sociaux en Grande-Bretagne,<\/li>\n<li>\u00e9l\u00e9ments de th\u00e9orie pour les exploitations non lucratives<\/li>\n<li>\u00e9quilibre de l&rsquo;exploitation du service social et \u00e9quilibre du syst\u00e8me des services<\/li>\n<li>\u00e9l\u00e9ments pour la d\u00e9finition d&rsquo;un mod\u00e8le d&rsquo;observation \u00e9conomie-entreprise d&rsquo;unit\u00e9 de production et de la distribution de quelques services sociaux<\/li>\n<li>l&rsquo;augmentation des co\u00fbts d&rsquo;utilisation des facteurs productifs et des services productifs et distribu\u00e9s par un groupe d&rsquo;exploitations<\/li>\n<li>caract\u00e9risation des nouveaux m\u00e9canismes dans le rapport entre le public et le priv\u00e9.<\/li>\n<li>\u00e9l\u00e9ments pour la constitution d&rsquo;un mod\u00e8le pour la privatisation des services sociaux sanitaires et \u00e9ducatifs.<\/li>\n<\/ol>\n<p><strong><em>Document en Italien<\/em><\/strong><\/p>\n<p>ISTITUTO DI STUDI COOPERATIVI LUIGI LUZZATI<\/p>\n<p>1993-205p.<\/p>\n<p>Cote doc: 5-50-IIS-F<\/p>\n<span class=\"et_bloom_bottom_trigger\"><\/span>","protected":false},"excerpt":{"rendered":"<p>Il futuro dei servizi sociali in Italia : il ruolo della cooperazione sociale nei processi di depubblicizzazione Les sujets trait\u00e9s sont les suivants : l&rsquo;\u00e9volution de la s\u00e9curit\u00e9 sociale en Italie : quelques traits caract\u00e9ristiques, la contribution de la th\u00e9orie \u00e9conomique aux processus de privatisation dans les services sociaux, \u00e0 propos du contracting-out dans les [&hellip;]<\/p>\n","protected":false},"featured_media":1811,"comment_status":"closed","ping_status":"closed","template":"","meta":{"_et_pb_use_builder":"","_et_pb_old_content":"","_et_gb_content_width":"","spay_email":""},"class_list":["post-1810","product","type-product","status-publish","has-post-thumbnail","hentry","product_cat-livres","product_tag-aspect-economique","product_tag-economie","product_tag-italie","product_tag-personne-handicapee","product_tag-royaume-uni","product_tag-securite-sociale","product_tag-service-social","product_tag-structure-hospitaliere","product_tag-theorie"],"jetpack_sharing_enabled":true,"jetpack_likes_enabled":true,"_links":{"self":[{"href":"https:\/\/www.parthages.be\/eboutique\/wp-json\/wp\/v2\/product\/1810","targetHints":{"allow":["GET"]}}],"collection":[{"href":"https:\/\/www.parthages.be\/eboutique\/wp-json\/wp\/v2\/product"}],"about":[{"href":"https:\/\/www.parthages.be\/eboutique\/wp-json\/wp\/v2\/types\/product"}],"replies":[{"embeddable":true,"href":"https:\/\/www.parthages.be\/eboutique\/wp-json\/wp\/v2\/comments?post=1810"}],"wp:featuredmedia":[{"embeddable":true,"href":"https:\/\/www.parthages.be\/eboutique\/wp-json\/wp\/v2\/media\/1811"}],"wp:attachment":[{"href":"https:\/\/www.parthages.be\/eboutique\/wp-json\/wp\/v2\/media?parent=1810"}],"curies":[{"name":"wp","href":"https:\/\/api.w.org\/{rel}","templated":true}]}}