{"id":1823,"date":"2021-09-17T08:59:15","date_gmt":"2021-09-17T06:59:15","guid":{"rendered":"https:\/\/www.parthages.be\/eboutique\/?post_type=product&#038;p=1823"},"modified":"2021-09-17T08:59:16","modified_gmt":"2021-09-17T06:59:16","slug":"9eme-rapport-sur-letat-de-la-pauvrete-en-region-de-bruxelles-capitale","status":"publish","type":"product","link":"https:\/\/www.parthages.be\/eboutique\/produit\/9eme-rapport-sur-letat-de-la-pauvrete-en-region-de-bruxelles-capitale\/","title":{"rendered":"9\u00e8me rapport sur l&rsquo;\u00e9tat de la pauvret\u00e9 en R\u00e9gion de Bruxelles Capitale"},"content":{"rendered":"<p>OBSERVATOIRE DE LA SANTE ET DU SOCIAL BRUXELLES &#8211; Rapport 2004<\/p>\n<p>200p.<\/p>\n<p>Cote doc\u00a0: 7-10-OSS-R2<\/p>\n<p><strong><em>Uniquement \u00e0 la location<\/em><\/strong><\/p>\n<span class=\"et_bloom_bottom_trigger\"><\/span>","protected":false},"excerpt":{"rendered":"<p>OBSERVATOIRE DE LA SANTE ET DU SOCIAL BRUXELLES &#8211; Rapport 2004<\/p>\n","protected":false},"featured_media":1824,"comment_status":"closed","ping_status":"closed","template":"","meta":{"_et_pb_use_builder":"","_et_pb_old_content":"","_et_gb_content_width":"","spay_email":""},"class_list":["post-1823","product","type-product","status-publish","has-post-thumbnail","hentry","product_cat-livres","product_tag-bruxelles-capitale","product_tag-indicateur","product_tag-pauvrete","product_tag-surendettement"],"jetpack_sharing_enabled":true,"jetpack_likes_enabled":true,"_links":{"self":[{"href":"https:\/\/www.parthages.be\/eboutique\/wp-json\/wp\/v2\/product\/1823","targetHints":{"allow":["GET"]}}],"collection":[{"href":"https:\/\/www.parthages.be\/eboutique\/wp-json\/wp\/v2\/product"}],"about":[{"href":"https:\/\/www.parthages.be\/eboutique\/wp-json\/wp\/v2\/types\/product"}],"replies":[{"embeddable":true,"href":"https:\/\/www.parthages.be\/eboutique\/wp-json\/wp\/v2\/comments?post=1823"}],"wp:featuredmedia":[{"embeddable":true,"href":"https:\/\/www.parthages.be\/eboutique\/wp-json\/wp\/v2\/media\/1824"}],"wp:attachment":[{"href":"https:\/\/www.parthages.be\/eboutique\/wp-json\/wp\/v2\/media?parent=1823"}],"curies":[{"name":"wp","href":"https:\/\/api.w.org\/{rel}","templated":true}]}}