{"id":1837,"date":"2021-09-17T09:06:53","date_gmt":"2021-09-17T07:06:53","guid":{"rendered":"https:\/\/www.parthages.be\/eboutique\/?post_type=product&#038;p=1837"},"modified":"2021-09-17T09:06:54","modified_gmt":"2021-09-17T07:06:54","slug":"les-territoires-de-la-democratie-lenjeu-communal","status":"publish","type":"product","link":"https:\/\/www.parthages.be\/eboutique\/produit\/les-territoires-de-la-democratie-lenjeu-communal\/","title":{"rendered":"Les territoires de la d\u00e9mocratie : l&rsquo;enjeu communal"},"content":{"rendered":"<p>Quatre enjeux prioritaires du d\u00e9veloppement sont trait\u00e9s dans cet ouvrage : la question du financement et de la solidarit\u00e9 entre les communes, les politiques sociales au niveau local, l&rsquo;am\u00e9nagement du territoire et la politique sociale du logement, les probl\u00e8mes de s\u00e9curit\u00e9 et de qualit\u00e9 de vie.<\/p>\n<p>CARTON L.- DAMBERMONT B.- DE KEERSMAECKER M.L.- DUSOULIER L.- GEORIS P.- VERSLUYS C.<\/p>\n<p>Vie ouvri\u00e8re<\/p>\n<p>1994-150p.<\/p>\n<p>ISBN\u00a0: 2-87003-284-6<\/p>\n<p>Cote doc\u00a0: 5-50-CAR-T<\/p>\n<p><strong><em>Uniquement \u00e0 la location<\/em><\/strong><\/p>\n<span class=\"et_bloom_bottom_trigger\"><\/span>","protected":false},"excerpt":{"rendered":"<p>Quatre enjeux prioritaires du d\u00e9veloppement sont trait\u00e9s dans cet ouvrage<\/p>\n","protected":false},"featured_media":1838,"comment_status":"closed","ping_status":"closed","template":"","meta":{"_et_pb_use_builder":"","_et_pb_old_content":"","_et_gb_content_width":"","spay_email":""},"class_list":["post-1837","product","type-product","status-publish","has-post-thumbnail","hentry","product_cat-livres","product_tag-amenagement-du-territoire","product_tag-belgique","product_tag-commune","product_tag-democratie","product_tag-financement","product_tag-logement","product_tag-politique-sociale","product_tag-qualite-de-vie","product_tag-securite","product_tag-urbanisme"],"jetpack_sharing_enabled":true,"jetpack_likes_enabled":true,"_links":{"self":[{"href":"https:\/\/www.parthages.be\/eboutique\/wp-json\/wp\/v2\/product\/1837","targetHints":{"allow":["GET"]}}],"collection":[{"href":"https:\/\/www.parthages.be\/eboutique\/wp-json\/wp\/v2\/product"}],"about":[{"href":"https:\/\/www.parthages.be\/eboutique\/wp-json\/wp\/v2\/types\/product"}],"replies":[{"embeddable":true,"href":"https:\/\/www.parthages.be\/eboutique\/wp-json\/wp\/v2\/comments?post=1837"}],"wp:featuredmedia":[{"embeddable":true,"href":"https:\/\/www.parthages.be\/eboutique\/wp-json\/wp\/v2\/media\/1838"}],"wp:attachment":[{"href":"https:\/\/www.parthages.be\/eboutique\/wp-json\/wp\/v2\/media?parent=1837"}],"curies":[{"name":"wp","href":"https:\/\/api.w.org\/{rel}","templated":true}]}}