{"id":1842,"date":"2021-09-17T09:21:04","date_gmt":"2021-09-17T07:21:04","guid":{"rendered":"https:\/\/www.parthages.be\/eboutique\/?post_type=product&#038;p=1842"},"modified":"2021-09-17T09:21:04","modified_gmt":"2021-09-17T07:21:04","slug":"traite-de-strategie-a-lusage-des-travailleurs-sociaux","status":"publish","type":"product","link":"https:\/\/www.parthages.be\/eboutique\/produit\/traite-de-strategie-a-lusage-des-travailleurs-sociaux\/","title":{"rendered":"Trait\u00e9 de strat\u00e9gie \u00e0 l&rsquo;usage des travailleurs sociaux"},"content":{"rendered":"<p>L&rsquo;Intervention sociale : de la lutte contre&#8230; au projet pour et avec&#8230; La Communication strat\u00e9gique des intervenants sociaux parce que l&rsquo;avenir est \u00e0 conqu\u00e9rir<\/p>\n<p>Comment les intervenants sociaux peuvent-ils se positionner, au quotidien, dans un monde qui change ?<\/p>\n<p>La cr\u00e9ativit\u00e9 n\u00e9cessaire \u00e0 l&rsquo;\u00e9volution du syst\u00e8me social est tr\u00e8s largement renforc\u00e9e quand les professionnels du travail social adoptent une attitude faite de finesse d&rsquo;observation, d&rsquo;\u00e9coute des autres et de soi-m\u00eame et une d\u00e9marche de projet permettant de \u00a0\u00bb mieux communiquer pour mieux agir \u00ab\u00a0.<\/p>\n<p>Les outils pr\u00e9sent\u00e9s dans cet ouvrage fournissent des rep\u00e8res simples et des principes d&rsquo;action rod\u00e9s pour observer, comprendre, agir.<\/p>\n<p>En se familiarisant avec eux, l&rsquo;intervenant social \u00e9largit ses mod\u00e8les mentaux pour d\u00e9velopper la coh\u00e9sion d&rsquo;\u00e9quipe et la coh\u00e9rence des actions. Cette ouverture est indispensable l&rsquo;intervenant social doit d\u00e9sormais compl\u00e9ter son r\u00f4le traditionnel de \u00a0\u00bb technicien du social \u00a0\u00bb par celui de professionnel de la communication dans une \u00e9quipe pluridisciplinaire, et d&rsquo;expert en relation d&rsquo;aide aupr\u00e8s des clients ou usagers. (Pr\u00e9sentation de l\u2019\u00e9diteur)<\/p>\n<p>PAPILLON P.- WAHBI D.<\/p>\n<p>Chronique sociale<\/p>\n<p>1999-152p.<\/p>\n<p>ISBN\u00a0: 2-85008-318-6<\/p>\n<p>Cote doc\u00a0: 5-40-PAP-T<\/p>\n<p><strong><em>Uniquement \u00e0 la location<\/em><\/strong><\/p>\n<span class=\"et_bloom_bottom_trigger\"><\/span>","protected":false},"excerpt":{"rendered":"<p>L&rsquo;Intervention sociale : de la lutte contre&#8230; au projet pour et avec&#8230; La Communication strat\u00e9gique des intervenants sociaux parce que l&rsquo;avenir est \u00e0 conqu\u00e9rir<\/p>\n","protected":false},"featured_media":1843,"comment_status":"closed","ping_status":"closed","template":"","meta":{"_et_pb_use_builder":"","_et_pb_old_content":"","_et_gb_content_width":"","spay_email":""},"class_list":["post-1842","product","type-product","status-publish","has-post-thumbnail","hentry","product_cat-livres","product_tag-action","product_tag-communication","product_tag-competence","product_tag-intervenant","product_tag-observation","product_tag-relation-daide","product_tag-strategie","product_tag-travailleur-social"],"jetpack_sharing_enabled":true,"jetpack_likes_enabled":true,"_links":{"self":[{"href":"https:\/\/www.parthages.be\/eboutique\/wp-json\/wp\/v2\/product\/1842","targetHints":{"allow":["GET"]}}],"collection":[{"href":"https:\/\/www.parthages.be\/eboutique\/wp-json\/wp\/v2\/product"}],"about":[{"href":"https:\/\/www.parthages.be\/eboutique\/wp-json\/wp\/v2\/types\/product"}],"replies":[{"embeddable":true,"href":"https:\/\/www.parthages.be\/eboutique\/wp-json\/wp\/v2\/comments?post=1842"}],"wp:featuredmedia":[{"embeddable":true,"href":"https:\/\/www.parthages.be\/eboutique\/wp-json\/wp\/v2\/media\/1843"}],"wp:attachment":[{"href":"https:\/\/www.parthages.be\/eboutique\/wp-json\/wp\/v2\/media?parent=1842"}],"curies":[{"name":"wp","href":"https:\/\/api.w.org\/{rel}","templated":true}]}}