{"id":1849,"date":"2021-09-17T09:24:59","date_gmt":"2021-09-17T07:24:59","guid":{"rendered":"https:\/\/www.parthages.be\/eboutique\/?post_type=product&#038;p=1849"},"modified":"2021-09-17T09:25:00","modified_gmt":"2021-09-17T07:25:00","slug":"laide-du-fonds-social-europeen-aux-personnes-handicapees-t1","status":"publish","type":"product","link":"https:\/\/www.parthages.be\/eboutique\/produit\/laide-du-fonds-social-europeen-aux-personnes-handicapees-t1\/","title":{"rendered":"L&rsquo;aide du Fonds Social Europ\u00e9en aux personnes handicap\u00e9es. T1"},"content":{"rendered":"<p><strong>Premier groupe: Insertion de personnes handicap\u00e9es en milieu ouvert<\/strong><\/p>\n<p><strong><em>Rapport<\/em><\/strong><\/p>\n<p>Formation et placement de handicap\u00e9s en milieu ouvert (dans les entreprises\u00a0 et chez les artisans)<\/p>\n<p>Cours exp\u00e9rimentaux pour la r\u00e9adaptation des malades mentaux dans des Centres de r\u00e9adaptation au travail<\/p>\n<p>BRABANT M. &#8211; WALDMANN<\/p>\n<p>COMMISSION DES COMMUNAUTES EUROPEENNES<\/p>\n<p>1981-64p.<\/p>\n<p>Cote doc\u00a0: 5-50-CCE-A1<\/p>\n<p><strong><em>Uniquement \u00e0 la location<\/em><\/strong><\/p>\n<span class=\"et_bloom_bottom_trigger\"><\/span>","protected":false},"excerpt":{"rendered":"<p><strong>Premier groupe: Insertion de personnes handicap\u00e9es en milieu ouvert<\/strong><\/p>\n","protected":false},"featured_media":1850,"comment_status":"closed","ping_status":"closed","template":"","meta":{"_et_pb_use_builder":"","_et_pb_old_content":"","_et_gb_content_width":"","spay_email":""},"class_list":["post-1849","product","type-product","status-publish","has-post-thumbnail","hentry","product_cat-livres","product_tag-aide","product_tag-cee","product_tag-emploi","product_tag-entreprise","product_tag-formateur","product_tag-integration-professionnelle","product_tag-intervenant","product_tag-organisme-public","product_tag-personne-handicapee","product_tag-placement"],"jetpack_sharing_enabled":true,"jetpack_likes_enabled":true,"_links":{"self":[{"href":"https:\/\/www.parthages.be\/eboutique\/wp-json\/wp\/v2\/product\/1849","targetHints":{"allow":["GET"]}}],"collection":[{"href":"https:\/\/www.parthages.be\/eboutique\/wp-json\/wp\/v2\/product"}],"about":[{"href":"https:\/\/www.parthages.be\/eboutique\/wp-json\/wp\/v2\/types\/product"}],"replies":[{"embeddable":true,"href":"https:\/\/www.parthages.be\/eboutique\/wp-json\/wp\/v2\/comments?post=1849"}],"wp:featuredmedia":[{"embeddable":true,"href":"https:\/\/www.parthages.be\/eboutique\/wp-json\/wp\/v2\/media\/1850"}],"wp:attachment":[{"href":"https:\/\/www.parthages.be\/eboutique\/wp-json\/wp\/v2\/media?parent=1849"}],"curies":[{"name":"wp","href":"https:\/\/api.w.org\/{rel}","templated":true}]}}