{"id":1869,"date":"2021-09-17T09:36:42","date_gmt":"2021-09-17T07:36:42","guid":{"rendered":"https:\/\/www.parthages.be\/eboutique\/?post_type=product&#038;p=1869"},"modified":"2021-09-17T09:38:15","modified_gmt":"2021-09-17T07:38:15","slug":"les-services-locaux-pour-les-handicapes-guide-des-services-que-les-collectivites-locales-et-regionales-assurent-aux-handicapes-dans-les-etats-membres","status":"publish","type":"product","link":"https:\/\/www.parthages.be\/eboutique\/produit\/les-services-locaux-pour-les-handicapes-guide-des-services-que-les-collectivites-locales-et-regionales-assurent-aux-handicapes-dans-les-etats-membres\/","title":{"rendered":"Les services locaux pour les handicap\u00e9s : guide des services que les collectivit\u00e9s locales et r\u00e9gionales assurent aux handicap\u00e9s dans les Etats membres"},"content":{"rendered":"<p><strong><em>Etude &#8211; <\/em><\/strong>Le pr\u00e9sent guide d\u00e9crit les services que les diverses collectivit\u00e9 locales et r\u00e9gionales assurent aux handicap\u00e9s dans les Etats membres. La publication compte dix chapitres, un pour chaque Etat membre. A l&rsquo;int\u00e9rieur on trouve une introduction pr\u00e9sentant les grandes lignes de l&rsquo;organisation administrative et suivi de l&rsquo;analyse de l&rsquo;\u00e9ducation, de la formation et de l&#8217;emploi, de l&rsquo;environnement physique, des services m\u00e9dicaux et des services sociaux. L\u2019\u00e9tude se veut plus descriptive qu&rsquo;analytique. Elle vise \u00e0 informer les personnes et les organisations qui participent au d\u00e9veloppement de l&rsquo;aide aux handicap\u00e9s dans le cadre de coop\u00e9ration internationale. Une bibliographie accompagne l&rsquo;\u00e9tude.<\/p>\n<p>WADDINGTON P.<\/p>\n<p>COMMISSION DES COMMUNAUTES EUROPEENNES<\/p>\n<p>1986-263p<\/p>\n<p>Cote doc: 5-20-WAD-S<\/p>\n<p><strong><em>Uniquement \u00e0 la location<\/em><\/strong><\/p>\n<span class=\"et_bloom_bottom_trigger\"><\/span>","protected":false},"excerpt":{"rendered":"<p><strong><em>Etude &#8211; <\/em><\/strong>Le pr\u00e9sent guide d\u00e9crit les services que les diverses collectivit\u00e9 locales et r\u00e9gionales assurent aux handicap\u00e9s dans les Etats membres.<\/p>\n","protected":false},"featured_media":1870,"comment_status":"closed","ping_status":"closed","template":"","meta":{"_et_pb_use_builder":"","_et_pb_old_content":"","_et_gb_content_width":"","spay_email":""},"class_list":["post-1869","product","type-product","status-publish","has-post-thumbnail","hentry","product_cat-livres","product_tag-acces","product_tag-aide","product_tag-aide-sociale","product_tag-belgique","product_tag-cee","product_tag-education","product_tag-emploi","product_tag-etude","product_tag-formation","product_tag-intervenant","product_tag-logement","product_tag-organisme-public","product_tag-personne-handicapee","product_tag-service-social"],"jetpack_sharing_enabled":true,"jetpack_likes_enabled":true,"_links":{"self":[{"href":"https:\/\/www.parthages.be\/eboutique\/wp-json\/wp\/v2\/product\/1869","targetHints":{"allow":["GET"]}}],"collection":[{"href":"https:\/\/www.parthages.be\/eboutique\/wp-json\/wp\/v2\/product"}],"about":[{"href":"https:\/\/www.parthages.be\/eboutique\/wp-json\/wp\/v2\/types\/product"}],"replies":[{"embeddable":true,"href":"https:\/\/www.parthages.be\/eboutique\/wp-json\/wp\/v2\/comments?post=1869"}],"wp:featuredmedia":[{"embeddable":true,"href":"https:\/\/www.parthages.be\/eboutique\/wp-json\/wp\/v2\/media\/1870"}],"wp:attachment":[{"href":"https:\/\/www.parthages.be\/eboutique\/wp-json\/wp\/v2\/media?parent=1869"}],"curies":[{"name":"wp","href":"https:\/\/api.w.org\/{rel}","templated":true}]}}