{"id":188,"date":"2012-09-24T11:37:53","date_gmt":"2012-09-24T09:37:53","guid":{"rendered":"https:\/\/www.parthages.be\/wordpress\/produit\/le-cerveau-fait-de-l-esprit\/"},"modified":"2021-08-03T11:30:18","modified_gmt":"2021-08-03T09:30:18","slug":"le-cerveau-fait-de-l-esprit","status":"publish","type":"product","link":"https:\/\/www.parthages.be\/eboutique\/produit\/le-cerveau-fait-de-l-esprit\/","title":{"rendered":"Le cerveau fait de l&rsquo;esprit"},"content":{"rendered":"<p>S&rsquo;appuyant sur des cas \u00e9tranges, l&rsquo;auteur brosse un portrait global et intuitif du cerveau et de ce que ses dysfonctionnements r\u00e9v\u00e8lent de son \u00e9volution.<\/p>\n<p>Le neurobiologiste Vilayanur Ramachandran propose dans ce livre une r\u00e9flexion sur ce qui distingue l&rsquo;humain. S&rsquo;appuyant sur des cas \u00e9tranges, tel ce patient qui d\u00e9sire \u00eatre amput\u00e9 d&rsquo;un membre sain, Ramachandran brosse un portrait global et intuitif du cerveau, et de ce que ses dysfonctionnements r\u00e9v\u00e8lent de son \u00e9volution. A la mani\u00e8re de Sherlock Holmes, il multiplie les indices pour b\u00e2tir des th\u00e9ories g\u00e9n\u00e9rales solides et \u00e9tay\u00e9es. Parmi ces d\u00e9couvertes fascinantes,\u00a0 une large place est accord\u00e9e aux neurones miroirs, des cellules qui s&rsquo;activent aussi bien quand nous entreprenons une action que lorsque nous observons quelqu&rsquo;un d&rsquo;autre faire de m\u00eame.<\/p>\n<p>Le d\u00e9veloppement des r\u00e9seaux de neurones miroirs constituerait le fondement biologique de l&rsquo;humanisation, qui serait donc une rupture brutale plut\u00f4t qu&rsquo;un continuum allant des primates \u00e0 l&rsquo;humain. (Pr\u00e9sentation de l\u2019\u00e9diteur)<\/p>\n<p>RAMACHANDRAN V.<\/p>\n<p>Dunod<\/p>\n<p>2011- 400p.<\/p>\n<p>ISBN\u00a0: 978-2-10-054393-9<\/p>\n<p>Cote doc\u00a0: 9-10-RAM-C<\/p>\n<span class=\"et_bloom_bottom_trigger\"><\/span>","protected":false},"excerpt":{"rendered":"<p>S&rsquo;appuyant sur des cas \u00e9tranges, l&rsquo;auteur brosse un portrait global et intuitif du cerveau et de ce que ses dysfonctionnements r\u00e9v\u00e8lent de son \u00e9volution.<\/p>\n","protected":false},"featured_media":187,"comment_status":"open","ping_status":"closed","template":"","meta":{"_et_pb_use_builder":"","_et_pb_old_content":"","_et_gb_content_width":"","spay_email":""},"class_list":["post-188","product","type-product","status-publish","has-post-thumbnail","hentry","product_cat-livres","product_tag-approche-therapeutique","product_tag-autisme","product_tag-cerveau","product_tag-neurobiologie","product_tag-neuroscience"],"jetpack_sharing_enabled":true,"jetpack_likes_enabled":true,"_links":{"self":[{"href":"https:\/\/www.parthages.be\/eboutique\/wp-json\/wp\/v2\/product\/188","targetHints":{"allow":["GET"]}}],"collection":[{"href":"https:\/\/www.parthages.be\/eboutique\/wp-json\/wp\/v2\/product"}],"about":[{"href":"https:\/\/www.parthages.be\/eboutique\/wp-json\/wp\/v2\/types\/product"}],"replies":[{"embeddable":true,"href":"https:\/\/www.parthages.be\/eboutique\/wp-json\/wp\/v2\/comments?post=188"}],"wp:featuredmedia":[{"embeddable":true,"href":"https:\/\/www.parthages.be\/eboutique\/wp-json\/wp\/v2\/media\/187"}],"wp:attachment":[{"href":"https:\/\/www.parthages.be\/eboutique\/wp-json\/wp\/v2\/media?parent=188"}],"curies":[{"name":"wp","href":"https:\/\/api.w.org\/{rel}","templated":true}]}}