{"id":1884,"date":"2021-09-17T09:55:07","date_gmt":"2021-09-17T07:55:07","guid":{"rendered":"https:\/\/www.parthages.be\/eboutique\/?post_type=product&#038;p=1884"},"modified":"2021-09-17T09:55:07","modified_gmt":"2021-09-17T07:55:07","slug":"lhote-et-lautre-pratique-daccueil-familial","status":"publish","type":"product","link":"https:\/\/www.parthages.be\/eboutique\/produit\/lhote-et-lautre-pratique-daccueil-familial\/","title":{"rendered":"L&rsquo;h\u00f4te et l&rsquo;autre : pratique d&rsquo;accueil familial"},"content":{"rendered":"<p>Cet ouvrage collectif aborde la question de l&rsquo;accueil des personnes handicap\u00e9es au sein des familles.<\/p>\n<p>A quelles aventures infimes ou bouleversantes s\u2019expose-t-on?<\/p>\n<p>Pour quels effets ?<\/p>\n<p>Interviews de familles d&rsquo;accueil, t\u00e9moignages de personnes handicap\u00e9es, r\u00e9cits de trajectoires, prises de recul sur les pratiques : deux institutions d&rsquo;accueil familial ouvrent leur bo\u00eete noire et donnent \u00e0 conna\u00eetre des exp\u00e9riences peu connues et paradoxalement menac\u00e9es par un cadre bureautique trop int\u00e9grateur. (Pr\u00e9sentation de l\u2019\u00e9diteur)<\/p>\n<p>DELCOUR N.- FLAMENT J.<\/p>\n<p>Luc Pire<\/p>\n<p>2001-203p.<\/p>\n<p>ISBN\u00a0: 2-87415-019-3<\/p>\n<p>Cote doc\u00a0: 5-10-DEL-H\/1<\/p>\n<p><strong><em>Uniquement \u00e0 la location<\/em><\/strong><\/p>\n<span class=\"et_bloom_bottom_trigger\"><\/span>","protected":false},"excerpt":{"rendered":"<p>Cet ouvrage collectif aborde la question de l&rsquo;accueil des personnes handicap\u00e9es au sein des familles.<\/p>\n","protected":false},"featured_media":0,"comment_status":"closed","ping_status":"closed","template":"","meta":{"_et_pb_use_builder":"","_et_pb_old_content":"","_et_gb_content_width":"","spay_email":""},"class_list":["post-1884","product","type-product","status-publish","hentry","product_cat-livres","product_tag-accueil","product_tag-belgique","product_tag-experience","product_tag-famille-daccueil","product_tag-personne-handicapee","product_tag-service-daccueil","product_tag-temoignage"],"jetpack_sharing_enabled":true,"jetpack_likes_enabled":true,"_links":{"self":[{"href":"https:\/\/www.parthages.be\/eboutique\/wp-json\/wp\/v2\/product\/1884","targetHints":{"allow":["GET"]}}],"collection":[{"href":"https:\/\/www.parthages.be\/eboutique\/wp-json\/wp\/v2\/product"}],"about":[{"href":"https:\/\/www.parthages.be\/eboutique\/wp-json\/wp\/v2\/types\/product"}],"replies":[{"embeddable":true,"href":"https:\/\/www.parthages.be\/eboutique\/wp-json\/wp\/v2\/comments?post=1884"}],"wp:attachment":[{"href":"https:\/\/www.parthages.be\/eboutique\/wp-json\/wp\/v2\/media?parent=1884"}],"curies":[{"name":"wp","href":"https:\/\/api.w.org\/{rel}","templated":true}]}}