{"id":1890,"date":"2021-09-17T10:02:45","date_gmt":"2021-09-17T08:02:45","guid":{"rendered":"https:\/\/www.parthages.be\/eboutique\/?post_type=product&#038;p=1890"},"modified":"2022-02-18T10:30:39","modified_gmt":"2022-02-18T09:30:39","slug":"le-placement-familial-une-vieille-histoire-a-reinventer","status":"publish","type":"product","link":"https:\/\/www.parthages.be\/eboutique\/produit\/le-placement-familial-une-vieille-histoire-a-reinventer\/","title":{"rendered":"Le placement familial : une vieille histoire \u00e0 r\u00e9inventer"},"content":{"rendered":"<p>On a recours au placement familial le plus tard possible quand on a tout essay\u00e9: travailleuses familiale, AEMO, PMI, centre maternel, th\u00e9rapie&#8230;. Il est v\u00e9cu comme un rapt, comme une sanction par les parents, comme un \u00e9chec par les intervenants sociaux. Qui peut dire comment il est v\u00e9cu par l&rsquo;enfant ?<\/p>\n<p>Cet ouvrage comprend 4 parties:<\/p>\n<p>1-\u00a0 La s\u00e9paration comme pr\u00e9vention du placement<\/p>\n<p>2-\u00a0 Choisir sa famille : qui peut se le permettre ?<\/p>\n<p>3-\u00a0 Le mythe de l&rsquo;autorit\u00e9 parentale<\/p>\n<p>4-\u00a0 Et si le placement familial bougeait ?<\/p>\n<p>BASS D.- PELLE A.<\/p>\n<p>Editions Er\u00e8s<\/p>\n<p>2002-162p.<\/p>\n<p>ISBN: 2-7492-0070-9<\/p>\n<p>Cote doc\u00a0: 5-10-BAS-P<\/p>\n<p><strong><em>Uniquement \u00e0 la location<\/em><\/strong><\/p>\n<span class=\"et_bloom_bottom_trigger\"><\/span>","protected":false},"excerpt":{"rendered":"<p>On a recours au placement familial le plus tard possible quand on a tout essay\u00e9: travailleuses familiale, AEMO, PMI, centre maternel, th\u00e9rapie&#8230;. Il est v\u00e9cu comme un rapt, comme une sanction par les parents, comme un \u00e9chec par les intervenants sociaux.<\/p>\n","protected":false},"featured_media":1891,"comment_status":"closed","ping_status":"closed","template":"","meta":{"_et_pb_use_builder":"","_et_pb_old_content":"","_et_gb_content_width":"","spay_email":""},"class_list":["post-1890","product","type-product","status-publish","has-post-thumbnail","hentry","product_cat-livres","product_cat-livres-jeunesse","product_tag-enfant","product_tag-famille","product_tag-famille-daccueil","product_tag-france","product_tag-parentalite","product_tag-personne-handicapee","product_tag-placement-familial"],"jetpack_sharing_enabled":true,"jetpack_likes_enabled":true,"_links":{"self":[{"href":"https:\/\/www.parthages.be\/eboutique\/wp-json\/wp\/v2\/product\/1890","targetHints":{"allow":["GET"]}}],"collection":[{"href":"https:\/\/www.parthages.be\/eboutique\/wp-json\/wp\/v2\/product"}],"about":[{"href":"https:\/\/www.parthages.be\/eboutique\/wp-json\/wp\/v2\/types\/product"}],"replies":[{"embeddable":true,"href":"https:\/\/www.parthages.be\/eboutique\/wp-json\/wp\/v2\/comments?post=1890"}],"wp:featuredmedia":[{"embeddable":true,"href":"https:\/\/www.parthages.be\/eboutique\/wp-json\/wp\/v2\/media\/1891"}],"wp:attachment":[{"href":"https:\/\/www.parthages.be\/eboutique\/wp-json\/wp\/v2\/media?parent=1890"}],"curies":[{"name":"wp","href":"https:\/\/api.w.org\/{rel}","templated":true}]}}