{"id":1893,"date":"2021-09-17T10:04:16","date_gmt":"2021-09-17T08:04:16","guid":{"rendered":"https:\/\/www.parthages.be\/eboutique\/?post_type=product&#038;p=1893"},"modified":"2021-09-17T10:06:54","modified_gmt":"2021-09-17T08:06:54","slug":"pratiques-equipes-quotidiens-savoirs","status":"publish","type":"product","link":"https:\/\/www.parthages.be\/eboutique\/produit\/pratiques-equipes-quotidiens-savoirs\/","title":{"rendered":"Pratiques \u00e9quipes quotidiens savoirs"},"content":{"rendered":"<p><strong><em>Journ\u00e9e d&rsquo;\u00e9tude, Louvain-la-Neuve, 13 novembre 1992<\/em><\/strong><\/p>\n<p>La premi\u00e8re partie de l&rsquo;ouvrage reprend les interventions dans leur forme originale de discours et la deuxi\u00e8me partie donne une synth\u00e8se des ateliers sur les pratiques quotidiennes.<\/p>\n<p>LAMBET-DELPIRE B.- SERVAIS P.- BOCKSTAEL E.- VANDERCAM M.- BLAIRON J.- DEVUYST J.<\/p>\n<p>Equipages \u00e9ditions<\/p>\n<p>1993-126p.<\/p>\n<p>Cote doc\u00a0: 5-10-AFI-S<\/p>\n<p><strong><em>Uniquement \u00e0 la location<\/em><\/strong><\/p>\n<span class=\"et_bloom_bottom_trigger\"><\/span>","protected":false},"excerpt":{"rendered":"<p>La premi\u00e8re partie de l&rsquo;ouvrage reprend les interventions dans leur forme originale de discours et la deuxi\u00e8me partie donne une synth\u00e8se des ateliers sur les pratiques quotidiennes.<\/p>\n","protected":false},"featured_media":0,"comment_status":"closed","ping_status":"closed","template":"","meta":{"_et_pb_use_builder":"","_et_pb_old_content":"","_et_gb_content_width":"","spay_email":""},"class_list":["post-1893","product","type-product","status-publish","hentry","product_cat-livres","product_tag-belgique","product_tag-congres","product_tag-equipe-de-travail","product_tag-etude-de-cas","product_tag-intervention","product_tag-milieu-institutionnel","product_tag-partenariat","product_tag-personne-handicapee","product_tag-pratique","product_tag-prevention","product_tag-psychopedagogie","product_tag-therapeutique","product_tag-travail-social"],"jetpack_sharing_enabled":true,"jetpack_likes_enabled":true,"_links":{"self":[{"href":"https:\/\/www.parthages.be\/eboutique\/wp-json\/wp\/v2\/product\/1893","targetHints":{"allow":["GET"]}}],"collection":[{"href":"https:\/\/www.parthages.be\/eboutique\/wp-json\/wp\/v2\/product"}],"about":[{"href":"https:\/\/www.parthages.be\/eboutique\/wp-json\/wp\/v2\/types\/product"}],"replies":[{"embeddable":true,"href":"https:\/\/www.parthages.be\/eboutique\/wp-json\/wp\/v2\/comments?post=1893"}],"wp:attachment":[{"href":"https:\/\/www.parthages.be\/eboutique\/wp-json\/wp\/v2\/media?parent=1893"}],"curies":[{"name":"wp","href":"https:\/\/api.w.org\/{rel}","templated":true}]}}