{"id":1901,"date":"2021-09-17T10:15:29","date_gmt":"2021-09-17T08:15:29","guid":{"rendered":"https:\/\/www.parthages.be\/eboutique\/?post_type=product&#038;p=1901"},"modified":"2021-09-20T10:23:14","modified_gmt":"2021-09-20T08:23:14","slug":"la-qualite-de-vie-des-personnes-presentant-un-handicap-volume-3","status":"publish","type":"product","link":"https:\/\/www.parthages.be\/eboutique\/produit\/la-qualite-de-vie-des-personnes-presentant-un-handicap-volume-3\/","title":{"rendered":"La qualit\u00e9 de vie des personnes pr\u00e9sentant un handicap \u2013 Le plan de services individualis\u00e9"},"content":{"rendered":"<p>Le plan de services individualis\u00e9<\/p>\n<p>Pr\u00e9sentation des informations de base concernant le Plan de Services Individualis\u00e9 et son utilisation. Les diff\u00e9rentes \u00e9tapes n\u00e9cessaires \u00e0 l&rsquo;\u00e9laboration\u00a0 du PSI sont pass\u00e9es en revue.<\/p>\n<p>&nbsp;<\/p>\n<p>HUBERT G.<\/p>\n<p>RAPPORT &#8211; UNIVERSITE DE MONS-HAINAUT<\/p>\n<p>1991 -36p.<\/p>\n<p>Cote doc: 5-20-MAG-Q3<\/p>\n<p>&nbsp;<\/p>\n<p><strong><em>Uniquement \u00e0 la location<\/em><\/strong><\/p>\n<span class=\"et_bloom_bottom_trigger\"><\/span>","protected":false},"excerpt":{"rendered":"<p>Pr\u00e9sentation des informations de base concernant le Plan de Services Individualis\u00e9 et son utilisation. Les diff\u00e9rentes \u00e9tapes n\u00e9cessaires \u00e0 l&rsquo;\u00e9laboration\u00a0 du PSI sont pass\u00e9es en revue.<\/p>\n","protected":false},"featured_media":1902,"comment_status":"closed","ping_status":"closed","template":"","meta":{"_et_pb_use_builder":"","_et_pb_old_content":"","_et_gb_content_width":"","spay_email":""},"class_list":["post-1901","product","type-product","status-publish","has-post-thumbnail","hentry","product_cat-livres","product_tag-communaute-francaise","product_tag-methodologie","product_tag-outil","product_tag-personne-handicapee","product_tag-philosophie","product_tag-province-du-hainaut","product_tag-qualite","product_tag-qualite-de-vie","product_tag-recherche-action","product_tag-service"],"jetpack_sharing_enabled":true,"jetpack_likes_enabled":true,"_links":{"self":[{"href":"https:\/\/www.parthages.be\/eboutique\/wp-json\/wp\/v2\/product\/1901","targetHints":{"allow":["GET"]}}],"collection":[{"href":"https:\/\/www.parthages.be\/eboutique\/wp-json\/wp\/v2\/product"}],"about":[{"href":"https:\/\/www.parthages.be\/eboutique\/wp-json\/wp\/v2\/types\/product"}],"replies":[{"embeddable":true,"href":"https:\/\/www.parthages.be\/eboutique\/wp-json\/wp\/v2\/comments?post=1901"}],"wp:featuredmedia":[{"embeddable":true,"href":"https:\/\/www.parthages.be\/eboutique\/wp-json\/wp\/v2\/media\/1902"}],"wp:attachment":[{"href":"https:\/\/www.parthages.be\/eboutique\/wp-json\/wp\/v2\/media?parent=1901"}],"curies":[{"name":"wp","href":"https:\/\/api.w.org\/{rel}","templated":true}]}}