{"id":1905,"date":"2021-09-17T10:17:49","date_gmt":"2021-09-17T08:17:49","guid":{"rendered":"https:\/\/www.parthages.be\/eboutique\/?post_type=product&#038;p=1905"},"modified":"2021-09-20T10:19:54","modified_gmt":"2021-09-20T08:19:54","slug":"la-qualite-de-vie-des-personnes-presentant-un-handicap-volume-5","status":"publish","type":"product","link":"https:\/\/www.parthages.be\/eboutique\/produit\/la-qualite-de-vie-des-personnes-presentant-un-handicap-volume-5\/","title":{"rendered":"La qualit\u00e9 de vie des personnes pr\u00e9sentant un handicap &#8211; Soutien \u00e0 l\u2019emploi"},"content":{"rendered":"<p>Soutien \u00e0 l\u2019emploi<\/p>\n<p>Ce dossier aborde au travers d&rsquo;\u00e9l\u00e9ments m\u00e9thodologiques l&rsquo;instauration, le d\u00e9veloppement et l&rsquo;\u00e9valuation des programmes de soutien \u00e0 l&#8217;emploi. Il s&rsquo;int\u00e9resse \u00e9galement aux strat\u00e9gies permettant aux personnes handicap\u00e9es de trouver et de garder un emploi en milieu ordinaire. Apr\u00e8s avoir pr\u00e9sent\u00e9 un bref rappel des sources disponibles dans notre syst\u00e8me social actuel, les auteurs se centrent sur le soutien \u00e0 l&#8217;emploi proprement dit, de la d\u00e9finition du concept \u00e0 l&rsquo;\u00e9valuation des programmes en passant par une m\u00e9thodologie d&rsquo;\u00e9laboration. Etant donn\u00e9 la fr\u00e9quence et l&rsquo;importance des p\u00e9riodes de transition dans la vie des personnes, une place particuli\u00e8re de ce dossier est r\u00e9serv\u00e9e aux \u00e9l\u00e9ments m\u00e9thodologiques pouvant favoriser la planification d&rsquo;une transition progressive. Pour terminer,\u00a0 les auteurs pr\u00e9sentent de mani\u00e8re succincte des services travaillant en Belgique dans l&rsquo;optique du soutien \u00e0 l&#8217;emploi.<\/p>\n<p>&nbsp;<\/p>\n<p>ABRASSART J-B.<\/p>\n<p>RAPPORT &#8211; UNIVERSITE DE MONS-HAINAUT<\/p>\n<p>1991 -46p.<\/p>\n<p>Cote doc: 5-20-MAG-Q5<\/p>\n<p>&nbsp;<\/p>\n<p><strong><em>Uniquement \u00e0 la location<\/em><\/strong><\/p>\n<span class=\"et_bloom_bottom_trigger\"><\/span>","protected":false},"excerpt":{"rendered":"<p>Ce dossier aborde au travers d&rsquo;\u00e9l\u00e9ments m\u00e9thodologiques l&rsquo;instauration, le d\u00e9veloppement et l&rsquo;\u00e9valuation des programmes de soutien \u00e0 l&#8217;emploi. Il s&rsquo;int\u00e9resse \u00e9galement aux strat\u00e9gies permettant aux personnes handicap\u00e9es de trouver et de garder un emploi en milieu ordinaire.<\/p>\n","protected":false},"featured_media":1906,"comment_status":"closed","ping_status":"closed","template":"","meta":{"_et_pb_use_builder":"","_et_pb_old_content":"","_et_gb_content_width":"","spay_email":""},"class_list":["post-1905","product","type-product","status-publish","has-post-thumbnail","hentry","product_cat-livres","product_tag-aide-a-lemploi","product_tag-communaute-francaise","product_tag-competence","product_tag-emploi","product_tag-evaluation","product_tag-methodologie","product_tag-personne-handicapee","product_tag-planification","product_tag-programme","product_tag-province-du-hainaut","product_tag-qualite","product_tag-qualite-de-vie","product_tag-recherche-action","product_tag-service","product_tag-strategie"],"jetpack_sharing_enabled":true,"jetpack_likes_enabled":true,"_links":{"self":[{"href":"https:\/\/www.parthages.be\/eboutique\/wp-json\/wp\/v2\/product\/1905","targetHints":{"allow":["GET"]}}],"collection":[{"href":"https:\/\/www.parthages.be\/eboutique\/wp-json\/wp\/v2\/product"}],"about":[{"href":"https:\/\/www.parthages.be\/eboutique\/wp-json\/wp\/v2\/types\/product"}],"replies":[{"embeddable":true,"href":"https:\/\/www.parthages.be\/eboutique\/wp-json\/wp\/v2\/comments?post=1905"}],"wp:featuredmedia":[{"embeddable":true,"href":"https:\/\/www.parthages.be\/eboutique\/wp-json\/wp\/v2\/media\/1906"}],"wp:attachment":[{"href":"https:\/\/www.parthages.be\/eboutique\/wp-json\/wp\/v2\/media?parent=1905"}],"curies":[{"name":"wp","href":"https:\/\/api.w.org\/{rel}","templated":true}]}}