{"id":1909,"date":"2021-09-17T10:25:06","date_gmt":"2021-09-17T08:25:06","guid":{"rendered":"https:\/\/www.parthages.be\/eboutique\/?post_type=product&#038;p=1909"},"modified":"2021-09-17T10:25:28","modified_gmt":"2021-09-17T08:25:28","slug":"leducateur-specialise-un-intervenant-au-coeur-du-quotidien","status":"publish","type":"product","link":"https:\/\/www.parthages.be\/eboutique\/produit\/leducateur-specialise-un-intervenant-au-coeur-du-quotidien\/","title":{"rendered":"L\u2019\u00e9ducateur sp\u00e9cialis\u00e9 \u2013 Un intervenant au c\u0153ur du quotidien"},"content":{"rendered":"<p>Dans cette p\u00e9riode o\u00f9, dans l&rsquo;intervention \u00e9ducative, l&rsquo;accent est mis sur le maintien en milieu naturel des personnes en difficult\u00e9, l&rsquo;\u00e9ducateur peut \u00eatre consid\u00e9r\u00e9 comme l&rsquo;un des sp\u00e9cialistes les mieux outill\u00e9s pour cet accompagnement.<\/p>\n<p>Le travail de l&rsquo;\u00e9ducateur sp\u00e9cialis\u00e9 prend tout son sens dans cette pr\u00e9sence au jour le jour aupr\u00e8s des gens en difficult\u00e9 d&rsquo;adaptation. C&rsquo;est par son accompagnement journalier, par ses interventions dans les moments strat\u00e9giques v\u00e9cus par les personnes en difficult\u00e9 que se d\u00e9finit le sp\u00e9cifique de cette profession, qu&rsquo;il se pr\u00e9cise et qu&rsquo;il se qualifie. Les \u00e9ducateurs sp\u00e9cialis\u00e9s sont des acteurs du quotidien de par le partage du v\u00e9cu avec les personnes en d\u00e9tresse, soit dans leurs milieux de vie, soit dans les milieux substituts. Vivre dans le pas \u00e0 pas avec les personnes en difficult\u00e9 d&rsquo;adaptation, les accepter, les accompagner, les soutenir, les guider, les confronter&#8230; les aimer.<\/p>\n<p>Quels que soient les milieux d&rsquo;intervention, l&rsquo;\u00e9ducateur prend part aux activit\u00e9s des gens en difficult\u00e9, participe \u00e0 la consolidation des acquis personnels, fait office de moi auxiliaire dans les moments de crise, confronte pour faire prendre conscience, utilise les \u00e9v\u00e9nements du quotidien comme pr\u00e9texte au changement. Il participe \u00e0 la spirale de l&rsquo;\u00e9volution, en tant qu&rsquo;agent de changement. Il participe \u00e0 la vie de son client. Il fait partie de son univers. Il est dans son monde.<\/p>\n<p>&nbsp;<\/p>\n<p>CHAPLEAU J.<\/p>\n<p>Edition B\u00c9LIVEAU \u00c9DITEUR<\/p>\n<p>2011 -212p.- 20\u20ac<\/p>\n<p>ISBN: 978-2-89092-485-7<\/p>\n<p>Cote doc: 5-20-CHA-E<\/p>\n<span class=\"et_bloom_bottom_trigger\"><\/span>","protected":false},"excerpt":{"rendered":"<p>Dans cette p\u00e9riode o\u00f9, dans l&rsquo;intervention \u00e9ducative, l&rsquo;accent est mis sur le maintien en milieu naturel des personnes en difficult\u00e9, l&rsquo;\u00e9ducateur peut \u00eatre consid\u00e9r\u00e9 comme l&rsquo;un des sp\u00e9cialistes les mieux outill\u00e9s pour cet accompagnement.<\/p>\n","protected":false},"featured_media":1910,"comment_status":"closed","ping_status":"closed","template":"","meta":{"_et_pb_use_builder":"","_et_pb_old_content":"","_et_gb_content_width":"","spay_email":""},"class_list":["post-1909","product","type-product","status-publish","has-post-thumbnail","hentry","product_cat-livres","product_tag-accompagnement","product_tag-aide-sociale","product_tag-communication","product_tag-educateur","product_tag-education-specialisee","product_tag-methodologie","product_tag-prevention"],"jetpack_sharing_enabled":true,"jetpack_likes_enabled":true,"_links":{"self":[{"href":"https:\/\/www.parthages.be\/eboutique\/wp-json\/wp\/v2\/product\/1909","targetHints":{"allow":["GET"]}}],"collection":[{"href":"https:\/\/www.parthages.be\/eboutique\/wp-json\/wp\/v2\/product"}],"about":[{"href":"https:\/\/www.parthages.be\/eboutique\/wp-json\/wp\/v2\/types\/product"}],"replies":[{"embeddable":true,"href":"https:\/\/www.parthages.be\/eboutique\/wp-json\/wp\/v2\/comments?post=1909"}],"wp:featuredmedia":[{"embeddable":true,"href":"https:\/\/www.parthages.be\/eboutique\/wp-json\/wp\/v2\/media\/1910"}],"wp:attachment":[{"href":"https:\/\/www.parthages.be\/eboutique\/wp-json\/wp\/v2\/media?parent=1909"}],"curies":[{"name":"wp","href":"https:\/\/api.w.org\/{rel}","templated":true}]}}