{"id":1923,"date":"2021-09-20T10:30:18","date_gmt":"2021-09-20T08:30:18","guid":{"rendered":"https:\/\/www.parthages.be\/eboutique\/?post_type=product&#038;p=1923"},"modified":"2021-09-20T10:30:19","modified_gmt":"2021-09-20T08:30:19","slug":"approche-des-centres-habilites-a-delivrer-des-attestations-dadmission-et-de-reevaluation","status":"publish","type":"product","link":"https:\/\/www.parthages.be\/eboutique\/produit\/approche-des-centres-habilites-a-delivrer-des-attestations-dadmission-et-de-reevaluation\/","title":{"rendered":"Approche des centres habilit\u00e9s \u00e0 d\u00e9livrer des attestations d&rsquo;admission et de r\u00e9\u00e9valuation"},"content":{"rendered":"<p><strong><u>Recherche relative aux crit\u00e8res devant pr\u00e9sider \u00e0 la programmation de la capacit\u00e9 d&rsquo;accueil des \u00e9tablissements et services sp\u00e9cialis\u00e9s dans le traitement des personnes handicap\u00e9es de la Communaut\u00e9 fran\u00e7aise <\/u><\/strong>:<\/p>\n<p>Une enqu\u00eate par questionnaire a \u00e9t\u00e9 men\u00e9e aupr\u00e8s des centres habilit\u00e9s \u00e0 d\u00e9livrer des attestations d&rsquo;admission et de r\u00e9\u00e9valuation tels que d\u00e9finis par l&rsquo;Arr\u00eat\u00e9 Monfils datant de 1984. L&rsquo;objectif principal de cette enqu\u00eate \u00e9tait d&rsquo;\u00e9valuer dans quelle mesure le travail des centres charg\u00e9s de l&rsquo;orientation des personnes handicap\u00e9es influence la demande de places dans les institutions du Fonds de soins m\u00e9dico-socio-p\u00e9dagogique, soit dans quelle mesure les centres agr\u00e9\u00e9s ont un impact sur la programmation du nombre de places en internats, semi-internats, centres de jour, homes pour travailleurs.<\/p>\n<p>MERCIER M. \u2013 DETRAUX J.J.<\/p>\n<p>RAPPORT CENTRE D&rsquo;ETUDE ET DE FORMATION POUR L&rsquo;EDUCATION SPECIALISEE<\/p>\n<p>1990 -52p.<\/p>\n<p>Cote doc: 5-10-DET-R2<\/p>\n<p><strong><em>Uniquement \u00e0 la location<\/em><\/strong><\/p>\n<span class=\"et_bloom_bottom_trigger\"><\/span>","protected":false},"excerpt":{"rendered":"<p>Recherche relative aux crit\u00e8res devant pr\u00e9sider \u00e0 la programmation de la capacit\u00e9 d&rsquo;accueil des \u00e9tablissements et services sp\u00e9cialis\u00e9s dans le traitement des personnes handicap\u00e9es de la Communaut\u00e9 fran\u00e7aise : Une enqu\u00eate par questionnaire a \u00e9t\u00e9 men\u00e9e aupr\u00e8s des centres habilit\u00e9s \u00e0 d\u00e9livrer des attestations d&rsquo;admission et de r\u00e9\u00e9valuation tels que d\u00e9finis par l&rsquo;Arr\u00eat\u00e9 Monfils datant [&hellip;]<\/p>\n","protected":false},"featured_media":1924,"comment_status":"closed","ping_status":"closed","template":"","meta":{"_et_pb_use_builder":"","_et_pb_old_content":"","_et_gb_content_width":"","spay_email":""},"class_list":["post-1923","product","type-product","status-publish","has-post-thumbnail","hentry","product_cat-livres","product_tag-centre-daccueil","product_tag-condition","product_tag-evaluation","product_tag-personne-handicapee","product_tag-placement","product_tag-trouble-du-comportement"],"jetpack_sharing_enabled":true,"jetpack_likes_enabled":true,"_links":{"self":[{"href":"https:\/\/www.parthages.be\/eboutique\/wp-json\/wp\/v2\/product\/1923","targetHints":{"allow":["GET"]}}],"collection":[{"href":"https:\/\/www.parthages.be\/eboutique\/wp-json\/wp\/v2\/product"}],"about":[{"href":"https:\/\/www.parthages.be\/eboutique\/wp-json\/wp\/v2\/types\/product"}],"replies":[{"embeddable":true,"href":"https:\/\/www.parthages.be\/eboutique\/wp-json\/wp\/v2\/comments?post=1923"}],"wp:featuredmedia":[{"embeddable":true,"href":"https:\/\/www.parthages.be\/eboutique\/wp-json\/wp\/v2\/media\/1924"}],"wp:attachment":[{"href":"https:\/\/www.parthages.be\/eboutique\/wp-json\/wp\/v2\/media?parent=1923"}],"curies":[{"name":"wp","href":"https:\/\/api.w.org\/{rel}","templated":true}]}}