{"id":1927,"date":"2021-09-20T10:54:23","date_gmt":"2021-09-20T08:54:23","guid":{"rendered":"https:\/\/www.parthages.be\/eboutique\/?post_type=product&#038;p=1927"},"modified":"2022-02-18T10:30:38","modified_gmt":"2022-02-18T09:30:38","slug":"laide-aux-enfants-victimes-de-maltraitances","status":"publish","type":"product","link":"https:\/\/www.parthages.be\/eboutique\/produit\/laide-aux-enfants-victimes-de-maltraitances\/","title":{"rendered":"L&rsquo;aide aux enfants victimes de maltraitances"},"content":{"rendered":"<p><strong><em>Brochure<\/em><\/strong><\/p>\n<p>Guide \u00e0 l&rsquo;usage des intervenants aupr\u00e8s des enfants et des adolescents. La maltraitance touche quasi toutes les personnes en contact avec des enfants et \u00e0 des niveaux souvent tr\u00e8s divers. Ce guide a pour objet principal de sugg\u00e9rer aux intervenants des mani\u00e8res d&rsquo;intervenir pour faire face \u00e0 un d\u00e9voilement de maltraitance mais aussi d&rsquo;aider un enfant qui en est victime. (Pr\u00e9sentation de l\u2019\u00e9diteur)<\/p>\n<p>COORDINATION DE L&rsquo;AIDE AUX VICTIMES DE MALTRAITANCE<\/p>\n<p>Minist\u00e8re de la communaut\u00e9 fran\u00e7aise<\/p>\n<p>61p.<\/p>\n<p>Cote doc\u00a0: 4-90-CAV-A<\/p>\n<p><strong><em>Uniquement \u00e0 la location<\/em><\/strong><\/p>\n<span class=\"et_bloom_bottom_trigger\"><\/span>","protected":false},"excerpt":{"rendered":"<p>Brochure Guide \u00e0 l&rsquo;usage des intervenants aupr\u00e8s des enfants et des adolescents. La maltraitance touche quasi toutes les personnes en contact avec des enfants et \u00e0 des niveaux souvent tr\u00e8s divers. Ce guide a pour objet principal de sugg\u00e9rer aux intervenants des mani\u00e8res d&rsquo;intervenir pour faire face \u00e0 un d\u00e9voilement de maltraitance mais aussi d&rsquo;aider [&hellip;]<\/p>\n","protected":false},"featured_media":1928,"comment_status":"closed","ping_status":"closed","template":"","meta":{"_et_pb_use_builder":"","_et_pb_old_content":"","_et_gb_content_width":"","spay_email":""},"class_list":["post-1927","product","type-product","status-publish","has-post-thumbnail","hentry","product_cat-livres","product_cat-livres-jeunesse","product_tag-adolescent","product_tag-aide","product_tag-belgique","product_tag-enfant","product_tag-intervenant","product_tag-maltraitance","product_tag-organisme-public"],"jetpack_sharing_enabled":true,"jetpack_likes_enabled":true,"_links":{"self":[{"href":"https:\/\/www.parthages.be\/eboutique\/wp-json\/wp\/v2\/product\/1927","targetHints":{"allow":["GET"]}}],"collection":[{"href":"https:\/\/www.parthages.be\/eboutique\/wp-json\/wp\/v2\/product"}],"about":[{"href":"https:\/\/www.parthages.be\/eboutique\/wp-json\/wp\/v2\/types\/product"}],"replies":[{"embeddable":true,"href":"https:\/\/www.parthages.be\/eboutique\/wp-json\/wp\/v2\/comments?post=1927"}],"wp:featuredmedia":[{"embeddable":true,"href":"https:\/\/www.parthages.be\/eboutique\/wp-json\/wp\/v2\/media\/1928"}],"wp:attachment":[{"href":"https:\/\/www.parthages.be\/eboutique\/wp-json\/wp\/v2\/media?parent=1927"}],"curies":[{"name":"wp","href":"https:\/\/api.w.org\/{rel}","templated":true}]}}