{"id":1929,"date":"2021-09-20T10:55:45","date_gmt":"2021-09-20T08:55:45","guid":{"rendered":"https:\/\/www.parthages.be\/eboutique\/?post_type=product&#038;p=1929"},"modified":"2021-09-20T10:55:45","modified_gmt":"2021-09-20T08:55:45","slug":"marge-a-suivre","status":"publish","type":"product","link":"https:\/\/www.parthages.be\/eboutique\/produit\/marge-a-suivre\/","title":{"rendered":"Marge \u00e0 suivre"},"content":{"rendered":"<p>L&rsquo;APJI, l&rsquo;Atelier Marollien, et le Centre des Etangs Noirs sont trois associations bruxelloises qui travaillent depuis plus de 10 ans aux c\u00f4t\u00e9s de ces jeunes bloqu\u00e9s entre l&rsquo;\u00e9cole inachev\u00e9e et d&rsquo;autres formations, entre l&rsquo;enseignement et l&#8217;emploi auquel ils n&rsquo;ont pas acc\u00e8s. La Fondation Roi Baudouin leur a demand\u00e9 d&rsquo;\u00e9crire leur exp\u00e9rience. D\u00e9buta alors une collaboration entre les trois qui aboutit au pr\u00e9sent ouvrage. Dans la premi\u00e8re partie, ils se racontent et retracent le cheminement de quelques jeunes.<\/p>\n<p>Dans la deuxi\u00e8me partie, une \u00e9valuation des objectifs, de la port\u00e9e, des difficult\u00e9s et des limites de leur travail avec les jeunes.<\/p>\n<p>SERGHINI A. &#8211; WIBRIN P. &#8211; HUBLET B. &#8211; PRIGNON C.- DELCOMMUNE J.M.- VANDENBERGH Y.<\/p>\n<p>Fondation Roi Baudoin<\/p>\n<p>1986-243p.<\/p>\n<p>Cote doc\u00a0: 4-90-APA-M<\/p>\n<p><strong><em>Uniquement \u00e0 la location<\/em><\/strong><\/p>\n<span class=\"et_bloom_bottom_trigger\"><\/span>","protected":false},"excerpt":{"rendered":"<p>L&rsquo;APJI, l&rsquo;Atelier Marollien, et le Centre des Etangs Noirs sont trois associations bruxelloises qui travaillent depuis plus de 10 ans aux c\u00f4t\u00e9s de ces jeunes bloqu\u00e9s entre l&rsquo;\u00e9cole inachev\u00e9e et d&rsquo;autres formations, entre l&rsquo;enseignement et l&#8217;emploi auquel ils n&rsquo;ont pas acc\u00e8s.<\/p>\n","protected":false},"featured_media":1930,"comment_status":"closed","ping_status":"closed","template":"","meta":{"_et_pb_use_builder":"","_et_pb_old_content":"","_et_gb_content_width":"","spay_email":""},"class_list":["post-1929","product","type-product","status-publish","has-post-thumbnail","hentry","product_cat-livres","product_tag-action-sociale","product_tag-belgique","product_tag-centre-de-formation","product_tag-emploi","product_tag-enseignement","product_tag-formation","product_tag-integration-sociale","product_tag-intervention","product_tag-jeune","product_tag-marginalite","product_tag-temoignage"],"jetpack_sharing_enabled":true,"jetpack_likes_enabled":true,"_links":{"self":[{"href":"https:\/\/www.parthages.be\/eboutique\/wp-json\/wp\/v2\/product\/1929","targetHints":{"allow":["GET"]}}],"collection":[{"href":"https:\/\/www.parthages.be\/eboutique\/wp-json\/wp\/v2\/product"}],"about":[{"href":"https:\/\/www.parthages.be\/eboutique\/wp-json\/wp\/v2\/types\/product"}],"replies":[{"embeddable":true,"href":"https:\/\/www.parthages.be\/eboutique\/wp-json\/wp\/v2\/comments?post=1929"}],"wp:featuredmedia":[{"embeddable":true,"href":"https:\/\/www.parthages.be\/eboutique\/wp-json\/wp\/v2\/media\/1930"}],"wp:attachment":[{"href":"https:\/\/www.parthages.be\/eboutique\/wp-json\/wp\/v2\/media?parent=1929"}],"curies":[{"name":"wp","href":"https:\/\/api.w.org\/{rel}","templated":true}]}}