{"id":1931,"date":"2021-09-20T10:56:55","date_gmt":"2021-09-20T08:56:55","guid":{"rendered":"https:\/\/www.parthages.be\/eboutique\/?post_type=product&#038;p=1931"},"modified":"2021-09-20T10:56:56","modified_gmt":"2021-09-20T08:56:56","slug":"loreille-et-le-langage","status":"publish","type":"product","link":"https:\/\/www.parthages.be\/eboutique\/produit\/loreille-et-le-langage\/","title":{"rendered":"L&rsquo;oreille et le langage"},"content":{"rendered":"<p>L&rsquo;auteur dans la premi\u00e8re partie de consid\u00e9rer ce que l&rsquo;on entend par \u00ab\u00a0langage\u00a0\u00bb, puis la deuxi\u00e8me partie nous conduira au corps qui parle, la participation du corps dans le langage \u00e9tant totale. Le corps est consid\u00e9r\u00e9 par rapport au langage sous deux aspects : en tant que g\u00e9n\u00e9rateur et en tant que r\u00e9cepteur. L&rsquo;oreille, l&rsquo;organe de l&rsquo;\u00e9coute sera \u00e9tudi\u00e9.<\/p>\n<p>L&rsquo;auteur nous montrera comment gr\u00e2ce \u00e0 son intervention, se fa\u00e7onner notre geste vocal. Seront abord\u00e9s ainsi le conditionnement audio-vocal, puis l&rsquo;audio-phonologie et l&rsquo;audio-psycho-phonologie. Le r\u00f4le de contr\u00f4leur qu&rsquo;exerce l&rsquo;oreille fera appara\u00eetre ensuite la dominance fonctionnelle d&rsquo;une seule oreille, l&rsquo;oreille directrice. Puis seront abord\u00e9s le probl\u00e8me de la lat\u00e9ralit\u00e9, c&rsquo;est-\u00e0 dire de la droiterie et de la gaucherie<strong>.<\/strong><\/p>\n<p>TOMATIS A.<\/p>\n<p>Seuil<\/p>\n<p>1963-185p.<\/p>\n<p>Cote doc\u00a0: 4-80-TOM-O<\/p>\n<p><strong><em>Uniquement \u00e0 la location<\/em><\/strong><\/p>\n<span class=\"et_bloom_bottom_trigger\"><\/span>","protected":false},"excerpt":{"rendered":"<p>L&rsquo;auteur dans la premi\u00e8re partie de consid\u00e9rer ce que l&rsquo;on entend par \u00ab\u00a0langage\u00a0\u00bb, puis la deuxi\u00e8me partie nous conduira au corps qui parle, la participation du corps dans le langage \u00e9tant totale.<\/p>\n","protected":false},"featured_media":1932,"comment_status":"closed","ping_status":"closed","template":"","meta":{"_et_pb_use_builder":"","_et_pb_old_content":"","_et_gb_content_width":"","spay_email":""},"class_list":["post-1931","product","type-product","status-publish","has-post-thumbnail","hentry","product_cat-livres","product_tag-audition","product_tag-begaiement","product_tag-corps","product_tag-france","product_tag-langage","product_tag-methode-tomatis","product_tag-oreille","product_tag-psychologie","product_tag-trouble-du-langage","product_tag-trouble-fonctionnel"],"jetpack_sharing_enabled":true,"jetpack_likes_enabled":true,"_links":{"self":[{"href":"https:\/\/www.parthages.be\/eboutique\/wp-json\/wp\/v2\/product\/1931","targetHints":{"allow":["GET"]}}],"collection":[{"href":"https:\/\/www.parthages.be\/eboutique\/wp-json\/wp\/v2\/product"}],"about":[{"href":"https:\/\/www.parthages.be\/eboutique\/wp-json\/wp\/v2\/types\/product"}],"replies":[{"embeddable":true,"href":"https:\/\/www.parthages.be\/eboutique\/wp-json\/wp\/v2\/comments?post=1931"}],"wp:featuredmedia":[{"embeddable":true,"href":"https:\/\/www.parthages.be\/eboutique\/wp-json\/wp\/v2\/media\/1932"}],"wp:attachment":[{"href":"https:\/\/www.parthages.be\/eboutique\/wp-json\/wp\/v2\/media?parent=1931"}],"curies":[{"name":"wp","href":"https:\/\/api.w.org\/{rel}","templated":true}]}}