{"id":1939,"date":"2021-09-20T11:04:02","date_gmt":"2021-09-20T09:04:02","guid":{"rendered":"https:\/\/www.parthages.be\/eboutique\/?post_type=product&#038;p=1939"},"modified":"2021-09-20T11:06:27","modified_gmt":"2021-09-20T09:06:27","slug":"approches-systemiques-de-la-communication-systemique-mimetisme-cognition","status":"publish","type":"product","link":"https:\/\/www.parthages.be\/eboutique\/produit\/approches-systemiques-de-la-communication-systemique-mimetisme-cognition\/","title":{"rendered":"Approches syst\u00e9miques de la communication: syst\u00e9mique: mim\u00e9tisme: cognition"},"content":{"rendered":"<p>Toute personne int\u00e9ress\u00e9e \u00e0 la communication et curieuse de la complexit\u00e9 de ses aspects tirera profit de la lecture de ce livre, issu d&rsquo;un enseignement universitaire. L&rsquo;ouvrage poursuit un double objectif. D&rsquo;une part, il s&rsquo;agit de pr\u00e9senter l&rsquo;approche syst\u00e9mique, ses concepts fondamentaux et les courants de pens\u00e9e qu&rsquo;elle a inspir\u00e9s concernant divers objets d&rsquo;\u00e9tude : l&rsquo;organisation, l&rsquo;interaction sociale, la cognition. D&rsquo;autre part, il s&rsquo;agit, \u00e0 propos de ces m\u00eames objets, de creuser le concept (tr\u00e8s syst\u00e9mique) de mim\u00e9sis et d&rsquo;en montrer l&rsquo;int\u00e9r\u00eat pour la compr\u00e9hension des diverses formes du lien social, de la structuration de la connaissance, et des processus de communication. (Pr\u00e9sentation de l\u2019\u00e9diteur)<\/p>\n<p>MEUNIER J.P.<\/p>\n<p>Editions De Boeck Universit\u00e9<\/p>\n<p>2003-253p.<\/p>\n<p>ISBN\u00a0: 2-8041-4265-5<\/p>\n<p>Cote doc\u00a0: 4-80-MEU-A<\/p>\n<p><strong><em>Uniquement \u00e0 la location<\/em><\/strong><\/p>\n<span class=\"et_bloom_bottom_trigger\"><\/span>","protected":false},"excerpt":{"rendered":"<p>Toute personne int\u00e9ress\u00e9e \u00e0 la communication et curieuse de la complexit\u00e9 de ses aspects tirera profit de la lecture de ce livre, issu d&rsquo;un enseignement universitaire.<\/p>\n","protected":false},"featured_media":1940,"comment_status":"closed","ping_status":"closed","template":"","meta":{"_et_pb_use_builder":"","_et_pb_old_content":"","_et_gb_content_width":"","spay_email":""},"class_list":["post-1939","product","type-product","status-publish","has-post-thumbnail","hentry","product_cat-livres","product_tag-approche-systemique","product_tag-communication","product_tag-connaissance","product_tag-fonction-cognitive","product_tag-lien-social","product_tag-organisation"],"jetpack_sharing_enabled":true,"jetpack_likes_enabled":true,"_links":{"self":[{"href":"https:\/\/www.parthages.be\/eboutique\/wp-json\/wp\/v2\/product\/1939","targetHints":{"allow":["GET"]}}],"collection":[{"href":"https:\/\/www.parthages.be\/eboutique\/wp-json\/wp\/v2\/product"}],"about":[{"href":"https:\/\/www.parthages.be\/eboutique\/wp-json\/wp\/v2\/types\/product"}],"replies":[{"embeddable":true,"href":"https:\/\/www.parthages.be\/eboutique\/wp-json\/wp\/v2\/comments?post=1939"}],"wp:featuredmedia":[{"embeddable":true,"href":"https:\/\/www.parthages.be\/eboutique\/wp-json\/wp\/v2\/media\/1940"}],"wp:attachment":[{"href":"https:\/\/www.parthages.be\/eboutique\/wp-json\/wp\/v2\/media?parent=1939"}],"curies":[{"name":"wp","href":"https:\/\/api.w.org\/{rel}","templated":true}]}}