{"id":1944,"date":"2021-09-20T11:11:42","date_gmt":"2021-09-20T09:11:42","guid":{"rendered":"https:\/\/www.parthages.be\/eboutique\/?post_type=product&#038;p=1944"},"modified":"2021-09-20T11:12:19","modified_gmt":"2021-09-20T09:12:19","slug":"au-coeur-de-ton-silence-la-communication-facilitee-cette-enigme","status":"publish","type":"product","link":"https:\/\/www.parthages.be\/eboutique\/produit\/au-coeur-de-ton-silence-la-communication-facilitee-cette-enigme\/","title":{"rendered":"Au c\u0153ur de ton silence"},"content":{"rendered":"<p>La communication facilit\u00e9e, cette \u00e9nigme<\/p>\n<p>La Communication Facilit\u00e9e (C.F.) est un moyen alternatif de communication mis \u00e0 disposition des personnes priv\u00e9es de parole et dont la motricit\u00e9 est souvent m\u00eame inhib\u00e9e.<\/p>\n<p>Cette aide \u00e0 la communication a ouvert la voie de l&rsquo;approche th\u00e9rapeutique qui s&rsquo;est actuellement beaucoup d\u00e9velopp\u00e9e en France et qu&rsquo;on nomme \u00ab\u00a0Psychophanie\u00a0\u00bb pour la distinguer de la \u00ab\u00a0C.F.\u00a0\u00bb proprement dite. Elle fonctionne sur les m\u00eames bases pour les personnes handicap\u00e9es ou non, mais n&rsquo;exige pas la coordination oculo-manuelle et son but est l&rsquo;expression profonde du psychisme.<\/p>\n<p>D\u2019inconscient \u00e0 inconscient, la Psychophanie met en mots les ressentis profonds et les \u00e9motions de l\u2019individu.<\/p>\n<p>C\u2019est un outil th\u00e9rapeutique qui permet d\u2019acc\u00e9der \u00e0 un registre \u00e9motionnel, affectif et existentiel, indicible par la parole.<\/p>\n<p>MARCADE M.<\/p>\n<p>Triskel<\/p>\n<p>2005-185p.<br \/>\nISBN\u00a0: 978-2-940353-05-8<\/p>\n<p>Cote doc: 4-80-MAR-A<\/p>\n<p><strong><em>Uniquement \u00e0 la location<\/em><\/strong><\/p>\n<span class=\"et_bloom_bottom_trigger\"><\/span>","protected":false},"excerpt":{"rendered":"<p>La Communication Facilit\u00e9e (C.F.) est un moyen alternatif de communication mis \u00e0 disposition des personnes priv\u00e9es de parole et dont la motricit\u00e9 est souvent m\u00eame inhib\u00e9e.<\/p>\n","protected":false},"featured_media":1945,"comment_status":"closed","ping_status":"closed","template":"","meta":{"_et_pb_use_builder":"","_et_pb_old_content":"","_et_gb_content_width":"","spay_email":""},"class_list":["post-1944","product","type-product","status-publish","has-post-thumbnail","hentry","product_cat-livres","product_tag-acces-a-linformation","product_tag-autisme","product_tag-communication","product_tag-handicap","product_tag-outil","product_tag-technique-de-communication","product_tag-therapeutique"],"jetpack_sharing_enabled":true,"jetpack_likes_enabled":true,"_links":{"self":[{"href":"https:\/\/www.parthages.be\/eboutique\/wp-json\/wp\/v2\/product\/1944","targetHints":{"allow":["GET"]}}],"collection":[{"href":"https:\/\/www.parthages.be\/eboutique\/wp-json\/wp\/v2\/product"}],"about":[{"href":"https:\/\/www.parthages.be\/eboutique\/wp-json\/wp\/v2\/types\/product"}],"replies":[{"embeddable":true,"href":"https:\/\/www.parthages.be\/eboutique\/wp-json\/wp\/v2\/comments?post=1944"}],"wp:featuredmedia":[{"embeddable":true,"href":"https:\/\/www.parthages.be\/eboutique\/wp-json\/wp\/v2\/media\/1945"}],"wp:attachment":[{"href":"https:\/\/www.parthages.be\/eboutique\/wp-json\/wp\/v2\/media?parent=1944"}],"curies":[{"name":"wp","href":"https:\/\/api.w.org\/{rel}","templated":true}]}}