{"id":1952,"date":"2021-09-20T11:18:56","date_gmt":"2021-09-20T09:18:56","guid":{"rendered":"https:\/\/www.parthages.be\/eboutique\/?post_type=product&#038;p=1952"},"modified":"2021-09-20T11:18:57","modified_gmt":"2021-09-20T09:18:57","slug":"communication-et-promotion-de-la-sante-aspects-theoriques-methodologiques-et-pratiques","status":"publish","type":"product","link":"https:\/\/www.parthages.be\/eboutique\/produit\/communication-et-promotion-de-la-sante-aspects-theoriques-methodologiques-et-pratiques\/","title":{"rendered":"Communication et promotion de la sant\u00e9: aspects th\u00e9oriques m\u00e9thodologiques et pratiques"},"content":{"rendered":"<p>La communication m\u00e9diatique est partout aujourd&rsquo;hui et, avec les nouvelles technologies, le mouvement n&rsquo;est pas pr\u00e8s de diminuer. La promotion de la sant\u00e9 est plus que jamais \u00e0 l&rsquo;ordre du jour; elle implique notamment la participation active de la population et vise l&#8217;emprise de celle-ci sur les d\u00e9terminants de sa propre sant\u00e9. Comment concilier deux champs d&rsquo;action reposant sur des valeurs aussi \u00e9loign\u00e9es que celles du marketing, avant tout soucieux de \u00ab\u00a0vendre\u00a0\u00bb (y compris les id\u00e9es), et celles de la promotion de la sant\u00e9?<\/p>\n<p>Tenter une r\u00e9ponse \u00e0 cette question est le d\u00e9fi que cet ouvrage cherche \u00e0 relever.<\/p>\n<p>Apr\u00e8s quelques notions pr\u00e9liminaires, la premi\u00e8re partie explore les concepts, th\u00e9ories et mod\u00e8les en mati\u00e8re de communication et de modification du comportement : ce chapitre se cl\u00f4t sur les questions \u00e9thiques qui s&rsquo;imposent. Le chapitre suivant propose une d\u00e9marche m\u00e9thodologique pour construire une action de communication en promotion de la sant\u00e9.<\/p>\n<p>La deuxi\u00e8me partie se pr\u00e9sente comme une \u00ab\u00a0bo\u00eete \u00e0 outils\u00a0\u00bb. Le lecteur est invit\u00e9 \u00e0 y puiser les techniques, informations et moyens d&rsquo;analyse qui lui sont n\u00e9cessaires.<\/p>\n<p>Si cet ouvrage r\u00e9pond \u00e0 certaines de vos attentes tout en vous aidant \u00e0 vous poser quelques questions pertinentes, il n&rsquo;aura pas manqu\u00e9 son but.<\/p>\n<p>Ce caract\u00e8re repris en page de couverture repr\u00e9sente l&rsquo;id\u00e9e de croisement, d&rsquo;\u00e9changes, d&rsquo;interaction (entrer en contact, se fr\u00e9quenter, \u00eatre en relation)&#8230; Son origine \u00e9tymologique est la repr\u00e9sentation d&rsquo;un homme debout se croisant les jambes.<\/p>\n<p>BONTEMPS R.-CHERBONNIER A.- MOUCHET P.- TREFOIS P.<\/p>\n<p>Question sant\u00e9 asbl<\/p>\n<p>2004- 219p.<\/p>\n<p>ISBN\u00a0: 2-85008-489-1<\/p>\n<p>Cote doc\u00a0: 4-80-BON-C<\/p>\n<p><strong><em>Uniquement \u00e0 la location<\/em><\/strong><\/p>\n<span class=\"et_bloom_bottom_trigger\"><\/span>","protected":false},"excerpt":{"rendered":"<p>La communication m\u00e9diatique est partout aujourd&rsquo;hui et, avec les nouvelles technologies, le mouvement n&rsquo;est pas pr\u00e8s de diminuer.<\/p>\n","protected":false},"featured_media":1953,"comment_status":"closed","ping_status":"closed","template":"","meta":{"_et_pb_use_builder":"","_et_pb_old_content":"","_et_gb_content_width":"","spay_email":""},"class_list":["post-1952","product","type-product","status-publish","has-post-thumbnail","hentry","product_cat-livres","product_tag-analyse","product_tag-aspect-theorique","product_tag-communication","product_tag-ethique","product_tag-information","product_tag-methodologie","product_tag-modele","product_tag-promotion-de-la-sante"],"jetpack_sharing_enabled":true,"jetpack_likes_enabled":true,"_links":{"self":[{"href":"https:\/\/www.parthages.be\/eboutique\/wp-json\/wp\/v2\/product\/1952","targetHints":{"allow":["GET"]}}],"collection":[{"href":"https:\/\/www.parthages.be\/eboutique\/wp-json\/wp\/v2\/product"}],"about":[{"href":"https:\/\/www.parthages.be\/eboutique\/wp-json\/wp\/v2\/types\/product"}],"replies":[{"embeddable":true,"href":"https:\/\/www.parthages.be\/eboutique\/wp-json\/wp\/v2\/comments?post=1952"}],"wp:featuredmedia":[{"embeddable":true,"href":"https:\/\/www.parthages.be\/eboutique\/wp-json\/wp\/v2\/media\/1953"}],"wp:attachment":[{"href":"https:\/\/www.parthages.be\/eboutique\/wp-json\/wp\/v2\/media?parent=1952"}],"curies":[{"name":"wp","href":"https:\/\/api.w.org\/{rel}","templated":true}]}}