{"id":1954,"date":"2021-09-20T11:19:46","date_gmt":"2021-09-20T09:19:46","guid":{"rendered":"https:\/\/www.parthages.be\/eboutique\/?post_type=product&#038;p=1954"},"modified":"2021-09-20T11:19:46","modified_gmt":"2021-09-20T09:19:46","slug":"tourisme-equitable-a-la-decouverte-de-lautre-et-de-soi","status":"publish","type":"product","link":"https:\/\/www.parthages.be\/eboutique\/produit\/tourisme-equitable-a-la-decouverte-de-lautre-et-de-soi\/","title":{"rendered":"Tourisme \u00e9quitable: \u00e0 la d\u00e9couverte de l&rsquo;autre&#8230;et de soi"},"content":{"rendered":"<p>Les principes appliqu\u00e9s au commerce \u00e9quitable devraient \u00eatre appliqu\u00e9s au tourisme de masse, d&rsquo;o\u00f9 la notion de tourisme \u00e9quitable. Comme pour le commerce, il s&rsquo;agirait d&rsquo;assurer aux habitants des pays touristiques, souvent pauvres, un juste partage des revenus du tourisme, dans une logique de d\u00e9veloppement durable. Or, le voyage de masse est aujourd&rsquo;hui un processus de domination des pays du nord sur ceux du sud, via un march\u00e9 international imposant ses structures au d\u00e9triment des valeurs, des \u00e9conomies et des structures sociales locales. Bas\u00e9 sur le respect, la solidarit\u00e9, le voyage \u00e9quitable rend possible un lien entre notre d\u00e9sir de d\u00e9couverte du monde et d&rsquo;\u00e9panouissement personnel et la reconnaissance de l&rsquo;autre comme tel, avec ses traditions et son histoire. Il suffit d&rsquo;un peu de bonne volont\u00e9 pour devenir un voyageur \u00e9quitable ! (Pr\u00e9sentation de l\u2019\u00e9diteur)<\/p>\n<p>VIALFONT S.<\/p>\n<p>Editions Jouvence<\/p>\n<p>2008-159p<\/p>\n<p>ISBN\u00a0: 978-2-88353-663-0<\/p>\n<p>Cote doc: 4-70-VIA-T<\/p>\n<p><strong><em>Uniquement \u00e0 la location<\/em><\/strong><\/p>\n<span class=\"et_bloom_bottom_trigger\"><\/span>","protected":false},"excerpt":{"rendered":"<p>Les principes appliqu\u00e9s au commerce \u00e9quitable devraient \u00eatre appliqu\u00e9s au tourisme de masse, d&rsquo;o\u00f9 la notion de tourisme \u00e9quitable.<\/p>\n","protected":false},"featured_media":1955,"comment_status":"closed","ping_status":"closed","template":"","meta":{"_et_pb_use_builder":"","_et_pb_old_content":"","_et_gb_content_width":"","spay_email":""},"class_list":["post-1954","product","type-product","status-publish","has-post-thumbnail","hentry","product_cat-livres","product_tag-aspect-culturel","product_tag-aspect-economique","product_tag-ecologie","product_tag-environnement","product_tag-solidarite","product_tag-tourisme","product_tag-voyage"],"jetpack_sharing_enabled":true,"jetpack_likes_enabled":true,"_links":{"self":[{"href":"https:\/\/www.parthages.be\/eboutique\/wp-json\/wp\/v2\/product\/1954","targetHints":{"allow":["GET"]}}],"collection":[{"href":"https:\/\/www.parthages.be\/eboutique\/wp-json\/wp\/v2\/product"}],"about":[{"href":"https:\/\/www.parthages.be\/eboutique\/wp-json\/wp\/v2\/types\/product"}],"replies":[{"embeddable":true,"href":"https:\/\/www.parthages.be\/eboutique\/wp-json\/wp\/v2\/comments?post=1954"}],"wp:featuredmedia":[{"embeddable":true,"href":"https:\/\/www.parthages.be\/eboutique\/wp-json\/wp\/v2\/media\/1955"}],"wp:attachment":[{"href":"https:\/\/www.parthages.be\/eboutique\/wp-json\/wp\/v2\/media?parent=1954"}],"curies":[{"name":"wp","href":"https:\/\/api.w.org\/{rel}","templated":true}]}}