{"id":1958,"date":"2021-09-20T11:23:10","date_gmt":"2021-09-20T09:23:10","guid":{"rendered":"https:\/\/www.parthages.be\/eboutique\/?post_type=product&#038;p=1958"},"modified":"2021-09-20T11:23:10","modified_gmt":"2021-09-20T09:23:10","slug":"pratiquer-le-theatre-avec-des-personnes-en-difficulte","status":"publish","type":"product","link":"https:\/\/www.parthages.be\/eboutique\/produit\/pratiquer-le-theatre-avec-des-personnes-en-difficulte\/","title":{"rendered":"Pratiquer le th\u00e9\u00e2tre avec des personnes en difficult\u00e9"},"content":{"rendered":"<p>Cet ouvrage donne des bases de travail aux personnes qui veulent pratiquer le th\u00e9\u00e2tre avec des personnes en difficult\u00e9. Ce n&rsquo;est pas un livre exhaustif sur le th\u00e9\u00e2tre, mais une m\u00e9thode simple et claire qui doit permettre d&rsquo;animer un atelier th\u00e9\u00e2tre dans de bonnes conditions pour favoriser l&rsquo;\u00e9mergence de spectacles de qualit\u00e9 dans les institutions. A partir de ces rep\u00e8res et des 185 exercices propos\u00e9s, chaque \u00ab\u00a0animateur d&rsquo;atelier th\u00e9\u00e2tre\u00a0\u00bb pourra d\u00e9velopper sa propre technique et sa mani\u00e8re personnelle de travailler. L&rsquo;auteur met son exp\u00e9rience au service des personnels travaillant aupr\u00e8s d&rsquo;enfants, d&rsquo;adolescents et d&rsquo;adultes en difficult\u00e9. Mais cet ouvrage est avant tout un manuel de th\u00e9\u00e2tre qui peut aussi convenir aux instituteurs ou aux professeurs. Les professionnels du spectacle (acteurs, metteurs en sc\u00e8ne) peuvent y trouver un certain nombre de pistes pour le travail artistique qu&rsquo;ils sont parfois amen\u00e9s \u00e0 faire avec des publics non initi\u00e9s. Pierrot la vie, De Fables en fables de la Fontaine, deux pi\u00e8ces \u00e0 jouer, sont int\u00e9gr\u00e9s \u00e0 l&rsquo;ouvrage. (Pr\u00e9sentation de l\u2019\u00e9diteur)<\/p>\n<p>REYNAUD M.<\/p>\n<p>Chronique sociale<\/p>\n<p>2006-205p.-17\u20ac<\/p>\n<p>300gr<\/p>\n<p>ISBN\u00a0: 2-85008-451-4<\/p>\n<p>Cote doc\u00a0: 4-70-REY-P<\/p>\n<span class=\"et_bloom_bottom_trigger\"><\/span>","protected":false},"excerpt":{"rendered":"<p>Cet ouvrage donne des bases de travail aux personnes qui veulent pratiquer le th\u00e9\u00e2tre avec des personnes en difficult\u00e9.<\/p>\n","protected":false},"featured_media":1959,"comment_status":"closed","ping_status":"closed","template":"","meta":{"_et_pb_use_builder":"","_et_pb_old_content":"","_et_gb_content_width":"","spay_email":""},"class_list":["post-1958","product","type-product","status-publish","has-post-thumbnail","hentry","product_cat-livres","product_tag-adolescent","product_tag-adulte","product_tag-communication","product_tag-echange","product_tag-enfant","product_tag-expression-artistique","product_tag-france","product_tag-integration-sociale","product_tag-methode-pedagogique","product_tag-personne-en-difficulte","product_tag-personne-handicapee"],"jetpack_sharing_enabled":true,"jetpack_likes_enabled":true,"_links":{"self":[{"href":"https:\/\/www.parthages.be\/eboutique\/wp-json\/wp\/v2\/product\/1958","targetHints":{"allow":["GET"]}}],"collection":[{"href":"https:\/\/www.parthages.be\/eboutique\/wp-json\/wp\/v2\/product"}],"about":[{"href":"https:\/\/www.parthages.be\/eboutique\/wp-json\/wp\/v2\/types\/product"}],"replies":[{"embeddable":true,"href":"https:\/\/www.parthages.be\/eboutique\/wp-json\/wp\/v2\/comments?post=1958"}],"wp:featuredmedia":[{"embeddable":true,"href":"https:\/\/www.parthages.be\/eboutique\/wp-json\/wp\/v2\/media\/1959"}],"wp:attachment":[{"href":"https:\/\/www.parthages.be\/eboutique\/wp-json\/wp\/v2\/media?parent=1958"}],"curies":[{"name":"wp","href":"https:\/\/api.w.org\/{rel}","templated":true}]}}