{"id":196,"date":"2012-09-24T11:37:53","date_gmt":"2012-09-24T09:37:53","guid":{"rendered":"https:\/\/www.parthages.be\/wordpress\/produit\/petit-cahier-d-exercices-de-gratitude\/"},"modified":"2021-08-18T09:48:48","modified_gmt":"2021-08-18T07:48:48","slug":"petit-cahier-d-exercices-de-gratitude","status":"publish","type":"product","link":"https:\/\/www.parthages.be\/eboutique\/produit\/petit-cahier-d-exercices-de-gratitude\/","title":{"rendered":"Petit cahier d&rsquo;exercices de gratitude"},"content":{"rendered":"<p>La gratitude, avec la g\u00e9n\u00e9rosit\u00e9, est l&rsquo;un des plus puissants exhausteurs de bonheur. Telle est la conclusion \u00e0 laquelle est arriv\u00e9e la psychologie positive, appel\u00e9e aussi science du bonheur.<\/p>\n<p>Pourquoi dire merci est-il aussi puissant ? Pourquoi cela fait-il autant de bien ?<\/p>\n<p>Vous le d\u00e9couvrirez au travers de ce petit cahier d&rsquo;exercices, qui propose une multitude d&rsquo;activit\u00e9s concr\u00e8tes pour d\u00e9velopper votre esprit de gratitude.<\/p>\n<p>Commen\u00e7ons tout de suite : merci \u00e0 vous, ch\u00e8res lectrices, chers lecteurs, d&rsquo;avoir choisi ce Petit Cahier. Et merci pour votre contribution \u00e0 diffuser un peu de bonheur autour de vous gr\u00e2ce \u00e0 la gratitude !<\/p>\n<p>\u00ab Exprimer sa gratitude est la strat\u00e9gie par excellence pour atteindre le bonheur \u00bb Sonja Lyubomirsky<\/p>\n<p>&nbsp;<\/p>\n<p>THALMANN Y.-A.<\/p>\n<p>Editions JOUVENCE<\/p>\n<p>2012 \u2013 64p. \u2013 125g -6,90\u20ac<\/p>\n<p>ISBN: 978-2-88353-730-9<\/p>\n<p>Cote doc : 3-10-THA-P5<\/p>\n<span class=\"et_bloom_bottom_trigger\"><\/span>","protected":false},"excerpt":{"rendered":"<p>La gratitude, avec la g\u00e9n\u00e9rosit\u00e9, est l&rsquo;un des plus puissants exhausteurs de bonheur. Telle est la conclusion \u00e0 laquelle est arriv\u00e9e la psychologie positive, appel\u00e9e aussi science du bonheur.<\/p>\n","protected":false},"featured_media":1586,"comment_status":"open","ping_status":"closed","template":"","meta":{"_et_pb_use_builder":"","_et_pb_old_content":"","_et_gb_content_width":"","spay_email":""},"class_list":["post-196","product","type-product","status-publish","has-post-thumbnail","hentry","product_cat-livres","product_tag-bien-etre","product_tag-estime-de-soi-epanouissement-personnel","product_tag-technique-de-developpement-personnel"],"jetpack_sharing_enabled":true,"jetpack_likes_enabled":true,"_links":{"self":[{"href":"https:\/\/www.parthages.be\/eboutique\/wp-json\/wp\/v2\/product\/196","targetHints":{"allow":["GET"]}}],"collection":[{"href":"https:\/\/www.parthages.be\/eboutique\/wp-json\/wp\/v2\/product"}],"about":[{"href":"https:\/\/www.parthages.be\/eboutique\/wp-json\/wp\/v2\/types\/product"}],"replies":[{"embeddable":true,"href":"https:\/\/www.parthages.be\/eboutique\/wp-json\/wp\/v2\/comments?post=196"}],"wp:featuredmedia":[{"embeddable":true,"href":"https:\/\/www.parthages.be\/eboutique\/wp-json\/wp\/v2\/media\/1586"}],"wp:attachment":[{"href":"https:\/\/www.parthages.be\/eboutique\/wp-json\/wp\/v2\/media?parent=196"}],"curies":[{"name":"wp","href":"https:\/\/api.w.org\/{rel}","templated":true}]}}