{"id":1960,"date":"2021-09-20T11:24:13","date_gmt":"2021-09-20T09:24:13","guid":{"rendered":"https:\/\/www.parthages.be\/eboutique\/?post_type=product&#038;p=1960"},"modified":"2021-09-20T11:24:14","modified_gmt":"2021-09-20T09:24:14","slug":"le-surdilege-cent-sourdes-citations","status":"publish","type":"product","link":"https:\/\/www.parthages.be\/eboutique\/produit\/le-surdilege-cent-sourdes-citations\/","title":{"rendered":"Le surdil\u00e8ge: cent sourdes citations"},"content":{"rendered":"<p>Le Surdil\u00e8ge, contraction de surdit\u00e9 et floril\u00e8ge, r\u00e9unit une centaine de citations, proverbes et parodies sur les sourds et la surdit\u00e9, r\u00e9unies ou invent\u00e9es par Marc Renard et illustr\u00e9es par Pat Mallet (pr\u00e9sentation de l\u2019\u00e9diteur)<\/p>\n<p>RENARD M.- MALLET P.<\/p>\n<p>Editions du Fox<\/p>\n<p>2009-119p.<\/p>\n<p>ISBN: 9-782952-934855<\/p>\n<p>Cote doc: 4-80-REN-S<\/p>\n<p><strong><em>Uniquement \u00e0 la location<\/em><\/strong><\/p>\n<span class=\"et_bloom_bottom_trigger\"><\/span>","protected":false},"excerpt":{"rendered":"<p>Le Surdil\u00e8ge, contraction de surdit\u00e9 et floril\u00e8ge, r\u00e9unit une centaine de citations, proverbes et parodies sur les sourds et la surdit\u00e9, r\u00e9unies ou invent\u00e9es par Marc Renard et illustr\u00e9es par Pat Mallet (pr\u00e9sentation de l\u2019\u00e9diteur)<\/p>\n","protected":false},"featured_media":1961,"comment_status":"closed","ping_status":"closed","template":"","meta":{"_et_pb_use_builder":"","_et_pb_old_content":"","_et_gb_content_width":"","spay_email":""},"class_list":["post-1960","product","type-product","status-publish","has-post-thumbnail","hentry","product_cat-livres","product_tag-bande-dessinee","product_tag-pensee","product_tag-reflexion","product_tag-surdite"],"jetpack_sharing_enabled":true,"jetpack_likes_enabled":true,"_links":{"self":[{"href":"https:\/\/www.parthages.be\/eboutique\/wp-json\/wp\/v2\/product\/1960","targetHints":{"allow":["GET"]}}],"collection":[{"href":"https:\/\/www.parthages.be\/eboutique\/wp-json\/wp\/v2\/product"}],"about":[{"href":"https:\/\/www.parthages.be\/eboutique\/wp-json\/wp\/v2\/types\/product"}],"replies":[{"embeddable":true,"href":"https:\/\/www.parthages.be\/eboutique\/wp-json\/wp\/v2\/comments?post=1960"}],"wp:featuredmedia":[{"embeddable":true,"href":"https:\/\/www.parthages.be\/eboutique\/wp-json\/wp\/v2\/media\/1961"}],"wp:attachment":[{"href":"https:\/\/www.parthages.be\/eboutique\/wp-json\/wp\/v2\/media?parent=1960"}],"curies":[{"name":"wp","href":"https:\/\/api.w.org\/{rel}","templated":true}]}}