{"id":1962,"date":"2021-09-20T11:26:21","date_gmt":"2021-09-20T09:26:21","guid":{"rendered":"https:\/\/www.parthages.be\/eboutique\/?post_type=product&#038;p=1962"},"modified":"2021-09-20T11:26:21","modified_gmt":"2021-09-20T09:26:21","slug":"pratiques-sportives-et-handicaps","status":"publish","type":"product","link":"https:\/\/www.parthages.be\/eboutique\/produit\/pratiques-sportives-et-handicaps\/","title":{"rendered":"Pratiques sportives et handicaps"},"content":{"rendered":"<p><strong>\u00ab\u00a0 Ensemble sportons-nous bien\u00a0\u00bb<\/strong><\/p>\n<p>La pratique sportive, vecteur d&rsquo;int\u00e9gration sociale, permet, en am\u00e9liorant l&rsquo;ensemble des capacit\u00e9s de la personne, de mieux l&rsquo;adapter \u00e0 son handicap et de surmonter celui-ci en la r\u00e9conciliant avec son corps. Source de bien-\u00eatre, la pratique sportive permet de prendre conscience que la communication est toujours possible, offrant ainsi la possibilit\u00e9 de (re)construire \u00e9quilibre psychique et physique tout en se (r\u00e9)inventant une place parmi les autres. Que ce soit par la richesse des valeurs morales qu&rsquo;elle v\u00e9hicule, par la rencontre duelle qu&rsquo;elle impose ou par l&rsquo;exploration des capacit\u00e9s de son propre corps et des lois qui en r\u00e9gissent l&rsquo;animation, la pratique des arts martiaux est notamment reconnue comme un outil de choix de l&rsquo;int\u00e9gration sociale et humaine. L&rsquo;exp\u00e9rience sportive permet de revendiquer sa propre histoire, sa singularit\u00e9, pour agir non seulement sur le sentiment que l&rsquo;on a de soi-m\u00eame mais aussi sur l&rsquo;image que les autres s&rsquo;en font. Cette prise en charge des personnes ne peut se faire que d&rsquo;une fa\u00e7on globale et quotidienne et doit prendre en compte les donn\u00e9es politiques et institutionnelles visant \u00e0 la r\u00e9adaptation et \u00e0 la (r\u00e9)int\u00e9gration par l&rsquo;activit\u00e9 physique. Les pratiques, les diff\u00e9rents regards et les engagements pr\u00e9sent\u00e9s dans cet ouvrage montrent, par leur diversit\u00e9, des r\u00e9alisations concr\u00e8tes porteuses de changement pour les personnes concern\u00e9es et pour notre soci\u00e9t\u00e9. (Pr\u00e9sentation de l\u2019\u00e9diteur)<\/p>\n<p>GAILLARD J.<\/p>\n<p>Chronique sociale<\/p>\n<p>2007-175p.-17.10\u20ac<\/p>\n<p>249gr<\/p>\n<p>ISBN: 978-2-85008-671-7<\/p>\n<p>Cote doc: 4-70-GAI-P<\/p>\n<span class=\"et_bloom_bottom_trigger\"><\/span>","protected":false},"excerpt":{"rendered":"<p>La pratique sportive, vecteur d&rsquo;int\u00e9gration sociale, permet, en am\u00e9liorant l&rsquo;ensemble des capacit\u00e9s de la personne, de mieux l&rsquo;adapter \u00e0 son handicap et de surmonter celui-ci en la r\u00e9conciliant avec son corps.<\/p>\n","protected":false},"featured_media":1963,"comment_status":"closed","ping_status":"closed","template":"","meta":{"_et_pb_use_builder":"","_et_pb_old_content":"","_et_gb_content_width":"","spay_email":""},"class_list":["post-1962","product","type-product","status-publish","has-post-thumbnail","hentry","product_cat-livres","product_tag-activite-de-groupe","product_tag-activite-physique","product_tag-autisme","product_tag-deficience","product_tag-handicap","product_tag-integration","product_tag-mucoviscidose","product_tag-readaptation","product_tag-sport"],"jetpack_sharing_enabled":true,"jetpack_likes_enabled":true,"_links":{"self":[{"href":"https:\/\/www.parthages.be\/eboutique\/wp-json\/wp\/v2\/product\/1962","targetHints":{"allow":["GET"]}}],"collection":[{"href":"https:\/\/www.parthages.be\/eboutique\/wp-json\/wp\/v2\/product"}],"about":[{"href":"https:\/\/www.parthages.be\/eboutique\/wp-json\/wp\/v2\/types\/product"}],"replies":[{"embeddable":true,"href":"https:\/\/www.parthages.be\/eboutique\/wp-json\/wp\/v2\/comments?post=1962"}],"wp:featuredmedia":[{"embeddable":true,"href":"https:\/\/www.parthages.be\/eboutique\/wp-json\/wp\/v2\/media\/1963"}],"wp:attachment":[{"href":"https:\/\/www.parthages.be\/eboutique\/wp-json\/wp\/v2\/media?parent=1962"}],"curies":[{"name":"wp","href":"https:\/\/api.w.org\/{rel}","templated":true}]}}