{"id":1964,"date":"2021-09-20T11:28:28","date_gmt":"2021-09-20T09:28:28","guid":{"rendered":"https:\/\/www.parthages.be\/eboutique\/?post_type=product&#038;p=1964"},"modified":"2021-09-20T11:29:18","modified_gmt":"2021-09-20T09:29:18","slug":"la-creation-a-fleur-de-peau","status":"publish","type":"product","link":"https:\/\/www.parthages.be\/eboutique\/produit\/la-creation-a-fleur-de-peau\/","title":{"rendered":"La cr\u00e9ation \u00e0 fleur de peau"},"content":{"rendered":"<p>Art, culture, handicap<\/p>\n<p><strong>Cet ouvrage propose un voyage<\/strong>\u00a0\u00e0 travers des exp\u00e9riences culturelles \u00ab hors normes \u00bb, qui r\u00e9unissent des artistes en situation de handicap et d\u2019autres qui ne le sont pas. Il met en sc\u00e8ne deux personnages mythiques dialoguant avec des femmes et des hommes de th\u00e9\u00e2tre, des chor\u00e9graphes, des musiciens, des photographes, des peintres, des \u00e9crivains, des conteurs et des responsables de lieux culturels. Il jette un pont entre deux mondes qui ne se rencontrent que rarement. Il montre que l\u2019art, irr\u00e9ductible aux th\u00e9ories, aux concepts et autres constructions de la seule pens\u00e9e, est avant tout un concentr\u00e9 de chair.<\/p>\n<p><strong>Les pratiques culturelles novatrices<\/strong>, pr\u00e9sent\u00e9es ici et illustr\u00e9es de photographies, r\u00e9v\u00e8lent que danser avec un corps qui n\u2019ob\u00e9it pas, faire du th\u00e9\u00e2tre quand la parole manque, peindre lorsque les mouvements \u00e9chappent sont autant de situations atypiques, de voies in\u00e9dites de d\u00e9couverte de soi et des autres. En explorant les mille et un petits liens nou\u00e9s par la cr\u00e9ation, les auteurs d\u00e9voilent ce que l\u2019art cr\u00e9e d\u2019infiniment subtil, de profond entre les \u00eatres. (Pr\u00e9sentation de l\u2019\u00e9diteur)<\/p>\n<p>GARDOU C.- SAUCOURT E.<\/p>\n<p>Editions Er\u00e8s<\/p>\n<p>2005-113p.<\/p>\n<p>ISBN: 2-7492-0536-0<\/p>\n<p>Cote doc: 4-70-GAR-C<\/p>\n<p><strong><em>Uniquement \u00e0 la location<\/em><\/strong><\/p>\n<span class=\"et_bloom_bottom_trigger\"><\/span>","protected":false},"excerpt":{"rendered":"<p><strong>Cet ouvrage propose un voyage<\/strong>\u00a0\u00e0 travers des exp\u00e9riences culturelles \u00ab hors normes \u00bb<\/p>\n","protected":false},"featured_media":1965,"comment_status":"closed","ping_status":"closed","template":"","meta":{"_et_pb_use_builder":"","_et_pb_old_content":"","_et_gb_content_width":"","spay_email":""},"class_list":["post-1964","product","type-product","status-publish","has-post-thumbnail","hentry","product_cat-livres","product_tag-activite-culturelle","product_tag-art","product_tag-culture","product_tag-deficience-intellectuelle","product_tag-deficience-motrice","product_tag-participation","product_tag-sport","product_tag-temoignage"],"jetpack_sharing_enabled":true,"jetpack_likes_enabled":true,"_links":{"self":[{"href":"https:\/\/www.parthages.be\/eboutique\/wp-json\/wp\/v2\/product\/1964","targetHints":{"allow":["GET"]}}],"collection":[{"href":"https:\/\/www.parthages.be\/eboutique\/wp-json\/wp\/v2\/product"}],"about":[{"href":"https:\/\/www.parthages.be\/eboutique\/wp-json\/wp\/v2\/types\/product"}],"replies":[{"embeddable":true,"href":"https:\/\/www.parthages.be\/eboutique\/wp-json\/wp\/v2\/comments?post=1964"}],"wp:featuredmedia":[{"embeddable":true,"href":"https:\/\/www.parthages.be\/eboutique\/wp-json\/wp\/v2\/media\/1965"}],"wp:attachment":[{"href":"https:\/\/www.parthages.be\/eboutique\/wp-json\/wp\/v2\/media?parent=1964"}],"curies":[{"name":"wp","href":"https:\/\/api.w.org\/{rel}","templated":true}]}}