{"id":1968,"date":"2021-09-20T11:31:29","date_gmt":"2021-09-20T09:31:29","guid":{"rendered":"https:\/\/www.parthages.be\/eboutique\/?post_type=product&#038;p=1968"},"modified":"2022-03-23T17:24:05","modified_gmt":"2022-03-23T16:24:05","slug":"count-me-in","status":"publish","type":"product","link":"https:\/\/www.parthages.be\/eboutique\/produit\/count-me-in\/","title":{"rendered":"Count me in"},"content":{"rendered":"<p><strong>Count me in : a guide to inclusive physical activity sport and leisure for children with a disability<\/strong><\/p>\n<p><strong>Traduction\u00a0:<\/strong> <em>Comptez sur moi : guide pour l&rsquo;inclusion des enfants ayant un handicap par les loisirs, le sport et les activit\u00e9s physiques<\/em><\/p>\n<p>Ce guide a pour objectif de fournir aux professeurs, aux coaches, aux parents les outils n\u00e9cessaire pour l&rsquo;int\u00e9gration des enfants handicap\u00e9es aux activit\u00e9s physiques, sportives et de loisirs.\u00a0 Vous pourrez y retrouver des m\u00e9thodologies de bases, des conseils et des strat\u00e9gies applicables.<\/p>\n<p>Il aidera les personnes concern\u00e9es \u00e0 trouver des sch\u00e9mas de r\u00e9ponses aux probl\u00e8mes rencontr\u00e9s.<\/p>\n<p><strong><em>Livre en Anglais<\/em><\/strong><\/p>\n<p>Education and culture<\/p>\n<p>2006- 77p.<\/p>\n<p>Cote doc: 4-70-EDU-C<\/p>\n<p><strong><em>Uniquement \u00e0 la location<\/em><\/strong><\/p>\n<span class=\"et_bloom_bottom_trigger\"><\/span>","protected":false},"excerpt":{"rendered":"<p>Ce guide a pour objectif de fournir aux professeurs, aux coaches, aux parents les outils n\u00e9cessaire pour l&rsquo;int\u00e9gration des enfants handicap\u00e9es aux activit\u00e9s physiques, sportives et de loisirs<\/p>\n","protected":false},"featured_media":1969,"comment_status":"closed","ping_status":"closed","template":"","meta":{"_et_pb_use_builder":"","_et_pb_old_content":"","_et_gb_content_width":"","spay_email":""},"class_list":["post-1968","product","type-product","status-publish","has-post-thumbnail","hentry","product_cat-livres","product_tag-activite-de-groupe","product_tag-activite-physique","product_tag-aide","product_tag-handicap-physique","product_tag-integration","product_tag-sport"],"jetpack_sharing_enabled":true,"jetpack_likes_enabled":true,"_links":{"self":[{"href":"https:\/\/www.parthages.be\/eboutique\/wp-json\/wp\/v2\/product\/1968","targetHints":{"allow":["GET"]}}],"collection":[{"href":"https:\/\/www.parthages.be\/eboutique\/wp-json\/wp\/v2\/product"}],"about":[{"href":"https:\/\/www.parthages.be\/eboutique\/wp-json\/wp\/v2\/types\/product"}],"replies":[{"embeddable":true,"href":"https:\/\/www.parthages.be\/eboutique\/wp-json\/wp\/v2\/comments?post=1968"}],"wp:featuredmedia":[{"embeddable":true,"href":"https:\/\/www.parthages.be\/eboutique\/wp-json\/wp\/v2\/media\/1969"}],"wp:attachment":[{"href":"https:\/\/www.parthages.be\/eboutique\/wp-json\/wp\/v2\/media?parent=1968"}],"curies":[{"name":"wp","href":"https:\/\/api.w.org\/{rel}","templated":true}]}}