{"id":1976,"date":"2021-09-20T11:35:44","date_gmt":"2021-09-20T09:35:44","guid":{"rendered":"https:\/\/www.parthages.be\/eboutique\/?post_type=product&#038;p=1976"},"modified":"2021-09-20T11:35:44","modified_gmt":"2021-09-20T09:35:44","slug":"complicites-histoire-dun-spectacle","status":"publish","type":"product","link":"https:\/\/www.parthages.be\/eboutique\/produit\/complicites-histoire-dun-spectacle\/","title":{"rendered":"Complicit\u00e9s : histoire d&rsquo;un spectacle"},"content":{"rendered":"<p>D\u00e9clinaisons circassiennes et d\u00e9rapages (in)contr\u00f4l\u00e9s pour 11 artistes handicap\u00e9s mentaux et 7 artistes complices en Piste. Une invitation \u00e0 partager des histoires de rencontres, des r\u00e9cits de voyage, instantan\u00e9s, qui se donnent \u00e0 voir et \u00e0 vivre, \u00e0 c\u0153ur ouvert, ici et maintenant. Un peu d\u00e9cal\u00e9. Tout simplement\u2026<\/p>\n<p>Coproduction du Cr\u00e9ahm-Bxl, CREAtivit\u00e9 et Handicap Mental et de l\u2019Espace Catastrophe, Centre International de Recherche et de Cr\u00e9ation Cirque\/Rue\/Clown, autour de la cr\u00e9ation d\u2019un spectacle faisant se rencontrer, sur la Piste, des artistes handicap\u00e9s mentaux et des artistes professionnels, circassiens, performers, clowns et com\u00e9diens du geste.<\/p>\n<p>ANCION L.<\/p>\n<p>Pac \u00e9ditions<\/p>\n<p>2011-166p.<\/p>\n<p>ISBN\u00a0: 978-2-930524-24-5<\/p>\n<p>Cote doc\u00a0: 4-70-ANC-C<\/p>\n<p><strong><em>Uniquement \u00e0 la location<\/em><\/strong><\/p>\n<span class=\"et_bloom_bottom_trigger\"><\/span>","protected":false},"excerpt":{"rendered":"<p>D\u00e9clinaisons circassiennes et d\u00e9rapages (in)contr\u00f4l\u00e9s pour 11 artistes handicap\u00e9s mentaux et 7 artistes complices en Piste. Une invitation \u00e0 partager des histoires de rencontres, des r\u00e9cits de voyage, instantan\u00e9s, qui se donnent \u00e0 voir et \u00e0 vivre, \u00e0 c\u0153ur ouvert, ici et maintenant. Un peu d\u00e9cal\u00e9. Tout simplement\u2026<\/p>\n","protected":false},"featured_media":1977,"comment_status":"closed","ping_status":"closed","template":"","meta":{"_et_pb_use_builder":"","_et_pb_old_content":"","_et_gb_content_width":"","spay_email":""},"class_list":["post-1976","product","type-product","status-publish","has-post-thumbnail","hentry","product_cat-livres","product_tag-creativite","product_tag-culture","product_tag-personne-handicapee","product_tag-spectacle"],"jetpack_sharing_enabled":true,"jetpack_likes_enabled":true,"_links":{"self":[{"href":"https:\/\/www.parthages.be\/eboutique\/wp-json\/wp\/v2\/product\/1976","targetHints":{"allow":["GET"]}}],"collection":[{"href":"https:\/\/www.parthages.be\/eboutique\/wp-json\/wp\/v2\/product"}],"about":[{"href":"https:\/\/www.parthages.be\/eboutique\/wp-json\/wp\/v2\/types\/product"}],"replies":[{"embeddable":true,"href":"https:\/\/www.parthages.be\/eboutique\/wp-json\/wp\/v2\/comments?post=1976"}],"wp:featuredmedia":[{"embeddable":true,"href":"https:\/\/www.parthages.be\/eboutique\/wp-json\/wp\/v2\/media\/1977"}],"wp:attachment":[{"href":"https:\/\/www.parthages.be\/eboutique\/wp-json\/wp\/v2\/media?parent=1976"}],"curies":[{"name":"wp","href":"https:\/\/api.w.org\/{rel}","templated":true}]}}