{"id":20,"date":"2012-09-24T11:37:53","date_gmt":"2012-09-24T09:37:53","guid":{"rendered":"https:\/\/www.parthages.be\/wordpress\/produit\/choisir-le-bon-psy\/"},"modified":"2022-03-01T14:02:24","modified_gmt":"2022-03-01T13:02:24","slug":"choisir-le-bon-psy","status":"publish","type":"product","link":"https:\/\/www.parthages.be\/eboutique\/produit\/choisir-le-bon-psy\/","title":{"rendered":"Choisir le bon psy!"},"content":{"rendered":"<p>Psychanalyse, hypnose, art-th\u00e9rapie, sophrologie, th\u00e9rapie comportementale, cognitive, corporelle, familiale ou de groupe&#8230; La richesse de l&rsquo;esprit humain et sa complexit\u00e9 ont donn\u00e9 lieu \u00e0 myriade de th\u00e9rapies : longues ou br\u00e8ves, psychiques ou somatiques, s\u00e9rieuses ou farfelues, efficaces ou toxiques&#8230; Si l&rsquo;univers des psychoth\u00e9rapies promet le meilleur, il peut parfois offrir le pire ! Comment ne pas s&rsquo;y perdre et \u00e9viter les pi\u00e8ges ? Pourquoi est-il si important de choisir le \u00a0\u00bb bon \u00a0\u00bb psy ? Et comment choisir la th\u00e9rapie la mieux adapt\u00e9e aux probl\u00e9matiques de chacun ? Un test guide vous aidera ici \u00e0 vous orienter parmi les th\u00e9rapies. A identifier aussi les courants, les id\u00e9es, les techniques qui vous correspondent. Ce livre vous invite \u00e0 mieux cerner ce qui se cache derri\u00e8re votre d\u00e9marche \u00a0\u00bb psy \u00a0\u00bb : le d\u00e9sir de mieux vous conna\u00eetre, le souhait de changer un comportement, de soigner un mal-\u00eatre, de sortir rapidement de pens\u00e9es destructrices ou simplement&#8230; de vivre mieux ! (Pr\u00e9sentation de l\u2019\u00e9diteur)<\/p>\n<p>SAAB V.<\/p>\n<p>Editions Jouvence<\/p>\n<p>2011- 176p.<\/p>\n<p>ISBN\u00a0: 978-2-88353-900-6<\/p>\n<p>Cote doc\u00a0: 3-10-SAA-C<\/p>\n<p><strong><em>Uniquement \u00e0 la location<\/em><\/strong><\/p>\n<span class=\"et_bloom_bottom_trigger\"><\/span>","protected":false},"excerpt":{"rendered":"<p>Psychanalyse, hypnose, art-th\u00e9rapie, sophrologie, th\u00e9rapie comportementale, cognitive, corporelle, familiale ou de groupe&#8230;<\/p>\n","protected":false},"featured_media":1443,"comment_status":"open","ping_status":"closed","template":"","meta":{"_et_pb_use_builder":"","_et_pb_old_content":"","_et_gb_content_width":"","spay_email":""},"class_list":["post-20","product","type-product","status-publish","has-post-thumbnail","hentry","product_cat-livres","product_tag-bien-etre","product_tag-epanouissement-personnel","product_tag-outil","product_tag-psychanalyse","product_tag-psychologie","product_tag-psychotherapie"],"jetpack_sharing_enabled":true,"jetpack_likes_enabled":true,"_links":{"self":[{"href":"https:\/\/www.parthages.be\/eboutique\/wp-json\/wp\/v2\/product\/20","targetHints":{"allow":["GET"]}}],"collection":[{"href":"https:\/\/www.parthages.be\/eboutique\/wp-json\/wp\/v2\/product"}],"about":[{"href":"https:\/\/www.parthages.be\/eboutique\/wp-json\/wp\/v2\/types\/product"}],"replies":[{"embeddable":true,"href":"https:\/\/www.parthages.be\/eboutique\/wp-json\/wp\/v2\/comments?post=20"}],"wp:featuredmedia":[{"embeddable":true,"href":"https:\/\/www.parthages.be\/eboutique\/wp-json\/wp\/v2\/media\/1443"}],"wp:attachment":[{"href":"https:\/\/www.parthages.be\/eboutique\/wp-json\/wp\/v2\/media?parent=20"}],"curies":[{"name":"wp","href":"https:\/\/api.w.org\/{rel}","templated":true}]}}